{"id":7351,"date":"2025-09-02T14:21:35","date_gmt":"2025-09-02T19:21:35","guid":{"rendered":"https:\/\/www.ubcmillwrights.ca\/comite-de-mobilisation-des-membres\/"},"modified":"2025-09-12T14:01:07","modified_gmt":"2025-09-12T19:01:07","slug":"comite-de-mobilisation-des-membres","status":"publish","type":"page","link":"https:\/\/www.ubcmillwrights.ca\/fr\/comite-de-mobilisation-des-membres\/","title":{"rendered":"Comit\u00e9 de mobilisation des membres (CMM)"},"content":{"rendered":"<div class=\"fusion-fullwidth fullwidth-box fusion-builder-row-1 fusion-flex-container has-pattern-background has-mask-background nonhundred-percent-fullwidth non-hundred-percent-height-scrolling\" style=\"--awb-border-radius-top-left:0px;--awb-border-radius-top-right:0px;--awb-border-radius-bottom-right:0px;--awb-border-radius-bottom-left:0px;--awb-padding-top:60px;--awb-padding-bottom:60px;--awb-padding-top-medium:30px;--awb-padding-bottom-medium:30px;\" ><div class=\"fusion-builder-row fusion-row fusion-flex-align-items-flex-start\" style=\"max-width:1248px;margin-left: calc(-4% \/ 2 );margin-right: calc(-4% \/ 2 );\"><div class=\"fusion-layout-column fusion_builder_column fusion-builder-column-0 fusion_builder_column_1_1 1_1 fusion-flex-column\" style=\"--awb-bg-size:cover;--awb-width-large:100%;--awb-margin-top-large:0px;--awb-spacing-right-large:1.92%;--awb-margin-bottom-large:0px;--awb-spacing-left-large:1.92%;--awb-width-medium:100%;--awb-order-medium:0;--awb-spacing-right-medium:1.92%;--awb-spacing-left-medium:1.92%;--awb-width-small:100%;--awb-order-small:0;--awb-spacing-right-small:1.92%;--awb-spacing-left-small:1.92%;\"><div class=\"fusion-column-wrapper fusion-column-has-shadow fusion-flex-justify-content-flex-start fusion-content-layout-column\"><div class=\"fusion-text fusion-text-1\"><h1>Comit\u00e9 de mobilisation des membres (CMM)<\/h1>\n<h2>Restez \u00e0 l\u2019aff\u00fbt pour plus d\u2019information<\/h2>\n<p>Cette page est en cours de d\u00e9veloppement. Le Comit\u00e9 de mobilisation des membres (CMM) est d\u00e9termin\u00e9 \u00e0 rapprocher les membres, \u00e0 soutenir leur d\u00e9veloppement professionnel et \u00e0 b\u00e2tir une communaut\u00e9 de millwrights plus forte.<\/p>\n<p>Veuillez revenir bient\u00f4t pour des mises \u00e0 jour sur les programmes, les ressources et les occasions offertes.<\/p>\n<\/div><\/div><\/div><div class=\"fusion-layout-column fusion_builder_column fusion-builder-column-1 fusion_builder_column_1_4 1_4 fusion-flex-column\" style=\"--awb-bg-size:cover;--awb-width-large:25%;--awb-margin-top-large:30px;--awb-spacing-right-large:7.68%;--awb-margin-bottom-large:15px;--awb-spacing-left-large:7.68%;--awb-width-medium:25%;--awb-order-medium:0;--awb-spacing-right-medium:7.68%;--awb-spacing-left-medium:7.68%;--awb-width-small:100%;--awb-order-small:0;--awb-spacing-right-small:1.92%;--awb-spacing-left-small:1.92%;\"><div class=\"fusion-column-wrapper fusion-column-has-shadow fusion-flex-justify-content-flex-start fusion-content-layout-column\"><div class=\"fusion-image-element \" style=\"--awb-aspect-ratio:1 \/ 1;--awb-caption-title-size:var(--h2_typography-font-size);--awb-caption-title-transform:var(--h2_typography-text-transform);--awb-caption-title-line-height:var(--h2_typography-line-height);--awb-caption-title-letter-spacing:var(--h2_typography-letter-spacing);\"><span class=\" fusion-imageframe imageframe-none imageframe-1 hover-type-none has-aspect-ratio\"><img decoding=\"async\" width=\"2560\" height=\"2226\" alt=\"EDIA Awards - Duncan McIntosh, Sarah Israel, Alaura Jaggernath, Brad Dewey\" title=\"EDIA Awards &#8211; Duncan McIntosh, Sarah Israel, Alaura Jaggernath, Brad Dewey\" src=\"http:\/\/www.ubcmillwrights.ca\/wp-content\/uploads\/2024\/06\/EDIA-Awards-Duncan-McIntosh-Sarah-Israel-Alaura-Jaggernath-Brad-Dewey-scaled.jpg\" class=\"img-responsive wp-image-6176 img-with-aspect-ratio\" srcset=\"https:\/\/www.ubcmillwrights.ca\/wp-content\/uploads\/2024\/06\/EDIA-Awards-Duncan-McIntosh-Sarah-Israel-Alaura-Jaggernath-Brad-Dewey-200x174.jpg 200w, https:\/\/www.ubcmillwrights.ca\/wp-content\/uploads\/2024\/06\/EDIA-Awards-Duncan-McIntosh-Sarah-Israel-Alaura-Jaggernath-Brad-Dewey-400x348.jpg 400w, https:\/\/www.ubcmillwrights.ca\/wp-content\/uploads\/2024\/06\/EDIA-Awards-Duncan-McIntosh-Sarah-Israel-Alaura-Jaggernath-Brad-Dewey-600x522.jpg 600w, https:\/\/www.ubcmillwrights.ca\/wp-content\/uploads\/2024\/06\/EDIA-Awards-Duncan-McIntosh-Sarah-Israel-Alaura-Jaggernath-Brad-Dewey-800x696.jpg 800w, https:\/\/www.ubcmillwrights.ca\/wp-content\/uploads\/2024\/06\/EDIA-Awards-Duncan-McIntosh-Sarah-Israel-Alaura-Jaggernath-Brad-Dewey-1200x1043.jpg 1200w, https:\/\/www.ubcmillwrights.ca\/wp-content\/uploads\/2024\/06\/EDIA-Awards-Duncan-McIntosh-Sarah-Israel-Alaura-Jaggernath-Brad-Dewey-scaled.jpg 2560w\" sizes=\"(max-width: 991px) 100vw, 400px\" \/><\/span><\/div><\/div><\/div><div class=\"fusion-layout-column fusion_builder_column fusion-builder-column-2 fusion_builder_column_1_4 1_4 fusion-flex-column\" style=\"--awb-bg-size:cover;--awb-width-large:25%;--awb-margin-top-large:30px;--awb-spacing-right-large:7.68%;--awb-margin-bottom-large:15px;--awb-spacing-left-large:7.68%;--awb-width-medium:25%;--awb-order-medium:0;--awb-spacing-right-medium:7.68%;--awb-spacing-left-medium:7.68%;--awb-width-small:100%;--awb-order-small:0;--awb-spacing-right-small:1.92%;--awb-spacing-left-small:1.92%;\"><div class=\"fusion-column-wrapper fusion-column-has-shadow fusion-flex-justify-content-flex-start fusion-content-layout-column\"><div class=\"fusion-image-element \" style=\"--awb-aspect-ratio:1 \/ 1;--awb-caption-title-size:var(--h2_typography-font-size);--awb-caption-title-transform:var(--h2_typography-text-transform);--awb-caption-title-line-height:var(--h2_typography-line-height);--awb-caption-title-letter-spacing:var(--h2_typography-letter-spacing);\"><span class=\" fusion-imageframe imageframe-none imageframe-2 hover-type-none has-aspect-ratio\"><img decoding=\"async\" width=\"1444\" height=\"963\" title=\"ELMO5349\" src=\"http:\/\/www.ubcmillwrights.ca\/wp-content\/uploads\/2025\/09\/ELMO5349.jpg\" class=\"img-responsive wp-image-7329 img-with-aspect-ratio\" alt srcset=\"https:\/\/www.ubcmillwrights.ca\/wp-content\/uploads\/2025\/09\/ELMO5349-200x133.jpg 200w, https:\/\/www.ubcmillwrights.ca\/wp-content\/uploads\/2025\/09\/ELMO5349-400x267.jpg 400w, https:\/\/www.ubcmillwrights.ca\/wp-content\/uploads\/2025\/09\/ELMO5349-600x400.jpg 600w, https:\/\/www.ubcmillwrights.ca\/wp-content\/uploads\/2025\/09\/ELMO5349-800x534.jpg 800w, https:\/\/www.ubcmillwrights.ca\/wp-content\/uploads\/2025\/09\/ELMO5349-1200x800.jpg 1200w, https:\/\/www.ubcmillwrights.ca\/wp-content\/uploads\/2025\/09\/ELMO5349.jpg 1444w\" sizes=\"(max-width: 991px) 100vw, 400px\" \/><\/span><\/div><\/div><\/div><div class=\"fusion-layout-column fusion_builder_column fusion-builder-column-3 fusion_builder_column_1_4 1_4 fusion-flex-column\" style=\"--awb-bg-size:cover;--awb-width-large:25%;--awb-margin-top-large:30px;--awb-spacing-right-large:7.68%;--awb-margin-bottom-large:15px;--awb-spacing-left-large:7.68%;--awb-width-medium:25%;--awb-order-medium:0;--awb-spacing-right-medium:7.68%;--awb-spacing-left-medium:7.68%;--awb-width-small:100%;--awb-order-small:0;--awb-margin-top-small:15px;--awb-spacing-right-small:1.92%;--awb-spacing-left-small:1.92%;\"><div class=\"fusion-column-wrapper fusion-column-has-shadow fusion-flex-justify-content-flex-start fusion-content-layout-column\"><div class=\"fusion-image-element \" style=\"--awb-aspect-ratio:1 \/ 1;--awb-caption-title-size:var(--h2_typography-font-size);--awb-caption-title-transform:var(--h2_typography-text-transform);--awb-caption-title-line-height:var(--h2_typography-line-height);--awb-caption-title-letter-spacing:var(--h2_typography-letter-spacing);\"><span class=\" fusion-imageframe imageframe-none imageframe-3 hover-type-none has-aspect-ratio\"><img decoding=\"async\" width=\"2560\" height=\"1920\" title=\"IMG_8062\" src=\"http:\/\/www.ubcmillwrights.ca\/wp-content\/uploads\/2025\/09\/IMG_8062-scaled.jpg\" class=\"img-responsive wp-image-7331 img-with-aspect-ratio\" alt srcset=\"https:\/\/www.ubcmillwrights.ca\/wp-content\/uploads\/2025\/09\/IMG_8062-200x150.jpg 200w, https:\/\/www.ubcmillwrights.ca\/wp-content\/uploads\/2025\/09\/IMG_8062-400x300.jpg 400w, https:\/\/www.ubcmillwrights.ca\/wp-content\/uploads\/2025\/09\/IMG_8062-600x450.jpg 600w, https:\/\/www.ubcmillwrights.ca\/wp-content\/uploads\/2025\/09\/IMG_8062-800x600.jpg 800w, https:\/\/www.ubcmillwrights.ca\/wp-content\/uploads\/2025\/09\/IMG_8062-1200x900.jpg 1200w, https:\/\/www.ubcmillwrights.ca\/wp-content\/uploads\/2025\/09\/IMG_8062-scaled.jpg 2560w\" sizes=\"(max-width: 991px) 100vw, 400px\" \/><\/span><\/div><\/div><\/div><div class=\"fusion-layout-column fusion_builder_column fusion-builder-column-4 fusion_builder_column_1_4 1_4 fusion-flex-column\" style=\"--awb-bg-size:cover;--awb-width-large:25%;--awb-margin-top-large:30px;--awb-spacing-right-large:7.68%;--awb-margin-bottom-large:15px;--awb-spacing-left-large:7.68%;--awb-width-medium:25%;--awb-order-medium:0;--awb-spacing-right-medium:7.68%;--awb-spacing-left-medium:7.68%;--awb-width-small:100%;--awb-order-small:0;--awb-margin-top-small:15px;--awb-spacing-right-small:1.92%;--awb-spacing-left-small:1.92%;\"><div class=\"fusion-column-wrapper fusion-column-has-shadow fusion-flex-justify-content-flex-start fusion-content-layout-column\"><div class=\"fusion-image-element \" style=\"--awb-aspect-ratio:1 \/ 1;--awb-caption-title-size:var(--h2_typography-font-size);--awb-caption-title-transform:var(--h2_typography-text-transform);--awb-caption-title-line-height:var(--h2_typography-line-height);--awb-caption-title-letter-spacing:var(--h2_typography-letter-spacing);\"><span class=\" fusion-imageframe imageframe-none imageframe-4 hover-type-none has-aspect-ratio\"><img decoding=\"async\" width=\"2560\" height=\"1920\" title=\"IMG_8096\" src=\"http:\/\/www.ubcmillwrights.ca\/wp-content\/uploads\/2025\/09\/IMG_8096-scaled.jpg\" class=\"img-responsive wp-image-7333 img-with-aspect-ratio\" alt srcset=\"https:\/\/www.ubcmillwrights.ca\/wp-content\/uploads\/2025\/09\/IMG_8096-200x150.jpg 200w, https:\/\/www.ubcmillwrights.ca\/wp-content\/uploads\/2025\/09\/IMG_8096-400x300.jpg 400w, https:\/\/www.ubcmillwrights.ca\/wp-content\/uploads\/2025\/09\/IMG_8096-600x450.jpg 600w, https:\/\/www.ubcmillwrights.ca\/wp-content\/uploads\/2025\/09\/IMG_8096-800x600.jpg 800w, https:\/\/www.ubcmillwrights.ca\/wp-content\/uploads\/2025\/09\/IMG_8096-1200x900.jpg 1200w, https:\/\/www.ubcmillwrights.ca\/wp-content\/uploads\/2025\/09\/IMG_8096-scaled.jpg 2560w\" sizes=\"(max-width: 991px) 100vw, 400px\" \/><\/span><\/div><\/div><\/div><\/div><\/div>\n","protected":false},"excerpt":{"rendered":"","protected":false},"author":2,"featured_media":0,"parent":0,"menu_order":4,"comment_status":"closed","ping_status":"closed","template":"100-width.php","meta":{"_acf_changed":false,"content-type":"","footnotes":"","_links_to":"","_links_to_target":""},"class_list":["post-7351","page","type-page","status-publish","hentry"],"acf":[],"_links":{"self":[{"href":"https:\/\/www.ubcmillwrights.ca\/fr\/wp-json\/wp\/v2\/pages\/7351","targetHints":{"allow":["GET"]}}],"collection":[{"href":"https:\/\/www.ubcmillwrights.ca\/fr\/wp-json\/wp\/v2\/pages"}],"about":[{"href":"https:\/\/www.ubcmillwrights.ca\/fr\/wp-json\/wp\/v2\/types\/page"}],"author":[{"embeddable":true,"href":"https:\/\/www.ubcmillwrights.ca\/fr\/wp-json\/wp\/v2\/users\/2"}],"replies":[{"embeddable":true,"href":"https:\/\/www.ubcmillwrights.ca\/fr\/wp-json\/wp\/v2\/comments?post=7351"}],"version-history":[{"count":3,"href":"https:\/\/www.ubcmillwrights.ca\/fr\/wp-json\/wp\/v2\/pages\/7351\/revisions"}],"predecessor-version":[{"id":7354,"href":"https:\/\/www.ubcmillwrights.ca\/fr\/wp-json\/wp\/v2\/pages\/7351\/revisions\/7354"}],"wp:attachment":[{"href":"https:\/\/www.ubcmillwrights.ca\/fr\/wp-json\/wp\/v2\/media?parent=7351"}],"curies":[{"name":"wp","href":"https:\/\/api.w.org\/{rel}","templated":true}]}}