{"id":534,"date":"2022-10-20T17:48:43","date_gmt":"2022-10-20T22:48:43","guid":{"rendered":"http:\/\/ubcmillwrights.ca\/become-a-millwright\/careers\/"},"modified":"2025-06-13T09:47:21","modified_gmt":"2025-06-13T14:47:21","slug":"carrieres","status":"publish","type":"page","link":"https:\/\/www.ubcmillwrights.ca\/fr\/carrieres\/","title":{"rendered":"Carri\u00e8res"},"content":{"rendered":"<p><div class=\"fusion-fullwidth fullwidth-box fusion-builder-row-1 fusion-flex-container has-pattern-background has-mask-background nonhundred-percent-fullwidth non-hundred-percent-height-scrolling\" style=\"--awb-border-radius-top-left:0px;--awb-border-radius-top-right:0px;--awb-border-radius-bottom-right:0px;--awb-border-radius-bottom-left:0px;--awb-padding-top:60px;--awb-padding-bottom:60px;--awb-padding-top-medium:30px;--awb-padding-bottom-medium:30px;\" ><div class=\"fusion-builder-row fusion-row fusion-flex-align-items-flex-start\" style=\"max-width:1248px;margin-left: calc(-4% \/ 2 );margin-right: calc(-4% \/ 2 );\"><div class=\"fusion-layout-column fusion_builder_column fusion-builder-column-0 fusion_builder_column_1_1 1_1 fusion-flex-column\" style=\"--awb-bg-size:cover;--awb-width-large:100%;--awb-margin-top-large:0px;--awb-spacing-right-large:1.92%;--awb-margin-bottom-large:0px;--awb-spacing-left-large:1.92%;--awb-width-medium:100%;--awb-order-medium:0;--awb-spacing-right-medium:1.92%;--awb-spacing-left-medium:1.92%;--awb-width-small:100%;--awb-order-small:0;--awb-spacing-right-small:1.92%;--awb-spacing-left-small:1.92%;\"><div class=\"fusion-column-wrapper fusion-column-has-shadow fusion-flex-justify-content-flex-start fusion-content-layout-column\"><div class=\"fusion-text fusion-text-1\"><h1>Possibilit\u00e9s de carri\u00e8re<\/h1>\n<p>Expertise ax\u00e9e sur la s\u00e9curit\u00e9 et ax\u00e9e sur la qualit\u00e9. Une main-d\u2019\u0153uvre d\u00e9di\u00e9e \u00e0 vos besoins<\/p>\n<\/div><\/div><\/div><div class=\"fusion-layout-column fusion_builder_column fusion-builder-column-1 fusion_builder_column_1_2 1_2 fusion-flex-column\" style=\"--awb-bg-size:cover;--awb-width-large:50%;--awb-margin-top-large:0px;--awb-spacing-right-large:3.84%;--awb-margin-bottom-large:30px;--awb-spacing-left-large:3.84%;--awb-width-medium:50%;--awb-order-medium:0;--awb-spacing-right-medium:3.84%;--awb-spacing-left-medium:3.84%;--awb-width-small:100%;--awb-order-small:0;--awb-spacing-right-small:1.92%;--awb-spacing-left-small:1.92%;\"><div class=\"fusion-column-wrapper fusion-column-has-shadow fusion-flex-justify-content-flex-start fusion-content-layout-column\"><div class=\"fusion-image-element \" style=\"--awb-caption-title-size:var(--h2_typography-font-size);--awb-caption-title-transform:var(--h2_typography-text-transform);--awb-caption-title-line-height:var(--h2_typography-line-height);--awb-caption-title-letter-spacing:var(--h2_typography-letter-spacing);\"><span class=\" fusion-imageframe imageframe-none imageframe-1 hover-type-none\"><img decoding=\"async\" width=\"1024\" height=\"540\" alt=\"Careers\" title=\"apprenticeship1\" src=\"http:\/\/www.ubcmillwrights.ca\/wp-content\/uploads\/2023\/05\/apprenticeship1.jpg\" class=\"img-responsive wp-image-4200\" srcset=\"https:\/\/www.ubcmillwrights.ca\/wp-content\/uploads\/2023\/05\/apprenticeship1-200x105.jpg 200w, https:\/\/www.ubcmillwrights.ca\/wp-content\/uploads\/2023\/05\/apprenticeship1-400x211.jpg 400w, https:\/\/www.ubcmillwrights.ca\/wp-content\/uploads\/2023\/05\/apprenticeship1-600x316.jpg 600w, https:\/\/www.ubcmillwrights.ca\/wp-content\/uploads\/2023\/05\/apprenticeship1-800x422.jpg 800w, https:\/\/www.ubcmillwrights.ca\/wp-content\/uploads\/2023\/05\/apprenticeship1.jpg 1024w\" sizes=\"(max-width: 991px) 100vw, 600px\" \/><\/span><\/div><\/div><\/div><div class=\"fusion-layout-column fusion_builder_column fusion-builder-column-2 fusion_builder_column_1_2 1_2 fusion-flex-column\" style=\"--awb-bg-size:cover;--awb-width-large:50%;--awb-margin-top-large:0px;--awb-spacing-right-large:3.84%;--awb-margin-bottom-large:30px;--awb-spacing-left-large:3.84%;--awb-width-medium:50%;--awb-order-medium:0;--awb-spacing-right-medium:3.84%;--awb-spacing-left-medium:3.84%;--awb-width-small:100%;--awb-order-small:0;--awb-spacing-right-small:1.92%;--awb-spacing-left-small:1.92%;\"><div class=\"fusion-column-wrapper fusion-column-has-shadow fusion-flex-justify-content-flex-start fusion-content-layout-column\"><div class=\"fusion-image-element \" style=\"--awb-caption-title-size:var(--h2_typography-font-size);--awb-caption-title-transform:var(--h2_typography-text-transform);--awb-caption-title-line-height:var(--h2_typography-line-height);--awb-caption-title-letter-spacing:var(--h2_typography-letter-spacing);\"><span class=\" fusion-imageframe imageframe-none imageframe-2 hover-type-none\"><img decoding=\"async\" width=\"1024\" height=\"540\" alt=\"Apprenticeship\" title=\"apprenticeship2\" src=\"http:\/\/www.ubcmillwrights.ca\/wp-content\/uploads\/2023\/01\/apprenticeship2.jpg\" class=\"img-responsive wp-image-2256\" srcset=\"https:\/\/www.ubcmillwrights.ca\/wp-content\/uploads\/2023\/01\/apprenticeship2-200x105.jpg 200w, https:\/\/www.ubcmillwrights.ca\/wp-content\/uploads\/2023\/01\/apprenticeship2-400x211.jpg 400w, https:\/\/www.ubcmillwrights.ca\/wp-content\/uploads\/2023\/01\/apprenticeship2-600x316.jpg 600w, https:\/\/www.ubcmillwrights.ca\/wp-content\/uploads\/2023\/01\/apprenticeship2-800x422.jpg 800w, https:\/\/www.ubcmillwrights.ca\/wp-content\/uploads\/2023\/01\/apprenticeship2.jpg 1024w\" sizes=\"(max-width: 991px) 100vw, 600px\" \/><\/span><\/div><\/div><\/div><div class=\"fusion-layout-column fusion_builder_column fusion-builder-column-3 fusion_builder_column_1_1 1_1 fusion-flex-column\" style=\"--awb-bg-size:cover;--awb-width-large:100%;--awb-margin-top-large:0px;--awb-spacing-right-large:1.92%;--awb-margin-bottom-large:0px;--awb-spacing-left-large:1.92%;--awb-width-medium:100%;--awb-order-medium:0;--awb-spacing-right-medium:1.92%;--awb-spacing-left-medium:1.92%;--awb-width-small:100%;--awb-order-small:0;--awb-spacing-right-small:1.92%;--awb-spacing-left-small:1.92%;\"><div class=\"fusion-column-wrapper fusion-column-has-shadow fusion-flex-justify-content-flex-start fusion-content-layout-column\"><div class=\"fusion-text fusion-text-2\"><h3 class=\"-capitalize\">Apprentissage<\/h3>\n<p><strong>Veuillez contacter votre bureau local de m\u00e9canicien industriel et parler \u00e0 l\u2019un de nos repr\u00e9sentants de service pour en savoir plus sur les possibilit\u00e9s d\u2019apprentissage \u00e0 venir dans votre r\u00e9gion.<\/strong><\/p>\n<p><strong>Colombie-Britannique \u2013 Local 2736<\/strong><br \/>\n<a class=\"-black-link\" href=\"http:\/\/www.ubcmillwrightslocal2736.ca\" target=\"_blank\" rel=\"noopener\">www.ubcmillwrightslocal2736.ca<\/a><\/p>\n<hr \/>\n<p><strong>Alberta &#8211; Local 1460<\/strong><br \/>\n<a class=\"-black-link\" href=\"http:\/\/www.ubcmillwrightslocal1460.ca\" target=\"_blank\" rel=\"noopener\">www.ubcmillwrightslocal1460.ca<\/a><\/p>\n<hr \/>\n<p><strong>Saskatchewan &#8211; Local 1021<\/strong><br \/>\n<a class=\"-black-link\" href=\"http:\/\/www.ubcmillwrightslocal1021.ca\" target=\" rel=\" rel=\"noopener\">www.ubcmillwrightslocal1021.ca<\/a><\/p>\n<hr \/>\n<p><strong>Manitoba &#8211; Local 1443<\/strong><br \/>\n<a class=\"-black-link\" href=\"http:\/\/www.ubcmillwrightslocal1443.ca\" target=\"_blank\" rel=\"noopener\">www.ubcmillwrightslocal1443.ca<\/a><\/p>\n<hr \/>\n<p><strong>Ontario &#8211; Thunder Bay &#8211; Local 1151<\/strong><br \/>\n<a class=\"-black-link\" href=\"http:\/\/www.ubcmillwrightslocal1151.ca\" target=\"_blank\" rel=\"noopener\">www.ubcmillwrightslocal1151.ca<\/a><\/p>\n<hr \/>\n<p><strong>Ontario &#8211; Windsor &#8211; Local 1244<\/strong><br \/>\n<a class=\"-black-link\" href=\"http:\/\/www.ubcmillwrightslocal1244.ca\" target=\"_blank\" rel=\"noopener\">www.ubcmillwrightslocal1244.ca<\/a><\/p>\n<hr \/>\n<p><strong>Ontario &#8211; Kingston &#8211; Local 1410<\/strong><br \/>\n<a class=\"-black-link\" href=\"http:\/\/www.ubcmillwrightslocal1410.ca\" target=\"_blank\" rel=\"noopener\">www.ubcmillwrightslocal1410.ca<\/a><\/p>\n<hr \/>\n<p><strong>Ontario &#8211; Sudbury &#8211; Local 1425<\/strong><br \/>\n<a class=\"-black-link\" href=\"http:\/\/www.ubcmillwrightslocal1425.ca\" target=\"_blank\" rel=\"noopener\">www.ubcmillwrightslocal1425.ca<\/a><\/p>\n<hr \/>\n<p><strong>Ontario &#8211; Sarnia &#8211; Local 1592<\/strong><br \/>\n<a class=\"-black-link\" href=\"http:\/\/www.ubcmillwrightslocal1592.ca\" target=\"_blank\" rel=\"noopener\">www.ubcmillwrightslocal1592.ca<\/a><\/p>\n<hr \/>\n<p><strong>Ontario &#8211; Hamilton &#8211; Local 1916<\/strong><br \/>\n<a class=\"-black-link\" href=\"http:\/\/www.ubcmillwrightslocal1916.ca\" target=\"_blank\" rel=\"noopener\">www.ubcmillwrightslocal1916.ca<\/a><\/p>\n<hr \/>\n<p><strong>Ontario &#8211; Toronto &#8211; Local 2309<\/strong><br \/>\n<a class=\"-black-link\" href=\"http:\/\/www.ubcmillwrightslocal2309.ca\" target=\"_blank\" rel=\"noopener\">www.ubcmillwrightslocal2309.ca<\/a><\/p>\n<hr \/>\n<p><strong>Qu\u00e9bec \u2013 Local 2182<\/strong><br \/>\n<a class=\"-black-link\" href=\"http:\/\/www.ubcmillwrightslocal2182.ca\" target=\"_blank\" rel=\"noopener\">www.ubcmillwrightslocal2182.ca<\/a><\/p>\n<hr \/>\n<p><strong>Nouveau-Brunswick \u2013 Local 2262<\/strong><br \/>\n<a class=\"-black-link\" href=\"http:\/\/www.ubcmillwrightslocal2262.ca\" target=\"_blank\" rel=\"noopener\">www.ubcmillwrightslocal2262.ca<\/a><\/p>\n<hr \/>\n<p><strong>Nouvelle-\u00c9cosse et \u00ce.-P.-\u00c9. \u2013 Local 1178<\/strong><br \/>\n<a class=\"-black-link\" href=\"http:\/\/www.ubcmillwrightslocal1178.ca\" target=\"_blank\" rel=\"noopener\">www.ubcmillwrightslocal1178.ca<\/a><\/p>\n<hr \/>\n<p><strong>Terre-Neuve-et-Labrador \u2013 Local 1009<\/strong><br \/>\n<a class=\"-black-link\" href=\"http:\/\/www.ubcmillwrightslocal1009.ca\" target=\"_blank\" rel=\"noopener\">www.ubcmillwrightslocal1009.ca<\/a><\/p>\n<\/div><\/div><\/div><\/div><\/div><div class=\"fusion-fullwidth fullwidth-box fusion-builder-row-2 fusion-flex-container has-pattern-background has-mask-background hexagon-bgnd -white nonhundred-percent-fullwidth non-hundred-percent-height-scrolling\" style=\"--awb-border-radius-top-left:0px;--awb-border-radius-top-right:0px;--awb-border-radius-bottom-right:0px;--awb-border-radius-bottom-left:0px;--awb-padding-top:60px;--awb-padding-bottom:60px;--awb-padding-top-medium:30px;--awb-padding-bottom-medium:30px;--awb-background-color:var(--awb-color2);\" ><div class=\"fusion-builder-row fusion-row fusion-flex-align-items-flex-start\" style=\"max-width:1248px;margin-left: calc(-4% \/ 2 );margin-right: calc(-4% \/ 2 );\"><div class=\"fusion-layout-column fusion_builder_column fusion-builder-column-4 fusion_builder_column_1_2 1_2 fusion-flex-column fusion-flex-align-self-center\" style=\"--awb-bg-size:cover;--awb-width-large:50%;--awb-margin-top-large:0px;--awb-spacing-right-large:3.84%;--awb-margin-bottom-large:0px;--awb-spacing-left-large:3.84%;--awb-width-medium:50%;--awb-order-medium:0;--awb-spacing-right-medium:3.84%;--awb-spacing-left-medium:3.84%;--awb-width-small:100%;--awb-order-small:0;--awb-spacing-right-small:1.92%;--awb-margin-bottom-small:30px;--awb-spacing-left-small:1.92%;\"><div class=\"fusion-column-wrapper fusion-column-has-shadow fusion-flex-justify-content-flex-start fusion-content-layout-column\"><div class=\"fusion-text fusion-text-3\"><h2>M\u00e9caniciens industriels compagnons<\/h2>\n<p>Les compagnons titulaires d\u2019un certificat de qualification de m\u00e9canicien industriel sont invit\u00e9s \u00e0 se renseigner sur les travaux suppl\u00e9mentaires potentiels de d\u00e9bordement en remplissant notre formulaire de carri\u00e8re et en discutant avec l\u2019un de nos repr\u00e9sentants commerciaux.<\/p>\n<\/div><div ><a class=\"fusion-button button-flat fusion-button-default-size button-custom fusion-button-default button-1 fusion-button-default-span fusion-button-default-type -underline\" style=\"--button_accent_color:var(--awb-color4);--button_accent_hover_color:var(--awb-color4);--button_border_hover_color:var(--awb-color1);--button_gradient_top_color:rgba(255,255,255,0);--button_gradient_bottom_color:rgba(255,255,255,0);--button_gradient_top_color_hover:rgba(255,255,255,0);--button_gradient_bottom_color_hover:rgba(255,255,255,0);--button_text_transform:uppercase;--button_font_size:16px;--button_line_height:1.1;--button_padding-top:0px;--button_padding-right:0px;--button_padding-bottom:0px;--button_padding-left:0px;--button_typography-letter-spacing:0.0em;--button_typography-font-family:&quot;Montserrat&quot;;--button_typography-font-style:normal;--button_typography-font-weight:600;\" target=\"_self\" data-hover=\"icon_slide\" href=\"https:\/\/www.ubcmillwrights.ca\/fr\/coordonnees\/devenir-mecanicien-industriel\/\"><span class=\"fusion-button-text\">CONTACTEZ-NOUS<\/span><i class=\"fa-arrow-right fas button-icon-right\" aria-hidden=\"true\"><\/i><\/a><\/div><\/div><\/div><div class=\"fusion-layout-column fusion_builder_column fusion-builder-column-5 fusion_builder_column_1_2 1_2 fusion-flex-column\" style=\"--awb-bg-size:cover;--awb-width-large:50%;--awb-margin-top-large:0px;--awb-spacing-right-large:3.84%;--awb-margin-bottom-large:0px;--awb-spacing-left-large:3.84%;--awb-width-medium:50%;--awb-order-medium:0;--awb-spacing-right-medium:3.84%;--awb-spacing-left-medium:3.84%;--awb-width-small:100%;--awb-order-small:0;--awb-spacing-right-small:1.92%;--awb-margin-bottom-small:30px;--awb-spacing-left-small:1.92%;\"><div class=\"fusion-column-wrapper fusion-column-has-shadow fusion-flex-justify-content-flex-start fusion-content-layout-column\"><div class=\"fusion-video fusion-vimeo\" style=\"--awb-max-width:600px;--awb-max-height:360px;\"><div class=\"video-shortcode\"><div class=\"fluid-width-video-wrapper\" style=\"padding-top:60%;\" ><iframe title=\"Vimeo video player 1\" src=\"https:\/\/player.vimeo.com\/video\/958115992?autoplay=0&autopause=0\" width=\"600\" height=\"360\" allowfullscreen allow=\"autoplay; fullscreen\"><\/iframe><\/div><\/div><\/div><\/div><\/div><\/div><\/div><div class=\"fusion-fullwidth fullwidth-box fusion-builder-row-3 fusion-flex-container has-pattern-background has-mask-background nonhundred-percent-fullwidth non-hundred-percent-height-scrolling\" style=\"--awb-border-radius-top-left:0px;--awb-border-radius-top-right:0px;--awb-border-radius-bottom-right:0px;--awb-border-radius-bottom-left:0px;--awb-padding-right-medium:0px;--awb-padding-left-medium:0px;\" ><div class=\"fusion-builder-row fusion-row fusion-flex-align-items-flex-start\" style=\"max-width:1248px;margin-left: calc(-4% \/ 2 );margin-right: calc(-4% \/ 2 );\"><div class=\"fusion-layout-column fusion_builder_column fusion-builder-column-6 fusion_builder_column_1_1 1_1 fusion-flex-column\" style=\"--awb-padding-top:75px;--awb-padding-right:100px;--awb-padding-bottom:75px;--awb-padding-left:100px;--awb-padding-top-medium:45px;--awb-padding-right-medium:0px;--awb-padding-bottom-medium:45px;--awb-padding-left-medium:0px;--awb-bg-size:cover;--awb-width-large:100%;--awb-margin-top-large:0px;--awb-spacing-right-large:1.92%;--awb-margin-bottom-large:0px;--awb-spacing-left-large:1.92%;--awb-width-medium:100%;--awb-order-medium:0;--awb-spacing-right-medium:1.92%;--awb-spacing-left-medium:1.92%;--awb-width-small:100%;--awb-order-small:0;--awb-spacing-right-small:1.92%;--awb-spacing-left-small:1.92%;\"><div class=\"fusion-column-wrapper fusion-column-has-shadow fusion-flex-justify-content-flex-start fusion-content-layout-column\"><div class=\"fusion-testimonials clean fusion-testimonials-1\" style=\"--awb-textcolor:var(--awb-color1);--awb-backgroundcolor:var(--awb-color4);--awb-margin-right:0px;--awb-margin-left:0px;\" data-random=\"0\" data-speed=\"4000\" id=\"TestimonialSlide\"><div class=\"reviews\"><div class=\"review active-testimonial avatar-image\"><div class=\"testimonial-thumbnail\"><img decoding=\"async\" class=\"testimonial-image\" src=\"http:\/\/ubcmillwrights.ca\/wp-content\/uploads\/2023\/01\/ontario-power-generation.jpg\" width=\"360\" height=\"125\" alt=\"Ontario Power Generation\" \/><\/div><blockquote class=\"testimonials-shortcode-blockquote\"><q class=\"fusion-clearfix\">\n<h5 style=\"text-align: left;\">\u00ab Chez OPG, nous sommes impressionn\u00e9s par le professionnalisme que nous constatons chez les m\u00e9caniciens industriels qui sont d\u00e9ploy\u00e9s pour travailler dans nos installations. Cela t\u00e9moigne du temps n\u00e9cessaire pour les former afin qu\u2019ils deviennent des travailleurs qualifi\u00e9s qui sont fiers de leur travail. \u00bb<\/h5>\n<h6 style=\"text-align: left;\">Bill Owens<br \/>\nVPS, Remise en \u00e9tat | Remise en \u00e9tat de l\u2019\u00e9nergie nucl\u00e9aire, Ontario Power Generation<\/h6>\n<\/q><\/blockquote><div class=\"author\"><span class=\"company-name\"><\/span><\/div><\/div><div class=\"review avatar-image\"><div class=\"testimonial-thumbnail\"><img decoding=\"async\" class=\"testimonial-image\" src=\"http:\/\/ubcmillwrights.ca\/wp-content\/uploads\/2023\/01\/atlantic-power-maintenance.jpg\" width=\"360\" height=\"125\" alt=\"APM - Atlantic Power Maintenance\" \/><\/div><blockquote class=\"testimonials-shortcode-blockquote\"><q class=\"fusion-clearfix\">\n<h5 style=\"text-align: left;\">\u00ab Dans l\u2019environnement d\u2019aujourd\u2019hui, vous devez continuellement vous am\u00e9liorer. Les m\u00e9caniciens industriels de l\u2019UBC sont les personnes les plus qualifi\u00e9es qui peuvent se trouver sur un chantier. \u00bb<\/h5>\n<h6 style=\"text-align: left;\">Rick Rives<br \/>\nPr\u00e9sident, Atlantic Plant Maintenance<\/h6>\n<\/q><\/blockquote><div class=\"author\"><span class=\"company-name\"><\/span><\/div><\/div><div class=\"review avatar-image\"><div class=\"testimonial-thumbnail\"><img decoding=\"async\" class=\"testimonial-image\" src=\"http:\/\/ubcmillwrights.ca\/wp-content\/uploads\/2023\/01\/siemens-westinghouse-logos.jpg\" width=\"360\" height=\"125\" alt=\"Siemens Westinghouse\" \/><\/div><blockquote class=\"testimonials-shortcode-blockquote\"><q class=\"fusion-clearfix\">\n<h5 style=\"text-align: left;\">\u00ab Les \u00e9quipes de m\u00e9caniciens industriels de l\u2019UBC sont tr\u00e8s productives, avec peu de blessures non enregistrables et aucune blessure enregistrable. Pour l\u2019enregistrement de plus de 100 000 heures travaill\u00e9es sur le travail jusqu\u2019\u00e0 pr\u00e9sent, ce n\u2019est pas trop mal. \u00bb<\/h5>\n<h6 style=\"text-align: left;\">Michael F. McCormick<br \/>\nPr\u00e9sident, Siemens Westinghouse Generation Services<\/h6>\n<\/q><\/blockquote><div class=\"author\"><span class=\"company-name\"><\/span><\/div><\/div><div class=\"review avatar-image\"><div class=\"testimonial-thumbnail\"><img decoding=\"async\" class=\"testimonial-image\" src=\"http:\/\/ubcmillwrights.ca\/wp-content\/uploads\/2023\/01\/black-mcdonald-logo.jpg\" width=\"360\" height=\"125\" alt=\"Black &amp; McDonald\" \/><\/div><blockquote class=\"testimonials-shortcode-blockquote\"><q class=\"fusion-clearfix\">\n<h5 style=\"text-align: left;\">\u00ab Les \u00e9quipes de m\u00e9caniciens industriels de l\u2019UBC apportent une richesse de connaissances, de comp\u00e9tences et de professionnalisme au travail sur notre site, deux \u00e9l\u00e9ments tr\u00e8s appr\u00e9ci\u00e9s dans notre environnement nucl\u00e9aire o\u00f9 la s\u00e9curit\u00e9 et la qualit\u00e9 sont nos priorit\u00e9s absolues. \u00bb<\/h5>\n<h6 style=\"text-align: left;\">Murray Hoggart<br \/>\nDirecteur du site Darlington, Black &amp; McDonald<\/h6>\n<\/q><\/blockquote><div class=\"author\"><span class=\"company-name\"><\/span><\/div><\/div><div class=\"review avatar-image\"><div class=\"testimonial-thumbnail\"><img decoding=\"async\" class=\"testimonial-image\" src=\"http:\/\/ubcmillwrights.ca\/wp-content\/uploads\/2023\/01\/conveyor-specialities-logo.jpg\" width=\"360\" height=\"125\" alt=\"Conveyor Specialities\" \/><\/div><blockquote class=\"testimonials-shortcode-blockquote\"><q class=\"fusion-clearfix\">\n<h5 style=\"text-align: left;\">\u00ab La performance et les attitudes des m\u00e9caniciens industriels de l\u2019UBC que nous avons vues dans tout le pays ont \u00e9t\u00e9 excellentes. Ils travaillent dur et ils travaillent en toute s\u00e9curit\u00e9. \u00bb<\/h5>\n<h6 style=\"text-align: left;\">Chris Stevens<br \/>\nPropri\u00e9taire, Conveyor Specialties<\/h6>\n<\/q><\/blockquote><div class=\"author\"><span class=\"company-name\"><\/span><\/div><\/div><div class=\"review avatar-image\"><div class=\"testimonial-thumbnail\"><img decoding=\"async\" class=\"testimonial-image\" src=\"http:\/\/ubcmillwrights.ca\/wp-content\/uploads\/2023\/01\/newell-machinery-company.jpg\" width=\"360\" height=\"125\" alt=\"Newell Machinery Company\" \/><\/div><blockquote class=\"testimonials-shortcode-blockquote\"><q class=\"fusion-clearfix\">\n<h5 style=\"text-align: left;\">\u00ab Les m\u00e9caniciens industriels de l\u2019UBC nous ont fourni une ressource fantastique pour la main-d\u2019\u0153uvre et nous ont ouvert toutes sortes de possibilit\u00e9s auxquelles nous n\u2019avions pas acc\u00e8s auparavant. \u00bb<\/h5>\n<h6 style=\"text-align: left;\">Greg Moharin<br \/>\nVice-pr\u00e9sident, Newell Machinery<\/h6>\n<\/q><\/blockquote><div class=\"author\"><span class=\"company-name\"><\/span><\/div><\/div><div class=\"review avatar-image\"><div class=\"testimonial-thumbnail\"><img decoding=\"async\" class=\"testimonial-image\" src=\"http:\/\/ubcmillwrights.ca\/wp-content\/uploads\/2023\/01\/arnoff-logo.jpg\" width=\"360\" height=\"125\" alt=\"Arnoff\" \/><\/div><blockquote class=\"testimonials-shortcode-blockquote\"><q class=\"fusion-clearfix\">\n<h5 style=\"text-align: left;\">\u00ab Les \u00e9quipes de m\u00e9caniciens industriels de l\u2019UBC se sont tr\u00e8s bien comport\u00e9es et elles ont \u00e9t\u00e9 tr\u00e8s professionnelles. L\u2019UBC nous a fourni un niveau d\u2019expertise qui d\u00e9passe nos attentes. L\u2019atout le plus important est leur ensemble de comp\u00e9tences. La formation que l\u2019UBC offre aux m\u00e9caniciens industriels est digne d\u2019\u00e9loges. \u00bb<\/h5>\n<h6 style=\"text-align: left;\">Mike Arnoff<br \/>\nPropri\u00e9taire, Arnoff (Mechanical Equipment) Moving<\/h6>\n<\/q><\/blockquote><div class=\"author\"><span class=\"company-name\"><\/span><\/div><\/div><\/div><div class=\"testimonial-pagination\" id=\"fusion-testimonials-1\"><a href=\"#\" aria-label=\"Testimonial Pagination\"  class=\"activeSlide\"><\/a><a href=\"#\" aria-label=\"Testimonial Pagination\" ><\/a><a href=\"#\" aria-label=\"Testimonial Pagination\" ><\/a><a href=\"#\" aria-label=\"Testimonial Pagination\" ><\/a><a href=\"#\" aria-label=\"Testimonial Pagination\" ><\/a><a href=\"#\" aria-label=\"Testimonial Pagination\" ><\/a><a href=\"#\" aria-label=\"Testimonial Pagination\" ><\/a><\/div><\/div><\/div><\/div><\/div><\/div><\/p>\n","protected":false},"excerpt":{"rendered":"","protected":false},"author":2,"featured_media":0,"parent":0,"menu_order":34,"comment_status":"closed","ping_status":"closed","template":"100-width.php","meta":{"_acf_changed":false,"content-type":"","footnotes":"","_links_to":"","_links_to_target":""},"class_list":["post-534","page","type-page","status-publish","hentry"],"acf":[],"_links":{"self":[{"href":"https:\/\/www.ubcmillwrights.ca\/fr\/wp-json\/wp\/v2\/pages\/534","targetHints":{"allow":["GET"]}}],"collection":[{"href":"https:\/\/www.ubcmillwrights.ca\/fr\/wp-json\/wp\/v2\/pages"}],"about":[{"href":"https:\/\/www.ubcmillwrights.ca\/fr\/wp-json\/wp\/v2\/types\/page"}],"author":[{"embeddable":true,"href":"https:\/\/www.ubcmillwrights.ca\/fr\/wp-json\/wp\/v2\/users\/2"}],"replies":[{"embeddable":true,"href":"https:\/\/www.ubcmillwrights.ca\/fr\/wp-json\/wp\/v2\/comments?post=534"}],"version-history":[{"count":31,"href":"https:\/\/www.ubcmillwrights.ca\/fr\/wp-json\/wp\/v2\/pages\/534\/revisions"}],"predecessor-version":[{"id":7161,"href":"https:\/\/www.ubcmillwrights.ca\/fr\/wp-json\/wp\/v2\/pages\/534\/revisions\/7161"}],"wp:attachment":[{"href":"https:\/\/www.ubcmillwrights.ca\/fr\/wp-json\/wp\/v2\/media?parent=534"}],"curies":[{"name":"wp","href":"https:\/\/api.w.org\/{rel}","templated":true}]}}