{"id":531,"date":"2022-10-20T17:48:24","date_gmt":"2022-10-20T22:48:24","guid":{"rendered":"http:\/\/ubcmillwrights.ca\/become-a-millwright\/joining-the-ubc-millwrights\/"},"modified":"2025-10-16T05:06:36","modified_gmt":"2025-10-16T10:06:36","slug":"rejoindre-les-mecanicien-industriel-de-l-ubc","status":"publish","type":"page","link":"https:\/\/www.ubcmillwrights.ca\/fr\/rejoindre-les-mecanicien-industriel-de-l-ubc\/","title":{"rendered":"Rejoindre les m\u00e9canicien industriel de l\u2019UBC"},"content":{"rendered":"<p><div class=\"fusion-fullwidth fullwidth-box fusion-builder-row-1 fusion-flex-container has-pattern-background has-mask-background nonhundred-percent-fullwidth non-hundred-percent-height-scrolling\" style=\"--awb-border-radius-top-left:0px;--awb-border-radius-top-right:0px;--awb-border-radius-bottom-right:0px;--awb-border-radius-bottom-left:0px;--awb-padding-top:60px;--awb-padding-bottom:60px;--awb-padding-top-medium:30px;--awb-padding-bottom-medium:30px;\" ><div class=\"fusion-builder-row fusion-row fusion-flex-align-items-flex-start\" style=\"max-width:1248px;margin-left: calc(-4% \/ 2 );margin-right: calc(-4% \/ 2 );\"><div class=\"fusion-layout-column fusion_builder_column fusion-builder-column-0 fusion_builder_column_1_1 1_1 fusion-flex-column\" style=\"--awb-bg-size:cover;--awb-width-large:100%;--awb-margin-top-large:0px;--awb-spacing-right-large:1.92%;--awb-margin-bottom-large:0px;--awb-spacing-left-large:1.92%;--awb-width-medium:100%;--awb-order-medium:0;--awb-spacing-right-medium:1.92%;--awb-spacing-left-medium:1.92%;--awb-width-small:100%;--awb-order-small:0;--awb-spacing-right-small:1.92%;--awb-margin-bottom-small:15px;--awb-spacing-left-small:1.92%;\"><div class=\"fusion-column-wrapper fusion-column-has-shadow fusion-flex-justify-content-flex-start fusion-content-layout-column\"><div class=\"fusion-text fusion-text-1\"><h1>Rejoindre les m\u00e9caniciens industriels de l\u2019UBC<\/h1>\n<p>Devenir m\u00e9canicien industriel \u00e0 l\u2019UBC signifie rejoindre un r\u00e9seau de centaines de milliers de r\u00e9solveurs de probl\u00e8mes hautement qualifi\u00e9s travaillant dans des industries \u00e0 travers l\u2019Am\u00e9rique du Nord et avoir acc\u00e8s \u00e0 une formation et \u00e0 des relations qui vous positionnent pour r\u00e9ussir votre carri\u00e8re.<\/p>\n<\/div><div ><a class=\"fusion-button button-flat fusion-button-default-size button-custom fusion-button-default button-1 fusion-button-default-span fusion-button-default-type\" style=\"--button_accent_color:var(--awb-color4);--button_border_color:var(--awb-color5);--button_accent_hover_color:var(--awb-color4);--button_border_hover_color:var(--awb-color1);--button-border-radius-top-left:0px;--button-border-radius-top-right:0px;--button-border-radius-bottom-right:0px;--button-border-radius-bottom-left:0px;--button_gradient_top_color:var(--awb-color5);--button_gradient_bottom_color:var(--awb-color5);--button_gradient_top_color_hover:var(--awb-color1);--button_gradient_bottom_color_hover:var(--awb-color1);--button_text_transform:uppercase;--button_font_size:14px;--button_line_height:1.1em;--button_typography-letter-spacing:0em;--button_typography-font-family:&quot;Montserrat&quot;;--button_typography-font-style:normal;--button_typography-font-weight:500;\" target=\"_self\" data-hover=\"icon_slide\" href=\"https:\/\/www.ubcmillwrights.ca\/fr\/coordonnees\/devenir-mecanicien-de-chantier\/\"><span class=\"fusion-button-text\">DEVENIR M\u00c9CANICIEN INDUSTRIEL<\/span><i class=\"fa-arrow-right fas button-icon-right\" aria-hidden=\"true\"><\/i><\/a><\/div><\/div><\/div><\/div><\/div><div class=\"fusion-fullwidth fullwidth-box fusion-builder-row-2 fusion-flex-container has-pattern-background has-mask-background -white hundred-percent-fullwidth non-hundred-percent-height-scrolling\" style=\"--awb-border-radius-top-left:0px;--awb-border-radius-top-right:0px;--awb-border-radius-bottom-right:0px;--awb-border-radius-bottom-left:0px;--awb-padding-right:0px;--awb-padding-left:0px;--awb-padding-right-medium:0px;--awb-padding-left-medium:0px;--awb-background-color:var(--awb-color2);\" ><div class=\"fusion-builder-row fusion-row fusion-flex-align-items-flex-start\" style=\"width:104% !important;max-width:104% !important;margin-left: calc(-4% \/ 2 );margin-right: calc(-4% \/ 2 );\"><div class=\"fusion-layout-column fusion_builder_column fusion-builder-column-1 fusion_builder_column_1_2 1_2 fusion-flex-column fusion-flex-align-self-stretch -max-height background45\" style=\"--awb-bg-image:url(&#039;http:\/\/www.ubcmillwrights.ca\/wp-content\/uploads\/2025\/10\/u_jo.jpg&#039;);--awb-bg-position:center center;--awb-bg-size:cover;--awb-width-large:50%;--awb-margin-top-large:0px;--awb-spacing-right-large:0px;--awb-margin-bottom-large:0px;--awb-spacing-left-large:0px;--awb-width-medium:50%;--awb-order-medium:0;--awb-spacing-right-medium:0px;--awb-spacing-left-medium:0px;--awb-width-small:100%;--awb-order-small:1;--awb-spacing-right-small:1.92%;--awb-spacing-left-small:1.92%;\"><div class=\"fusion-column-wrapper fusion-column-has-shadow fusion-flex-justify-content-flex-start fusion-content-layout-column fusion-empty-column-bg-image\" data-bg-url=\"http:\/\/www.ubcmillwrights.ca\/wp-content\/uploads\/2025\/10\/u_jo.jpg\"><img decoding=\"async\" class=\"fusion-empty-dims-img-placeholder fusion-no-large-visibility\" src=\"data:image\/gif;base64,R0lGODlhAQABAAAAACH5BAEKAAEALAAAAAABAAEAAAICTAEAOw==\"><\/div><\/div><div class=\"fusion-layout-column fusion_builder_column fusion-builder-column-2 fusion_builder_column_1_2 1_2 fusion-flex-column hexagon-bgnd-1\" style=\"--awb-padding-top:90px;--awb-padding-right:60px;--awb-padding-bottom:90px;--awb-padding-left:30px;--awb-padding-top-small:60px;--awb-padding-right-small:30px;--awb-padding-bottom-small:60px;--awb-padding-left-small:30px;--awb-bg-size:cover;--awb-width-large:50%;--awb-margin-top-large:0px;--awb-spacing-right-large:3.84%;--awb-margin-bottom-large:0px;--awb-spacing-left-large:3.84%;--awb-width-medium:50%;--awb-order-medium:0;--awb-spacing-right-medium:3.84%;--awb-spacing-left-medium:3.84%;--awb-width-small:100%;--awb-order-small:2;--awb-spacing-right-small:1.92%;--awb-spacing-left-small:1.92%;\"><div class=\"fusion-column-wrapper fusion-column-has-shadow fusion-flex-justify-content-flex-start fusion-content-layout-column\"><div class=\"fusion-text fusion-text-2\"><h2>Programmes de formation in\u00e9gal\u00e9s<\/h2>\n<p>La formation est l\u2019\u00e9pine dorsale de tous les m\u00e9caniciens industriels de l\u2019UBC. Nous pouvons travailler dans diff\u00e9rentes disciplines et avoir des domaines d\u2019expertise tr\u00e8s diff\u00e9rents, mais les m\u00e9caniciens industriels de l\u2019UBC sont connus comme la main-d\u2019\u0153uvre la plus qualifi\u00e9e de l\u2019industrie. Cela signifie la ma\u00eetrise des m\u00e9thodes d\u2019installation, de r\u00e9paration et d\u2019entretien les plus r\u00e9centes. Cela signifie la connaissance des derniers outils de l\u2019industrie. Et cela signifie respecter les mesures de s\u00e9curit\u00e9 les plus strictes. Notre formation est continuellement mise \u00e0 jour et \u00e9largie pour suivre le rythme des tendances de l\u2019industrie et des besoins des partenaires.<\/p>\n<\/div><div ><a class=\"fusion-button button-flat fusion-button-default-size button-custom fusion-button-default button-2 fusion-button-default-span fusion-button-default-type -underline\" style=\"--button_accent_color:var(--awb-color4);--button_accent_hover_color:var(--awb-color4);--button_border_hover_color:var(--awb-color1);--button_gradient_top_color:rgba(255,255,255,0);--button_gradient_bottom_color:rgba(255,255,255,0);--button_gradient_top_color_hover:rgba(255,255,255,0);--button_gradient_bottom_color_hover:rgba(255,255,255,0);--button_text_transform:uppercase;--button_font_size:16px;--button_line_height:1.1;--button_padding-top:0px;--button_padding-right:0px;--button_padding-bottom:0px;--button_padding-left:0px;--button_typography-letter-spacing:0.0em;--button_typography-font-family:&quot;Montserrat&quot;;--button_typography-font-style:normal;--button_typography-font-weight:600;\" target=\"_self\" data-hover=\"icon_slide\" href=\"https:\/\/www.ubcmillwrights.ca\/fr\/formation-de-mecanicien-de-chantier-de-l-ubc-programmes-de-ualification\/\"><span class=\"fusion-button-text\">POUR EN SAVOIR PLUS<\/span><i class=\"fa-arrow-right fas button-icon-right\" aria-hidden=\"true\"><\/i><\/a><\/div><\/div><\/div><div class=\"fusion-layout-column fusion_builder_column fusion-builder-column-3 fusion_builder_column_1_2 1_2 fusion-flex-column fusion-flex-align-self-center hexagon-bgnd-2\" style=\"--awb-padding-top:90px;--awb-padding-right:30px;--awb-padding-bottom:90px;--awb-padding-left:60px;--awb-padding-top-small:60px;--awb-padding-right-small:30px;--awb-padding-bottom-small:60px;--awb-padding-left-small:30px;--awb-bg-size:cover;--awb-width-large:50%;--awb-margin-top-large:0px;--awb-spacing-right-large:3.84%;--awb-margin-bottom-large:0px;--awb-spacing-left-large:3.84%;--awb-width-medium:50%;--awb-order-medium:0;--awb-spacing-right-medium:3.84%;--awb-spacing-left-medium:3.84%;--awb-width-small:100%;--awb-order-small:4;--awb-spacing-right-small:1.92%;--awb-spacing-left-small:1.92%;\"><div class=\"fusion-column-wrapper fusion-column-has-shadow fusion-flex-justify-content-flex-start fusion-content-layout-column\"><div class=\"fusion-text fusion-text-3\"><h2>Installations de pointe<\/h2>\n<p>Notre centre de formation international de 1,2 million de pieds carr\u00e9s \u00e0 Las Vegas est l\u2019installation la plus grande et la plus compl\u00e8te de ce type au monde. Sur ce campus, les m\u00e9caniciens industriels \u00e9largissent leurs comp\u00e9tences en travaillant sur des turbines \u00e0 gaz et \u00e0 vapeur, des compresseurs, des pompes, deux ponts roulants de 35 tonnes et quatre ponts roulants de 20 tonnes.<\/p>\n<p>Il s\u2019agit d\u2019un t\u00e9moignage florissant de l\u2019engagement de l\u2019UBC envers le d\u00e9veloppement des comp\u00e9tences et la productivit\u00e9, et de renforcer sa force en tant que syndicat et partenaire de l\u2019industrie.<\/p>\n<\/div><div ><a class=\"fusion-button button-flat fusion-button-default-size button-custom fusion-button-default button-3 fusion-button-default-span fusion-button-default-type -underline\" style=\"--button_accent_color:var(--awb-color4);--button_accent_hover_color:var(--awb-color4);--button_border_hover_color:var(--awb-color1);--button_gradient_top_color:rgba(255,255,255,0);--button_gradient_bottom_color:rgba(255,255,255,0);--button_gradient_top_color_hover:rgba(255,255,255,0);--button_gradient_bottom_color_hover:rgba(255,255,255,0);--button_text_transform:uppercase;--button_font_size:16px;--button_line_height:1.1;--button_padding-top:0px;--button_padding-right:0px;--button_padding-bottom:0px;--button_padding-left:0px;--button_typography-letter-spacing:0.0em;--button_typography-font-family:&quot;Montserrat&quot;;--button_typography-font-style:normal;--button_typography-font-weight:600;\" target=\"_blank\" rel=\"noopener noreferrer\" data-hover=\"icon_slide\" href=\"https:\/\/www.carpenters.org\/itc\/\"><span class=\"fusion-button-text\">EXPLOREZ LE CENTRE DE FORMATION INTERNATIONAL<\/span><i class=\"fa-arrow-right fas button-icon-right\" aria-hidden=\"true\"><\/i><\/a><\/div><\/div><\/div><div class=\"fusion-layout-column fusion_builder_column fusion-builder-column-4 fusion_builder_column_1_2 1_2 fusion-flex-column fusion-flex-align-self-stretch -max-height\" style=\"--awb-bg-image:url(&#039;http:\/\/ubcmillwrights.ca\/wp-content\/uploads\/2023\/01\/state-of-the-art-facilities.jpg&#039;);--awb-bg-position:center center;--awb-bg-size:cover;--awb-width-large:50%;--awb-margin-top-large:0px;--awb-spacing-right-large:0px;--awb-margin-bottom-large:0px;--awb-spacing-left-large:0px;--awb-width-medium:50%;--awb-order-medium:0;--awb-spacing-right-medium:0px;--awb-spacing-left-medium:0px;--awb-width-small:100%;--awb-order-small:3;--awb-spacing-right-small:1.92%;--awb-spacing-left-small:1.92%;\"><div class=\"fusion-column-wrapper fusion-column-has-shadow fusion-flex-justify-content-flex-start fusion-content-layout-column fusion-empty-column-bg-image\" data-bg-url=\"http:\/\/ubcmillwrights.ca\/wp-content\/uploads\/2023\/01\/state-of-the-art-facilities.jpg\"><img decoding=\"async\" class=\"fusion-empty-dims-img-placeholder fusion-no-large-visibility\" src=\"data:image\/gif;base64,R0lGODlhAQABAAAAACH5BAEKAAEALAAAAAABAAEAAAICTAEAOw==\"><\/div><\/div><div class=\"fusion-layout-column fusion_builder_column fusion-builder-column-5 fusion_builder_column_1_2 1_2 fusion-flex-column fusion-flex-align-self-stretch -max-height\" style=\"--awb-bg-image:url(&#039;http:\/\/www.ubcmillwrights.ca\/wp-content\/uploads\/2023\/05\/critical-industry-connections.jpg&#039;);--awb-bg-position:center center;--awb-bg-size:cover;--awb-width-large:50%;--awb-margin-top-large:0px;--awb-spacing-right-large:0px;--awb-margin-bottom-large:0px;--awb-spacing-left-large:0px;--awb-width-medium:50%;--awb-order-medium:0;--awb-spacing-right-medium:0px;--awb-spacing-left-medium:0px;--awb-width-small:100%;--awb-order-small:5;--awb-spacing-right-small:1.92%;--awb-spacing-left-small:1.92%;\"><div class=\"fusion-column-wrapper fusion-column-has-shadow fusion-flex-justify-content-flex-start fusion-content-layout-column fusion-empty-column-bg-image\" data-bg-url=\"http:\/\/www.ubcmillwrights.ca\/wp-content\/uploads\/2023\/05\/critical-industry-connections.jpg\"><img decoding=\"async\" class=\"fusion-empty-dims-img-placeholder fusion-no-large-visibility\" src=\"data:image\/gif;base64,R0lGODlhAQABAAAAACH5BAEKAAEALAAAAAABAAEAAAICTAEAOw==\"><\/div><\/div><div class=\"fusion-layout-column fusion_builder_column fusion-builder-column-6 fusion_builder_column_1_2 1_2 fusion-flex-column hexagon-bgnd-1\" style=\"--awb-padding-top:90px;--awb-padding-right:60px;--awb-padding-bottom:90px;--awb-padding-left:30px;--awb-padding-top-small:60px;--awb-padding-right-small:30px;--awb-padding-bottom-small:60px;--awb-padding-left-small:30px;--awb-bg-size:cover;--awb-width-large:50%;--awb-margin-top-large:0px;--awb-spacing-right-large:3.84%;--awb-margin-bottom-large:0px;--awb-spacing-left-large:3.84%;--awb-width-medium:50%;--awb-order-medium:0;--awb-spacing-right-medium:3.84%;--awb-spacing-left-medium:3.84%;--awb-width-small:100%;--awb-order-small:6;--awb-spacing-right-small:1.92%;--awb-spacing-left-small:1.92%;\"><div class=\"fusion-column-wrapper fusion-column-has-shadow fusion-flex-justify-content-flex-start fusion-content-layout-column\"><div class=\"fusion-text fusion-text-4\"><h2>Connexions critiques de l\u2019industrie<\/h2>\n<p>La formation fait partie de l\u2019histoire. Le r\u00e9seautage en est une autre. Devenir m\u00e9canicien industriel \u00e0 l\u2019UBC ouvre la porte \u00e0 des relations plus larges avec l\u2019industrie, offrant plus de possibilit\u00e9s d\u2019emploi, de meilleurs avantages sociaux, un salaire plus \u00e9lev\u00e9 et une long\u00e9vit\u00e9 de carri\u00e8re dans le domaine.<\/p>\n<p>Les m\u00e9caniciens industriels de l\u2019UBC sont des professionnels de la construction et de l\u2019entretien polyvalents qui poss\u00e8dent des comp\u00e9tences essentielles pour travailler dans des secteurs aussi divers que l\u2019automobile, l\u2019a\u00e9rospatiale, la transformation des aliments et la manutention des mat\u00e9riaux, l\u2019exploitation mini\u00e8re, la p\u00e9trochimie, l&rsquo;industrie pharmaceutique et la construction m\u00e9canique. Nous entretenons des relations \u00e9troites avec les principaux entrepreneurs et fabricants dans toutes ces industries, nos m\u00e9caniciens industriels ont une ligne de possibilit\u00e9 directe avec ces entit\u00e9s.<\/p>\n<\/div><div ><a class=\"fusion-button button-flat fusion-button-default-size button-custom fusion-button-default button-4 fusion-button-default-span fusion-button-default-type -underline\" style=\"--button_accent_color:var(--awb-color4);--button_accent_hover_color:var(--awb-color4);--button_border_hover_color:var(--awb-color1);--button_gradient_top_color:rgba(255,255,255,0);--button_gradient_bottom_color:rgba(255,255,255,0);--button_gradient_top_color_hover:rgba(255,255,255,0);--button_gradient_bottom_color_hover:rgba(255,255,255,0);--button_text_transform:uppercase;--button_font_size:16px;--button_line_height:1.1;--button_padding-top:0px;--button_padding-right:0px;--button_padding-bottom:0px;--button_padding-left:0px;--button_typography-letter-spacing:0.0em;--button_typography-font-family:&quot;Montserrat&quot;;--button_typography-font-style:normal;--button_typography-font-weight:600;\" target=\"_self\" data-hover=\"icon_slide\" href=\"https:\/\/www.ubcmillwrights.ca\/fr\/coordonnees\/devenir-mecanicien-de-chantier\/\"><span class=\"fusion-button-text\">DEVENIR M\u00c9CANICIEN INDUSTRIEL<\/span><i class=\"fa-arrow-right fas button-icon-right\" aria-hidden=\"true\"><\/i><\/a><\/div><\/div><\/div><\/div><\/div><div class=\"fusion-fullwidth fullwidth-box fusion-builder-row-3 fusion-flex-container has-pattern-background has-mask-background nonhundred-percent-fullwidth non-hundred-percent-height-scrolling\" style=\"--awb-border-radius-top-left:0px;--awb-border-radius-top-right:0px;--awb-border-radius-bottom-right:0px;--awb-border-radius-bottom-left:0px;--awb-padding-right-medium:0px;--awb-padding-left-medium:0px;\" ><div class=\"fusion-builder-row fusion-row fusion-flex-align-items-flex-start\" style=\"max-width:1248px;margin-left: calc(-4% \/ 2 );margin-right: calc(-4% \/ 2 );\"><div class=\"fusion-layout-column fusion_builder_column fusion-builder-column-7 fusion_builder_column_1_1 1_1 fusion-flex-column\" style=\"--awb-padding-top:75px;--awb-padding-right:100px;--awb-padding-bottom:75px;--awb-padding-left:100px;--awb-padding-top-medium:45px;--awb-padding-right-medium:0px;--awb-padding-bottom-medium:45px;--awb-padding-left-medium:0px;--awb-bg-size:cover;--awb-width-large:100%;--awb-margin-top-large:0px;--awb-spacing-right-large:1.92%;--awb-margin-bottom-large:0px;--awb-spacing-left-large:1.92%;--awb-width-medium:100%;--awb-order-medium:0;--awb-spacing-right-medium:1.92%;--awb-spacing-left-medium:1.92%;--awb-width-small:100%;--awb-order-small:0;--awb-spacing-right-small:1.92%;--awb-spacing-left-small:1.92%;\"><div class=\"fusion-column-wrapper fusion-column-has-shadow fusion-flex-justify-content-flex-start fusion-content-layout-column\"><div class=\"fusion-testimonials clean fusion-testimonials-1\" style=\"--awb-textcolor:var(--awb-color1);--awb-backgroundcolor:var(--awb-color4);--awb-margin-right:0px;--awb-margin-left:0px;\" data-random=\"0\" data-speed=\"4000\" id=\"TestimonialSlide\"><div class=\"reviews\"><div class=\"review active-testimonial avatar-image\"><div class=\"testimonial-thumbnail\"><img decoding=\"async\" class=\"testimonial-image\" src=\"http:\/\/ubcmillwrights.ca\/wp-content\/uploads\/2023\/01\/ontario-power-generation.jpg\" width=\"360\" height=\"125\" alt=\"Ontario Power Generation\" \/><\/div><blockquote class=\"testimonials-shortcode-blockquote\"><q class=\"fusion-clearfix\">\n<h5 style=\"text-align: left;\">\u00ab Chez OPG, nous sommes impressionn\u00e9s par le professionnalisme que nous constatons chez les m\u00e9caniciens industriels qui sont d\u00e9ploy\u00e9s pour travailler dans nos installations. Cela t\u00e9moigne du temps n\u00e9cessaire pour les former afin qu\u2019ils deviennent des travailleurs qualifi\u00e9s qui sont fiers de leur travail. \u00bb<\/h5>\n<h6 style=\"text-align: left;\">Bill Owens<br \/>\nVPS, Remise en \u00e9tat | Remise en \u00e9tat de l\u2019\u00e9nergie nucl\u00e9aire, Ontario Power Generation<\/h6>\n<\/q><\/blockquote><div class=\"author\"><span class=\"company-name\"><\/span><\/div><\/div><div class=\"review avatar-image\"><div class=\"testimonial-thumbnail\"><img decoding=\"async\" class=\"testimonial-image\" src=\"http:\/\/ubcmillwrights.ca\/wp-content\/uploads\/2023\/01\/atlantic-power-maintenance.jpg\" width=\"360\" height=\"125\" alt=\"APM - Atlantic Power Maintenance\" \/><\/div><blockquote class=\"testimonials-shortcode-blockquote\"><q class=\"fusion-clearfix\">\n<h5 style=\"text-align: left;\">\u00ab Dans l\u2019environnement d\u2019aujourd\u2019hui, vous devez continuellement vous am\u00e9liorer. Les m\u00e9caniciens industriels de l\u2019UBC sont les personnes les plus qualifi\u00e9es qui peuvent se trouver sur un chantier. \u00bb<\/h5>\n<h6 style=\"text-align: left;\">Rick Rives<br \/>\nPr\u00e9sident, Atlantic Plant Maintenance<\/h6>\n<\/q><\/blockquote><div class=\"author\"><span class=\"company-name\"><\/span><\/div><\/div><div class=\"review avatar-image\"><div class=\"testimonial-thumbnail\"><img decoding=\"async\" class=\"testimonial-image\" src=\"http:\/\/ubcmillwrights.ca\/wp-content\/uploads\/2023\/01\/siemens-westinghouse-logos.jpg\" width=\"360\" height=\"125\" alt=\"Siemens Westinghouse\" \/><\/div><blockquote class=\"testimonials-shortcode-blockquote\"><q class=\"fusion-clearfix\">\n<h5 style=\"text-align: left;\">\u00ab Les \u00e9quipes de m\u00e9caniciens industriels de l\u2019UBC sont tr\u00e8s productives, avec peu de blessures non enregistrables et aucune blessure enregistrable. Pour l\u2019enregistrement de plus de 100 000 heures travaill\u00e9es sur le travail jusqu\u2019\u00e0 pr\u00e9sent, ce n\u2019est pas trop mal. \u00bb<\/h5>\n<h6 style=\"text-align: left;\">Michael F. McCormick<br \/>\nPr\u00e9sident, Siemens Westinghouse Generation Services<\/h6>\n<\/q><\/blockquote><div class=\"author\"><span class=\"company-name\"><\/span><\/div><\/div><div class=\"review avatar-image\"><div class=\"testimonial-thumbnail\"><img decoding=\"async\" class=\"testimonial-image\" src=\"http:\/\/ubcmillwrights.ca\/wp-content\/uploads\/2023\/01\/black-mcdonald-logo.jpg\" width=\"360\" height=\"125\" alt=\"Black &amp; McDonald\" \/><\/div><blockquote class=\"testimonials-shortcode-blockquote\"><q class=\"fusion-clearfix\">\n<h5 style=\"text-align: left;\">\u00ab Les \u00e9quipes de m\u00e9caniciens industriels de l\u2019UBC apportent une richesse de connaissances, de comp\u00e9tences et de professionnalisme au travail sur notre site, deux \u00e9l\u00e9ments tr\u00e8s appr\u00e9ci\u00e9s dans notre environnement nucl\u00e9aire o\u00f9 la s\u00e9curit\u00e9 et la qualit\u00e9 sont nos priorit\u00e9s absolues. \u00bb<\/h5>\n<h6 style=\"text-align: left;\">Murray Hoggart<br \/>\nDirecteur du site Darlington, Black &amp; McDonald<\/h6>\n<\/q><\/blockquote><div class=\"author\"><span class=\"company-name\"><\/span><\/div><\/div><div class=\"review avatar-image\"><div class=\"testimonial-thumbnail\"><img decoding=\"async\" class=\"testimonial-image\" src=\"http:\/\/ubcmillwrights.ca\/wp-content\/uploads\/2023\/01\/conveyor-specialities-logo.jpg\" width=\"360\" height=\"125\" alt=\"Conveyor Specialities\" \/><\/div><blockquote class=\"testimonials-shortcode-blockquote\"><q class=\"fusion-clearfix\">\n<h5 style=\"text-align: left;\">\u00ab La performance et les attitudes des m\u00e9caniciens industriels de l\u2019UBC que nous avons vues dans tout le pays ont \u00e9t\u00e9 excellentes. Ils travaillent dur et ils travaillent en toute s\u00e9curit\u00e9. \u00bb<\/h5>\n<h6 style=\"text-align: left;\">Chris Stevens<br \/>\nPropri\u00e9taire, Conveyor Specialties<\/h6>\n<\/q><\/blockquote><div class=\"author\"><span class=\"company-name\"><\/span><\/div><\/div><div class=\"review avatar-image\"><div class=\"testimonial-thumbnail\"><img decoding=\"async\" class=\"testimonial-image\" src=\"http:\/\/ubcmillwrights.ca\/wp-content\/uploads\/2023\/01\/newell-machinery-company.jpg\" width=\"360\" height=\"125\" alt=\"Newell Machinery Company\" \/><\/div><blockquote class=\"testimonials-shortcode-blockquote\"><q class=\"fusion-clearfix\">\n<h5 style=\"text-align: left;\">\u00ab Les m\u00e9caniciens industriels de l\u2019UBC nous ont fourni une ressource fantastique pour la main-d\u2019\u0153uvre et nous ont ouvert toutes sortes de possibilit\u00e9s auxquelles nous n\u2019avions pas acc\u00e8s auparavant. \u00bb<\/h5>\n<h6 style=\"text-align: left;\">Greg Moharin<br \/>\nVice-pr\u00e9sident, Newell Machinery<\/h6>\n<\/q><\/blockquote><div class=\"author\"><span class=\"company-name\"><\/span><\/div><\/div><div class=\"review avatar-image\"><div class=\"testimonial-thumbnail\"><img decoding=\"async\" class=\"testimonial-image\" src=\"http:\/\/ubcmillwrights.ca\/wp-content\/uploads\/2023\/01\/arnoff-logo.jpg\" width=\"360\" height=\"125\" alt=\"Arnoff\" \/><\/div><blockquote class=\"testimonials-shortcode-blockquote\"><q class=\"fusion-clearfix\">\n<h5 style=\"text-align: left;\">\u00ab Les \u00e9quipes de m\u00e9caniciens industriels de l\u2019UBC se sont tr\u00e8s bien comport\u00e9es et elles ont \u00e9t\u00e9 tr\u00e8s professionnelles. L\u2019UBC nous a fourni un niveau d\u2019expertise qui d\u00e9passe nos attentes. L\u2019atout le plus important est leur ensemble de comp\u00e9tences. La formation que l\u2019UBC offre aux m\u00e9caniciens industriels est digne d\u2019\u00e9loges. \u00bb<\/h5>\n<h6 style=\"text-align: left;\">Mike Arnoff<br \/>\nPropri\u00e9taire, Arnoff (Mechanical Equipment) Moving<\/h6>\n<\/q><\/blockquote><div class=\"author\"><span class=\"company-name\"><\/span><\/div><\/div><\/div><div class=\"testimonial-pagination\" id=\"fusion-testimonials-1\"><a href=\"#\" aria-label=\"Testimonial Pagination\"  class=\"activeSlide\"><\/a><a href=\"#\" aria-label=\"Testimonial Pagination\" ><\/a><a href=\"#\" aria-label=\"Testimonial Pagination\" ><\/a><a href=\"#\" aria-label=\"Testimonial Pagination\" ><\/a><a href=\"#\" aria-label=\"Testimonial Pagination\" ><\/a><a href=\"#\" aria-label=\"Testimonial Pagination\" ><\/a><a href=\"#\" aria-label=\"Testimonial Pagination\" ><\/a><\/div><\/div><\/div><\/div><\/div><\/div><\/p>\n","protected":false},"excerpt":{"rendered":"","protected":false},"author":2,"featured_media":0,"parent":0,"menu_order":33,"comment_status":"closed","ping_status":"closed","template":"100-width.php","meta":{"_acf_changed":false,"content-type":"","footnotes":"","_links_to":"","_links_to_target":""},"class_list":["post-531","page","type-page","status-publish","hentry"],"acf":[],"_links":{"self":[{"href":"https:\/\/www.ubcmillwrights.ca\/fr\/wp-json\/wp\/v2\/pages\/531","targetHints":{"allow":["GET"]}}],"collection":[{"href":"https:\/\/www.ubcmillwrights.ca\/fr\/wp-json\/wp\/v2\/pages"}],"about":[{"href":"https:\/\/www.ubcmillwrights.ca\/fr\/wp-json\/wp\/v2\/types\/page"}],"author":[{"embeddable":true,"href":"https:\/\/www.ubcmillwrights.ca\/fr\/wp-json\/wp\/v2\/users\/2"}],"replies":[{"embeddable":true,"href":"https:\/\/www.ubcmillwrights.ca\/fr\/wp-json\/wp\/v2\/comments?post=531"}],"version-history":[{"count":25,"href":"https:\/\/www.ubcmillwrights.ca\/fr\/wp-json\/wp\/v2\/pages\/531\/revisions"}],"predecessor-version":[{"id":7382,"href":"https:\/\/www.ubcmillwrights.ca\/fr\/wp-json\/wp\/v2\/pages\/531\/revisions\/7382"}],"wp:attachment":[{"href":"https:\/\/www.ubcmillwrights.ca\/fr\/wp-json\/wp\/v2\/media?parent=531"}],"curies":[{"name":"wp","href":"https:\/\/api.w.org\/{rel}","templated":true}]}}