{"id":528,"date":"2022-10-20T17:48:01","date_gmt":"2022-10-20T17:48:01","guid":{"rendered":"http:\/\/ubcmillwrights.ca\/become-a-millwright\/member-benefits\/"},"modified":"2024-11-01T13:05:58","modified_gmt":"2024-11-01T13:05:58","slug":"avantages-pour-les-membres","status":"publish","type":"page","link":"https:\/\/www.ubcmillwrights.ca\/fr\/avantages-pour-les-membres\/","title":{"rendered":"Avantages pour les membres"},"content":{"rendered":"<p><div class=\"fusion-fullwidth fullwidth-box fusion-builder-row-1 fusion-flex-container has-pattern-background has-mask-background nonhundred-percent-fullwidth non-hundred-percent-height-scrolling\" style=\"--awb-border-radius-top-left:0px;--awb-border-radius-top-right:0px;--awb-border-radius-bottom-right:0px;--awb-border-radius-bottom-left:0px;--awb-padding-top:60px;--awb-padding-bottom:30px;--awb-padding-top-medium:30px;--awb-padding-bottom-medium:30px;\" ><div class=\"fusion-builder-row fusion-row fusion-flex-align-items-flex-start\" style=\"max-width:1248px;margin-left: calc(-4% \/ 2 );margin-right: calc(-4% \/ 2 );\"><div class=\"fusion-layout-column fusion_builder_column fusion-builder-column-0 fusion_builder_column_3_5 3_5 fusion-flex-column\" style=\"--awb-bg-size:cover;--awb-width-large:60%;--awb-margin-top-large:0px;--awb-spacing-right-large:3.2%;--awb-margin-bottom-large:0px;--awb-spacing-left-large:3.2%;--awb-width-medium:60%;--awb-order-medium:0;--awb-spacing-right-medium:3.2%;--awb-spacing-left-medium:3.2%;--awb-width-small:100%;--awb-order-small:0;--awb-spacing-right-small:1.92%;--awb-spacing-left-small:1.92%;\"><div class=\"fusion-column-wrapper fusion-column-has-shadow fusion-flex-justify-content-flex-start fusion-content-layout-column\"><div class=\"fusion-text fusion-text-1\"><h1>Avantages de pointe dans l\u2019industrie partout au Canada<\/h1>\n<p>Expertise ax\u00e9e sur la s\u00e9curit\u00e9 et ax\u00e9e sur la qualit\u00e9.<\/p>\n<h2>Votre plan personnel, votre acc\u00e8s<\/h2>\n<p><strong>Les membres peuvent recevoir une copie des salaires et avantages actuels que nous recevons dans le cadre de nos conventions collectives en contactant leur repr\u00e9sentant commercial ou le bureau de leur syndicat local.<\/strong><\/p>\n<\/div><\/div><\/div><div class=\"fusion-layout-column fusion_builder_column fusion-builder-column-1 fusion_builder_column_2_5 2_5 fusion-flex-column\" style=\"--awb-bg-size:cover;--awb-width-large:40%;--awb-margin-top-large:0px;--awb-spacing-right-large:4.8%;--awb-margin-bottom-large:0px;--awb-spacing-left-large:4.8%;--awb-width-medium:40%;--awb-order-medium:0;--awb-spacing-right-medium:4.8%;--awb-spacing-left-medium:4.8%;--awb-width-small:100%;--awb-order-small:0;--awb-spacing-right-small:1.92%;--awb-spacing-left-small:1.92%;\"><div class=\"fusion-column-wrapper fusion-column-has-shadow fusion-flex-justify-content-flex-start fusion-content-layout-column\"><div class=\"fusion-image-element \" style=\"--awb-caption-title-size:var(--h2_typography-font-size);--awb-caption-title-transform:var(--h2_typography-text-transform);--awb-caption-title-line-height:var(--h2_typography-line-height);--awb-caption-title-letter-spacing:var(--h2_typography-letter-spacing);\"><span class=\" fusion-imageframe imageframe-none imageframe-1 hover-type-none\"><img decoding=\"async\" width=\"924\" height=\"966\" alt=\"Member Benefits\" title=\"member-benefits-lg\" src=\"http:\/\/www.ubcmillwrights.ca\/wp-content\/uploads\/2023\/05\/member-benefits-lg.jpg\" class=\"img-responsive wp-image-4149\" srcset=\"https:\/\/www.ubcmillwrights.ca\/wp-content\/uploads\/2023\/05\/member-benefits-lg-200x209.jpg 200w, https:\/\/www.ubcmillwrights.ca\/wp-content\/uploads\/2023\/05\/member-benefits-lg-400x418.jpg 400w, https:\/\/www.ubcmillwrights.ca\/wp-content\/uploads\/2023\/05\/member-benefits-lg-600x627.jpg 600w, https:\/\/www.ubcmillwrights.ca\/wp-content\/uploads\/2023\/05\/member-benefits-lg-800x836.jpg 800w, https:\/\/www.ubcmillwrights.ca\/wp-content\/uploads\/2023\/05\/member-benefits-lg.jpg 924w\" sizes=\"(max-width: 991px) 100vw, 600px\" \/><\/span><\/div><\/div><\/div><\/div><\/div><div class=\"fusion-fullwidth fullwidth-box fusion-builder-row-2 fusion-flex-container has-pattern-background has-mask-background hexagon-bgnd nonhundred-percent-fullwidth non-hundred-percent-height-scrolling\" style=\"--awb-border-radius-top-left:0px;--awb-border-radius-top-right:0px;--awb-border-radius-bottom-right:0px;--awb-border-radius-bottom-left:0px;--awb-background-color:var(--awb-color3);\" ><div class=\"fusion-builder-row fusion-row fusion-flex-align-items-flex-start\" style=\"max-width:1248px;margin-left: calc(-4% \/ 2 );margin-right: calc(-4% \/ 2 );\"><div class=\"fusion-layout-column fusion_builder_column fusion-builder-column-2 fusion_builder_column_1_1 1_1 fusion-flex-column\" style=\"--awb-padding-top:60px;--awb-padding-bottom:60px;--awb-bg-size:cover;--awb-width-large:100%;--awb-margin-top-large:0px;--awb-spacing-right-large:1.92%;--awb-margin-bottom-large:0px;--awb-spacing-left-large:1.92%;--awb-width-medium:100%;--awb-order-medium:0;--awb-spacing-right-medium:1.92%;--awb-spacing-left-medium:1.92%;--awb-width-small:100%;--awb-order-small:0;--awb-spacing-right-small:1.92%;--awb-spacing-left-small:1.92%;\"><div class=\"fusion-column-wrapper fusion-column-has-shadow fusion-flex-justify-content-flex-start fusion-content-layout-column\"><div class=\"fusion-text fusion-text-2\"><h2>Locaux<\/h2>\n<p><strong>Veuillez contacter votre bureau local pour plus d\u2019informations :<\/strong><\/p>\n<p><strong>Colombie-Britannique \u2013 Local 2736<\/strong><br \/>\n<a class=\"-black-link\" href=\"http:\/\/www.ubcmillwrightslocal2736.ca\" target=\"_blank\" rel=\"noopener\">www.ubcmillwrightslocal2736.ca<\/a><\/p>\n<hr \/>\n<p><strong>Alberta \u2013 Local 1460<\/strong><br \/>\n<a class=\"-black-link\" href=\"http:\/\/www.ubcmillwrightslocal1460.ca\" target=\"_blank\" rel=\"noopener\">www.ubcmillwrightslocal1460.ca<\/a><\/p>\n<hr \/>\n<p><strong>Saskatchewan &#8211; Local 1021<\/strong><br \/>\n<a class=\"-black-link\" href=\"http:\/\/www.ubcmillwrightslocal1021.ca\" target=\" rel=\" rel=\"noopener\">www.ubcmillwrightslocal1021.ca<\/a><\/p>\n<hr \/>\n<p><strong>Manitoba &#8211; Local 1443<\/strong><br \/>\n<a class=\"-black-link\" href=\"http:\/\/www.ubcmillwrightslocal1443.ca\" target=\"_blank\" rel=\"noopener\">www.ubcmillwrightslocal1443.ca<\/a><\/p>\n<hr \/>\n<p><strong>Ontario &#8211; Thunder Bay &#8211; Local 1151<\/strong><br \/>\n<a class=\"-black-link\" href=\"http:\/\/www.ubcmillwrightslocal1151.ca\" target=\"_blank\" rel=\"noopener\">www.ubcmillwrightslocal1151.ca<\/a><\/p>\n<hr \/>\n<p><strong>Ontario &#8211; Windsor &#8211; Local 1244<\/strong><br \/>\n<a class=\"-black-link\" href=\"http:\/\/www.ubcmillwrightslocal1244.ca\" target=\"_blank\" rel=\"noopener\">www.ubcmillwrightslocal1244.ca<\/a><\/p>\n<hr \/>\n<p><strong>Ontario &#8211; Kingston &#8211; Local 1410<\/strong><br \/>\n<a class=\"-black-link\" href=\"http:\/\/www.ubcmillwrightslocal1410.ca\" target=\"_blank\" rel=\"noopener\">www.ubcmillwrightslocal1410.ca<\/a><\/p>\n<hr \/>\n<p><strong>Ontario &#8211; Sudbury &#8211; Local 1425<\/strong><br \/>\n<a class=\"-black-link\" href=\"http:\/\/www.ubcmillwrightslocal1425.ca\" target=\"_blank\" rel=\"noopener\">www.ubcmillwrightslocal1425.ca<\/a><\/p>\n<hr \/>\n<p><strong>Ontario &#8211; Sarnia &#8211; Local 1592<\/strong><br \/>\n<a class=\"-black-link\" href=\"http:\/\/www.ubcmillwrightslocal1592.ca\" target=\"_blank\" rel=\"noopener\">www.ubcmillwrightslocal1592.ca<\/a><\/p>\n<hr \/>\n<p><strong>Ontario &#8211; Hamilton &#8211; Local 1916<\/strong><br \/>\n<a class=\"-black-link\" href=\"http:\/\/www.ubcmillwrightslocal1916.ca\" target=\"_blank\" rel=\"noopener\">www.ubcmillwrightslocal1916.ca<\/a><\/p>\n<hr \/>\n<p><strong>Ontario &#8211; Toronto &#8211; Local 2309<\/strong><br \/>\n<a class=\"-black-link\" href=\"http:\/\/www.ubcmillwrightslocal2309.ca\" target=\"_blank\" rel=\"noopener\">www.ubcmillwrightslocal2309.ca<\/a><\/p>\n<hr \/>\n<p><strong>Qu\u00e9bec \u2013 Local 2182<\/strong><br \/>\n<a class=\"-black-link\" href=\"http:\/\/www.ubcmillwrightslocal2182.ca\" target=\"_blank\" rel=\"noopener\">www.ubcmillwrightslocal2182.ca<\/a><\/p>\n<hr \/>\n<p><strong>Nouveau-Brunswick \u2013 Local 2262<\/strong><br \/>\n<a class=\"-black-link\" href=\"http:\/\/www.ubcmillwrightslocal2262.ca\" target=\"_blank\" rel=\"noopener\">www.ubcmillwrightslocal2262.ca<\/a><\/p>\n<hr \/>\n<p><strong>Nouvelle-\u00c9cosse et \u00ce.-P.-\u00c9. \u2013 Local 1178<\/strong><br \/>\n<a class=\"-black-link\" href=\"http:\/\/www.ubcmillwrightslocal1178.ca\" target=\"_blank\" rel=\"noopener\">www.ubcmillwrightslocal1178.ca<\/a><\/p>\n<hr \/>\n<p><strong>Terre-Neuve-et-Labrador \u2013 Local 1009<\/strong><br \/>\n<a class=\"-black-link\" href=\"http:\/\/www.ubcmillwrightslocal1009.ca\" target=\"_blank\" rel=\"noopener\">www.ubcmillwrightslocal1009.ca<\/a><\/p>\n<\/div><\/div><\/div><\/div><\/div><\/p>\n","protected":false},"excerpt":{"rendered":"","protected":false},"author":2,"featured_media":0,"parent":0,"menu_order":32,"comment_status":"closed","ping_status":"closed","template":"100-width.php","meta":{"_acf_changed":false,"content-type":"","footnotes":"","_links_to":"","_links_to_target":""},"class_list":["post-528","page","type-page","status-publish","hentry"],"acf":[],"_links":{"self":[{"href":"https:\/\/www.ubcmillwrights.ca\/fr\/wp-json\/wp\/v2\/pages\/528","targetHints":{"allow":["GET"]}}],"collection":[{"href":"https:\/\/www.ubcmillwrights.ca\/fr\/wp-json\/wp\/v2\/pages"}],"about":[{"href":"https:\/\/www.ubcmillwrights.ca\/fr\/wp-json\/wp\/v2\/types\/page"}],"author":[{"embeddable":true,"href":"https:\/\/www.ubcmillwrights.ca\/fr\/wp-json\/wp\/v2\/users\/2"}],"replies":[{"embeddable":true,"href":"https:\/\/www.ubcmillwrights.ca\/fr\/wp-json\/wp\/v2\/comments?post=528"}],"version-history":[{"count":24,"href":"https:\/\/www.ubcmillwrights.ca\/fr\/wp-json\/wp\/v2\/pages\/528\/revisions"}],"predecessor-version":[{"id":6600,"href":"https:\/\/www.ubcmillwrights.ca\/fr\/wp-json\/wp\/v2\/pages\/528\/revisions\/6600"}],"wp:attachment":[{"href":"https:\/\/www.ubcmillwrights.ca\/fr\/wp-json\/wp\/v2\/media?parent=528"}],"curies":[{"name":"wp","href":"https:\/\/api.w.org\/{rel}","templated":true}]}}