{"id":474,"date":"2022-10-19T14:19:28","date_gmt":"2022-10-19T14:19:28","guid":{"rendered":"http:\/\/ubcmillwrights.ca\/industry-specialization\/mechatronics\/"},"modified":"2023-11-07T19:46:16","modified_gmt":"2023-11-07T19:46:16","slug":"mecatronique","status":"publish","type":"page","link":"https:\/\/www.ubcmillwrights.ca\/fr\/mecatronique\/","title":{"rendered":"M\u00e9catronique"},"content":{"rendered":"<p><div class=\"fusion-fullwidth fullwidth-box fusion-builder-row-1 fusion-flex-container has-pattern-background has-mask-background nonhundred-percent-fullwidth non-hundred-percent-height-scrolling\" style=\"--awb-border-radius-top-left:0px;--awb-border-radius-top-right:0px;--awb-border-radius-bottom-right:0px;--awb-border-radius-bottom-left:0px;--awb-padding-top:60px;--awb-padding-bottom:60px;--awb-padding-top-medium:30px;--awb-padding-bottom-medium:30px;\" ><div class=\"fusion-builder-row fusion-row fusion-flex-align-items-flex-start\" style=\"max-width:1248px;margin-left: calc(-4% \/ 2 );margin-right: calc(-4% \/ 2 );\"><div class=\"fusion-layout-column fusion_builder_column fusion-builder-column-0 fusion_builder_column_3_5 3_5 fusion-flex-column\" style=\"--awb-bg-size:cover;--awb-width-large:60%;--awb-margin-top-large:0px;--awb-spacing-right-large:3.2%;--awb-margin-bottom-large:0px;--awb-spacing-left-large:3.2%;--awb-width-medium:60%;--awb-order-medium:0;--awb-spacing-right-medium:3.2%;--awb-spacing-left-medium:3.2%;--awb-width-small:100%;--awb-order-small:0;--awb-spacing-right-small:1.92%;--awb-spacing-left-small:1.92%;\"><div class=\"fusion-column-wrapper fusion-column-has-shadow fusion-flex-justify-content-flex-start fusion-content-layout-column\"><div class=\"fusion-text fusion-text-1\"><h1>M\u00e9catronique<\/h1>\n<p>Les m\u00e9caniciens industriels de l\u2019UBC \u00e9tablissent la norme d\u2019excellence de l\u2019industrie pour les techniciens en m\u00e9catronique.<\/p>\n<h2>Avec la demande croissante d\u2019artisans en m\u00e9catronique dans un secteur de l\u2019automatisation qui a besoin d\u2019un demi-million de sp\u00e9cialistes, une formation de grande valeur est primordiale.<\/h2>\n<p>Les fabricants et les ma\u00eetres d\u2019ouvrage ont besoin de m\u00e9caniciens ayant re\u00e7u une formation polyvalente en installation et en entretien de syst\u00e8mes automatis\u00e9s qui impliquent le m\u00e9lange m\u00e9catronique de comp\u00e9tences m\u00e9caniques, \u00e9lectroniques, informatiques et autres.<\/p>\n<p>Les membres de l\u2019UBC qui sont form\u00e9s par le programme m\u00e9catronique du Carpenters International Training Fund pr\u00e9sentent un atout pr\u00e9cieux et \u00e9conomique en int\u00e9grant les comp\u00e9tences n\u00e9cessaires \u00e0 l\u2019installation, \u00e0 la programmation et au d\u00e9marrage final des syst\u00e8mes automatis\u00e9s.<\/p>\n<p>Les m\u00e9caniciens industriels de l\u2019UBC croient en la fourniture de programmes de qualit\u00e9, d\u2019int\u00e9grit\u00e9 et de formation qui am\u00e9liorent encore notre programme de m\u00e9catronique en formant localement sur les syst\u00e8mes robotiques et en travaillant au d\u00e9veloppement d\u2019un laboratoire de formation en m\u00e9catronique \u00e0 grande \u00e9chelle pour faire progresser nos capacit\u00e9s.<\/p>\n<\/div><\/div><\/div><div class=\"fusion-layout-column fusion_builder_column fusion-builder-column-1 fusion_builder_column_2_5 2_5 fusion-flex-column\" style=\"--awb-bg-size:cover;--awb-width-large:40%;--awb-margin-top-large:0px;--awb-spacing-right-large:4.8%;--awb-margin-bottom-large:0px;--awb-spacing-left-large:4.8%;--awb-width-medium:40%;--awb-order-medium:0;--awb-spacing-right-medium:4.8%;--awb-spacing-left-medium:4.8%;--awb-width-small:100%;--awb-order-small:0;--awb-spacing-right-small:1.92%;--awb-spacing-left-small:1.92%;\"><div class=\"fusion-column-wrapper fusion-column-has-shadow fusion-flex-justify-content-flex-start fusion-content-layout-column\"><div class=\"fusion-image-element \" style=\"--awb-caption-title-size:var(--h2_typography-font-size);--awb-caption-title-transform:var(--h2_typography-text-transform);--awb-caption-title-line-height:var(--h2_typography-line-height);--awb-caption-title-letter-spacing:var(--h2_typography-letter-spacing);\"><span class=\" fusion-imageframe imageframe-none imageframe-1 hover-type-none\"><img decoding=\"async\" width=\"924\" height=\"966\" alt=\"Mechatronics Training\" title=\"mechatronics-training\" src=\"http:\/\/www.ubcmillwrights.ca\/wp-content\/uploads\/2023\/01\/mechatronics-training.jpg\" class=\"img-responsive wp-image-2083\" srcset=\"https:\/\/www.ubcmillwrights.ca\/wp-content\/uploads\/2023\/01\/mechatronics-training-200x209.jpg 200w, https:\/\/www.ubcmillwrights.ca\/wp-content\/uploads\/2023\/01\/mechatronics-training-400x418.jpg 400w, https:\/\/www.ubcmillwrights.ca\/wp-content\/uploads\/2023\/01\/mechatronics-training-600x627.jpg 600w, https:\/\/www.ubcmillwrights.ca\/wp-content\/uploads\/2023\/01\/mechatronics-training-800x836.jpg 800w, https:\/\/www.ubcmillwrights.ca\/wp-content\/uploads\/2023\/01\/mechatronics-training.jpg 924w\" sizes=\"(max-width: 991px) 100vw, 600px\" \/><\/span><\/div><\/div><\/div><\/div><\/div><div class=\"fusion-fullwidth fullwidth-box fusion-builder-row-2 fusion-flex-container has-pattern-background has-mask-background nonhundred-percent-fullwidth non-hundred-percent-height-scrolling\" style=\"--awb-border-radius-top-left:0px;--awb-border-radius-top-right:0px;--awb-border-radius-bottom-right:0px;--awb-border-radius-bottom-left:0px;--awb-padding-top:45px;--awb-padding-bottom:45px;--awb-padding-top-medium:45px;--awb-padding-right-medium:30px;--awb-padding-bottom-medium:45px;--awb-padding-left-medium:30px;--awb-background-color:var(--awb-color3);\" ><div class=\"fusion-builder-row fusion-row fusion-flex-align-items-flex-start\" style=\"max-width:1248px;margin-left: calc(-4% \/ 2 );margin-right: calc(-4% \/ 2 );\"><div class=\"fusion-layout-column fusion_builder_column fusion-builder-column-2 fusion_builder_column_4_5 4_5 fusion-flex-column fusion-flex-align-self-center\" style=\"--awb-bg-size:cover;--awb-width-large:80%;--awb-margin-top-large:0px;--awb-spacing-right-large:2.4%;--awb-margin-bottom-large:0px;--awb-spacing-left-large:2.4%;--awb-width-medium:80%;--awb-order-medium:0;--awb-spacing-right-medium:2.4%;--awb-spacing-left-medium:2.4%;--awb-width-small:100%;--awb-order-small:2;--awb-margin-top-small:30px;--awb-spacing-right-small:1.92%;--awb-spacing-left-small:1.92%;\"><div class=\"fusion-column-wrapper fusion-column-has-shadow fusion-flex-justify-content-flex-start fusion-content-layout-column\"><div class=\"fusion-text fusion-text-2 md-text-align-center sm-text-align-center fusion-text-no-margin\" style=\"--awb-margin-bottom:15px;\"><h3 class=\"-capitalize\">Employez aujourd\u2019hui la main-d\u2019\u0153uvre de chantier la plus s\u00e9curitaire et la plus qualifi\u00e9e. Faites le bon choix!<\/h3>\n<\/div><div class=\"md-text-align-center sm-text-align-center\"><a class=\"fusion-button button-flat fusion-button-default-size button-custom fusion-button-default button-1 fusion-button-default-span fusion-button-default-type\" style=\"--button_accent_color:var(--awb-color4);--button_border_color:var(--awb-color5);--button_accent_hover_color:var(--awb-color4);--button_border_hover_color:var(--awb-color1);--button-border-radius-top-left:0px;--button-border-radius-top-right:0px;--button-border-radius-bottom-right:0px;--button-border-radius-bottom-left:0px;--button_gradient_top_color:var(--awb-color5);--button_gradient_bottom_color:var(--awb-color5);--button_gradient_top_color_hover:var(--awb-color1);--button_gradient_bottom_color_hover:var(--awb-color1);--button_text_transform:uppercase;--button_font_size:14px;--button_line_height:1.1em;--button_typography-letter-spacing:0em;--button_typography-font-family:&quot;Montserrat&quot;;--button_typography-font-style:normal;--button_typography-font-weight:500;\" target=\"_self\" data-hover=\"icon_slide\" href=\"https:\/\/www.ubcmillwrights.ca\/fr\/coordonnees\/engagez-un-mecanicien-industriel\/\"><span class=\"fusion-button-text\">ENGAGEZ UN M\u00c9CANICIEN<\/span><i class=\"fa-arrow-right fas button-icon-right\" aria-hidden=\"true\"><\/i><\/a><\/div><\/div><\/div><div class=\"fusion-layout-column fusion_builder_column fusion-builder-column-3 fusion_builder_column_1_5 1_5 fusion-flex-column fusion-flex-align-self-center\" style=\"--awb-padding-right-medium:30px;--awb-padding-left-medium:30px;--awb-bg-size:cover;--awb-width-large:20%;--awb-margin-top-large:0px;--awb-spacing-right-large:9.6%;--awb-margin-bottom-large:0px;--awb-spacing-left-large:9.6%;--awb-width-medium:20%;--awb-order-medium:0;--awb-spacing-right-medium:9.6%;--awb-spacing-left-medium:9.6%;--awb-width-small:100%;--awb-order-small:1;--awb-spacing-right-small:1.92%;--awb-spacing-left-small:1.92%;\"><div class=\"fusion-column-wrapper fusion-column-has-shadow fusion-flex-justify-content-flex-start fusion-content-layout-column\"><div class=\"fusion-image-element \" style=\"text-align:center;--awb-max-width:250px;--awb-caption-title-size:var(--h2_typography-font-size);--awb-caption-title-transform:var(--h2_typography-text-transform);--awb-caption-title-line-height:var(--h2_typography-line-height);--awb-caption-title-letter-spacing:var(--h2_typography-letter-spacing);\"><span class=\" fusion-imageframe imageframe-none imageframe-2 hover-type-none\"><img decoding=\"async\" width=\"471\" height=\"471\" alt=\"UBC Millwrights - En Temps. Toujours.\" title=\"UBC-logo-400&#215;400-fre\" src=\"http:\/\/www.ubcmillwrights.ca\/wp-content\/uploads\/2023\/06\/UBC-Millwright-Logo-New.png\" class=\"img-responsive wp-image-5127\"\/><\/span><\/div><\/div><\/div><\/div><\/div><div class=\"fusion-fullwidth fullwidth-box fusion-builder-row-3 fusion-flex-container has-pattern-background has-mask-background nonhundred-percent-fullwidth non-hundred-percent-height-scrolling\" style=\"--awb-border-radius-top-left:0px;--awb-border-radius-top-right:0px;--awb-border-radius-bottom-right:0px;--awb-border-radius-bottom-left:0px;--awb-padding-top:60px;--awb-padding-bottom:60px;--awb-padding-top-medium:30px;--awb-padding-bottom-medium:30px;\" ><div class=\"fusion-builder-row fusion-row fusion-flex-align-items-flex-start\" style=\"max-width:1248px;margin-left: calc(-4% \/ 2 );margin-right: calc(-4% \/ 2 );\"><div class=\"fusion-layout-column fusion_builder_column fusion-builder-column-4 fusion_builder_column_1_2 1_2 fusion-flex-column\" style=\"--awb-bg-size:cover;--awb-width-large:50%;--awb-margin-top-large:0px;--awb-spacing-right-large:3.84%;--awb-margin-bottom-large:0px;--awb-spacing-left-large:3.84%;--awb-width-medium:50%;--awb-order-medium:0;--awb-spacing-right-medium:3.84%;--awb-spacing-left-medium:3.84%;--awb-width-small:100%;--awb-order-small:0;--awb-margin-top-small:15px;--awb-spacing-right-small:1.92%;--awb-margin-bottom-small:30px;--awb-spacing-left-small:1.92%;\"><div class=\"fusion-column-wrapper fusion-column-has-shadow fusion-flex-justify-content-flex-start fusion-content-layout-column\"><div class=\"fusion-image-element \" style=\"--awb-caption-title-size:var(--h2_typography-font-size);--awb-caption-title-transform:var(--h2_typography-text-transform);--awb-caption-title-line-height:var(--h2_typography-line-height);--awb-caption-title-letter-spacing:var(--h2_typography-letter-spacing);\"><span class=\" fusion-imageframe imageframe-none imageframe-3 hover-type-none\"><img decoding=\"async\" width=\"991\" height=\"767\" alt=\"Mechatronics Controls\" title=\"mechatronics-controls\" src=\"http:\/\/www.ubcmillwrights.ca\/wp-content\/uploads\/2023\/01\/mechatronics-controls.jpg\" class=\"img-responsive wp-image-2079\" srcset=\"https:\/\/www.ubcmillwrights.ca\/wp-content\/uploads\/2023\/01\/mechatronics-controls-200x155.jpg 200w, https:\/\/www.ubcmillwrights.ca\/wp-content\/uploads\/2023\/01\/mechatronics-controls-400x310.jpg 400w, https:\/\/www.ubcmillwrights.ca\/wp-content\/uploads\/2023\/01\/mechatronics-controls-600x464.jpg 600w, https:\/\/www.ubcmillwrights.ca\/wp-content\/uploads\/2023\/01\/mechatronics-controls-800x619.jpg 800w, https:\/\/www.ubcmillwrights.ca\/wp-content\/uploads\/2023\/01\/mechatronics-controls.jpg 991w\" sizes=\"(max-width: 991px) 100vw, 600px\" \/><\/span><\/div><\/div><\/div><div class=\"fusion-layout-column fusion_builder_column fusion-builder-column-5 fusion_builder_column_1_2 1_2 fusion-flex-column\" style=\"--awb-bg-size:cover;--awb-width-large:50%;--awb-margin-top-large:0px;--awb-spacing-right-large:3.84%;--awb-margin-bottom-large:0px;--awb-spacing-left-large:3.84%;--awb-width-medium:50%;--awb-order-medium:0;--awb-spacing-right-medium:3.84%;--awb-spacing-left-medium:3.84%;--awb-width-small:100%;--awb-order-small:0;--awb-spacing-right-small:1.92%;--awb-spacing-left-small:1.92%;\"><div class=\"fusion-column-wrapper fusion-column-has-shadow fusion-flex-justify-content-flex-start fusion-content-layout-column\"><div class=\"fusion-text fusion-text-3\"><h2>Le protocole de formation en m\u00e9catronique de l\u2019UBC<\/h2>\n<p>Les stagiaires en m\u00e9catronique de l\u2019UBC ont pass\u00e9 deux semaines de 58 heures au United Brotherhood of Carpenters International Training Center \u00e0 Las Vegas, partageant le temps entre la salle de classe et l\u2019atelier.<\/p>\n<p>Les m\u00e9caniciens s\u2019entra\u00eenent \u00e0 l\u2019aide de quatre syst\u00e8mes int\u00e9gr\u00e9s comprenant un robot, son contr\u00f4leur \u00e9lectronique et d\u2019autres p\u00e9riph\u00e9riques. Lorsqu\u2019ils quittent l\u2019ITC, les techniciens re\u00e7oivent une formation pratique suppl\u00e9mentaire sur le chantier.<\/p>\n<p>Pour l\u2019industrie automobile et d\u2019autres fabricants qui utilisent de plus en plus la robotique et d\u2019autres syst\u00e8mes automatis\u00e9s, la formation en m\u00e9catronique de l\u2019UBC fournit des artisans hautement qualifi\u00e9s qui poss\u00e8dent le vocabulaire et comprennent les syst\u00e8mes afin de communiquer efficacement.<\/p>\n<p>Ceux qui emploient des techniciens en m\u00e9catronique UBC hautement qualifi\u00e9s et polyvalents peuvent s\u2019attendre \u00e0 des am\u00e9liorations en mati\u00e8re d\u2019efficacit\u00e9 et de r\u00e9sultats.<\/p>\n<h4>C\u2019est la norme de r\u00e9f\u00e9rence.<\/h4>\n<\/div><\/div><\/div><\/div><\/div><div class=\"fusion-fullwidth fullwidth-box fusion-builder-row-4 fusion-flex-container has-pattern-background has-mask-background hexagon-bgnd -white nonhundred-percent-fullwidth non-hundred-percent-height-scrolling\" style=\"--awb-border-radius-top-left:0px;--awb-border-radius-top-right:0px;--awb-border-radius-bottom-right:0px;--awb-border-radius-bottom-left:0px;--awb-padding-top:30px;--awb-padding-bottom:30px;--awb-padding-top-medium:45px;--awb-padding-right-medium:30px;--awb-padding-bottom-medium:30px;--awb-padding-left-medium:30px;--awb-background-color:var(--awb-color2);\" ><div class=\"fusion-builder-row fusion-row fusion-flex-align-items-flex-start\" style=\"max-width:1248px;margin-left: calc(-4% \/ 2 );margin-right: calc(-4% \/ 2 );\"><div class=\"fusion-layout-column fusion_builder_column fusion-builder-column-6 fusion_builder_column_2_3 2_3 fusion-flex-column fusion-flex-align-self-center\" style=\"--awb-bg-size:cover;--awb-width-large:66.666666666667%;--awb-margin-top-large:0px;--awb-spacing-right-large:2.88%;--awb-margin-bottom-large:0px;--awb-spacing-left-large:2.88%;--awb-width-medium:66.666666666667%;--awb-order-medium:0;--awb-spacing-right-medium:2.88%;--awb-spacing-left-medium:2.88%;--awb-width-small:100%;--awb-order-small:0;--awb-spacing-right-small:1.92%;--awb-margin-bottom-small:30px;--awb-spacing-left-small:1.92%;\"><div class=\"fusion-column-wrapper fusion-column-has-shadow fusion-flex-justify-content-flex-start fusion-content-layout-column\"><div class=\"fusion-text fusion-text-4 sm-text-align-center\" style=\"--awb-margin-top:15px;\"><h2>LE GUIDE DE M\u00c9CATRONIQUE DES M\u00c9CANICIENS INDUSTRIELS DE L\u2019UBC<\/h2>\n<p>Les m\u00e9caniciens industriels de l\u2019UBC sont tenus aux normes les plus \u00e9lev\u00e9es. Lisez nos principes directeurs pour l\u2019industrie automobile pour en savoir plus.<\/p>\n<\/div><div class=\"sm-text-align-center\"><a class=\"fusion-button button-flat fusion-button-default-size button-custom fusion-button-default button-2 fusion-button-default-span fusion-button-default-type -underline\" style=\"--button_accent_color:var(--awb-color4);--button_accent_hover_color:var(--awb-color4);--button_border_hover_color:var(--awb-color1);--button_gradient_top_color:rgba(255,255,255,0);--button_gradient_bottom_color:rgba(255,255,255,0);--button_gradient_top_color_hover:rgba(255,255,255,0);--button_gradient_bottom_color_hover:rgba(255,255,255,0);--button_text_transform:uppercase;--button_font_size:16px;--button_line_height:1.1;--button_padding-top:0px;--button_padding-right:0px;--button_padding-bottom:0px;--button_padding-left:0px;--button_typography-letter-spacing:0.0em;--button_typography-font-family:&quot;Montserrat&quot;;--button_typography-font-style:normal;--button_typography-font-weight:600;\" target=\"_blank\" rel=\"noopener noreferrer\" data-hover=\"icon_slide\" href=\"http:\/\/ubcmillwrights.ca\/pdfs\/ubc-mechatronics-guide-2023.pdf\"><span class=\"fusion-button-text\">T\u00c9L\u00c9CHARGEZ LE GUIDE DE M\u00c9CATRONIQUE DE L\u2019UBC<\/span><i class=\"fa-arrow-right fas button-icon-right\" aria-hidden=\"true\"><\/i><\/a><\/div><\/div><\/div><div class=\"fusion-layout-column fusion_builder_column fusion-builder-column-7 fusion_builder_column_1_3 1_3 fusion-flex-column\" style=\"--awb-bg-size:cover;--awb-width-large:33.333333333333%;--awb-margin-top-large:0px;--awb-spacing-right-large:5.76%;--awb-margin-bottom-large:0px;--awb-spacing-left-large:5.76%;--awb-width-medium:33.333333333333%;--awb-order-medium:0;--awb-spacing-right-medium:5.76%;--awb-spacing-left-medium:5.76%;--awb-width-small:100%;--awb-order-small:0;--awb-spacing-right-small:1.92%;--awb-spacing-left-small:1.92%;\"><div class=\"fusion-column-wrapper fusion-column-has-shadow fusion-flex-justify-content-flex-start fusion-content-layout-column\"><div class=\"fusion-image-element \" style=\"--awb-caption-title-size:var(--h2_typography-font-size);--awb-caption-title-transform:var(--h2_typography-text-transform);--awb-caption-title-line-height:var(--h2_typography-line-height);--awb-caption-title-letter-spacing:var(--h2_typography-letter-spacing);\"><span class=\" fusion-imageframe imageframe-none imageframe-4 hover-type-none\"><img decoding=\"async\" width=\"757\" height=\"646\" alt=\"Mechatronics Flyer\" title=\"mechatronics-flyer\" src=\"http:\/\/www.ubcmillwrights.ca\/wp-content\/uploads\/2023\/01\/mechatronics-flyer.png\" class=\"img-responsive wp-image-2087\" srcset=\"https:\/\/www.ubcmillwrights.ca\/wp-content\/uploads\/2023\/01\/mechatronics-flyer-200x171.png 200w, https:\/\/www.ubcmillwrights.ca\/wp-content\/uploads\/2023\/01\/mechatronics-flyer-400x341.png 400w, https:\/\/www.ubcmillwrights.ca\/wp-content\/uploads\/2023\/01\/mechatronics-flyer-600x512.png 600w, https:\/\/www.ubcmillwrights.ca\/wp-content\/uploads\/2023\/01\/mechatronics-flyer.png 757w\" sizes=\"(max-width: 991px) 100vw, 400px\" \/><\/span><\/div><\/div><\/div><\/div><\/div><div class=\"fusion-fullwidth fullwidth-box fusion-builder-row-5 fusion-flex-container has-pattern-background has-mask-background hexagon-bgnd -white nonhundred-percent-fullwidth non-hundred-percent-height-scrolling\" style=\"--awb-border-radius-top-left:0px;--awb-border-radius-top-right:0px;--awb-border-radius-bottom-right:0px;--awb-border-radius-bottom-left:0px;--awb-padding-top:60px;--awb-padding-bottom:60px;--awb-padding-top-medium:30px;--awb-padding-bottom-medium:45px;--awb-background-color:var(--awb-color5);\" ><div class=\"fusion-builder-row fusion-row fusion-flex-align-items-flex-start\" style=\"max-width:1248px;margin-left: calc(-4% \/ 2 );margin-right: calc(-4% \/ 2 );\"><div class=\"fusion-layout-column fusion_builder_column fusion-builder-column-8 fusion_builder_column_1_1 1_1 fusion-flex-column\" style=\"--awb-bg-size:cover;--awb-width-large:100%;--awb-margin-top-large:0px;--awb-spacing-right-large:1.92%;--awb-margin-bottom-large:30px;--awb-spacing-left-large:1.92%;--awb-width-medium:100%;--awb-order-medium:0;--awb-spacing-right-medium:1.92%;--awb-spacing-left-medium:1.92%;--awb-width-small:100%;--awb-order-small:0;--awb-spacing-right-small:1.92%;--awb-spacing-left-small:1.92%;\"><div class=\"fusion-column-wrapper fusion-column-has-shadow fusion-flex-justify-content-flex-start fusion-content-layout-column\"><div class=\"fusion-text fusion-text-5\" style=\"--awb-content-alignment:center;\"><h2>Pour r\u00e9sumer VOTRE OBJECTIF EST NOTRE OBJECTIF<\/h2>\n<p>En faisant appel aux m\u00e9caniciens industriels UBC, vous \u00eates assur\u00e9 d\u2019un travail productif et de qualit\u00e9, de la planification pr\u00e9alable \u00e0 l\u2019entretien.<\/p>\n<\/div><\/div><\/div><div class=\"fusion-layout-column fusion_builder_column fusion-builder-column-9 fusion_builder_column_1_2 1_2 fusion-flex-column\" style=\"--awb-bg-size:cover;--awb-width-large:50%;--awb-margin-top-large:0px;--awb-spacing-right-large:3.84%;--awb-margin-bottom-large:0px;--awb-spacing-left-large:3.84%;--awb-width-medium:50%;--awb-order-medium:0;--awb-spacing-right-medium:3.84%;--awb-margin-bottom-medium:30px;--awb-spacing-left-medium:3.84%;--awb-width-small:100%;--awb-order-small:0;--awb-spacing-right-small:1.92%;--awb-spacing-left-small:1.92%;\"><div class=\"fusion-column-wrapper fusion-column-has-shadow fusion-flex-justify-content-flex-start fusion-content-layout-column\"><div class=\"fusion-image-element \" style=\"--awb-caption-title-size:var(--h2_typography-font-size);--awb-caption-title-transform:var(--h2_typography-text-transform);--awb-caption-title-line-height:var(--h2_typography-line-height);--awb-caption-title-letter-spacing:var(--h2_typography-letter-spacing);\"><span class=\" fusion-imageframe imageframe-none imageframe-5 hover-type-none\"><img decoding=\"async\" width=\"991\" height=\"767\" alt=\"UBC Millwrights Banner\" title=\"ubc-millwrights-banner-fre-new2\" src=\"http:\/\/www.ubcmillwrights.ca\/wp-content\/uploads\/2023\/08\/ubc-millwrights-banner-fre-new2.jpeg\" class=\"img-responsive wp-image-5553\" srcset=\"https:\/\/www.ubcmillwrights.ca\/wp-content\/uploads\/2023\/08\/ubc-millwrights-banner-fre-new2-200x155.jpeg 200w, https:\/\/www.ubcmillwrights.ca\/wp-content\/uploads\/2023\/08\/ubc-millwrights-banner-fre-new2-400x310.jpeg 400w, https:\/\/www.ubcmillwrights.ca\/wp-content\/uploads\/2023\/08\/ubc-millwrights-banner-fre-new2-600x464.jpeg 600w, https:\/\/www.ubcmillwrights.ca\/wp-content\/uploads\/2023\/08\/ubc-millwrights-banner-fre-new2-800x619.jpeg 800w, https:\/\/www.ubcmillwrights.ca\/wp-content\/uploads\/2023\/08\/ubc-millwrights-banner-fre-new2.jpeg 991w\" sizes=\"(max-width: 991px) 100vw, 600px\" \/><\/span><\/div><\/div><\/div><div class=\"fusion-layout-column fusion_builder_column fusion-builder-column-10 fusion_builder_column_1_2 1_2 fusion-flex-column fusion-flex-align-self-center\" style=\"--awb-bg-size:cover;--awb-width-large:50%;--awb-margin-top-large:0px;--awb-spacing-right-large:3.84%;--awb-margin-bottom-large:0px;--awb-spacing-left-large:3.84%;--awb-width-medium:50%;--awb-order-medium:0;--awb-spacing-right-medium:3.84%;--awb-spacing-left-medium:3.84%;--awb-width-small:100%;--awb-order-small:0;--awb-spacing-right-small:1.92%;--awb-spacing-left-small:1.92%;\"><div class=\"fusion-column-wrapper fusion-column-has-shadow fusion-flex-justify-content-flex-start fusion-content-layout-column\"><div class=\"fusion-text fusion-text-6\"><h4>Notre promesse est simple :<\/h4>\n<\/div><ul style=\"--awb-size:15px;--awb-margin-bottom:15px;--awb-iconcolor:var(--awb-color6);--awb-textcolor:var(--awb-color4);--awb-line-height:25.5px;--awb-icon-width:25.5px;--awb-icon-height:25.5px;--awb-icon-margin:10.5px;--awb-content-margin:36px;\" class=\"fusion-checklist fusion-checklist-1 fusion-checklist-default type-icons\"><li class=\"fusion-li-item\" style=\"\"><span class=\"icon-wrapper circle-no\"><i class=\"fusion-li-icon fa-check fas\" aria-hidden=\"true\"><\/i><\/span><div class=\"fusion-li-item-content\">Nous travaillerons en toute s\u00e9curit\u00e9, avec pr\u00e9cision et fiabilit\u00e9.<\/div><\/li><li class=\"fusion-li-item\" style=\"\"><span class=\"icon-wrapper circle-no\"><i class=\"fusion-li-icon fa-check fas\" aria-hidden=\"true\"><\/i><\/span><div class=\"fusion-li-item-content\">\n<p>Nous r\u00e9pondrons \u00e0 toutes les demandes rapidement et fournirons le service que nous avons promis.<\/p>\n<\/div><\/li><li class=\"fusion-li-item\" style=\"\"><span class=\"icon-wrapper circle-no\"><i class=\"fusion-li-icon fa-check fas\" aria-hidden=\"true\"><\/i><\/span><div class=\"fusion-li-item-content\">\n<p>Nous communiquerons t\u00f4t et souvent et impliquerons le client \u00e0 chaque \u00e9tape du processus.<\/p>\n<\/div><\/li><li class=\"fusion-li-item\" style=\"\"><span class=\"icon-wrapper circle-no\"><i class=\"fusion-li-icon fa-check fas\" aria-hidden=\"true\"><\/i><\/span><div class=\"fusion-li-item-content\">\n<p>Nous terminerons les projets selon les calendriers sp\u00e9cifi\u00e9s avec fiert\u00e9 et int\u00e9grit\u00e9.<\/p>\n<\/div><\/li><\/ul><div ><a class=\"fusion-button button-flat fusion-button-default-size button-custom fusion-button-default button-3 fusion-button-default-span fusion-button-default-type\" style=\"--button_accent_color:var(--awb-color5);--button_border_color:var(--awb-color5);--button_accent_hover_color:var(--awb-color4);--button_border_hover_color:var(--awb-color1);--button-border-radius-top-left:0px;--button-border-radius-top-right:0px;--button-border-radius-bottom-right:0px;--button-border-radius-bottom-left:0px;--button_gradient_top_color:var(--awb-color4);--button_gradient_bottom_color:var(--awb-color4);--button_gradient_top_color_hover:var(--awb-color1);--button_gradient_bottom_color_hover:var(--awb-color1);--button_text_transform:uppercase;--button_font_size:14px;--button_line_height:1.1em;--button_typography-letter-spacing:0em;--button_typography-font-family:&quot;Montserrat&quot;;--button_typography-font-style:normal;--button_typography-font-weight:500;\" target=\"_self\" data-hover=\"icon_slide\" href=\"https:\/\/www.ubcmillwrights.ca\/fr\/coordonnees\/engagez-un-mecanicien-industriel\/\"><span class=\"fusion-button-text\">ENGAGEZ UN M\u00c9CANICIEN<\/span><i class=\"fa-arrow-right fas button-icon-right\" aria-hidden=\"true\"><\/i><\/a><\/div><\/div><\/div><\/div><\/div><\/p>\n","protected":false},"excerpt":{"rendered":"","protected":false},"author":2,"featured_media":0,"parent":0,"menu_order":20,"comment_status":"closed","ping_status":"closed","template":"100-width.php","meta":{"_acf_changed":false,"content-type":"","footnotes":"","_links_to":"","_links_to_target":""},"class_list":["post-474","page","type-page","status-publish","hentry"],"acf":[],"_links":{"self":[{"href":"https:\/\/www.ubcmillwrights.ca\/fr\/wp-json\/wp\/v2\/pages\/474","targetHints":{"allow":["GET"]}}],"collection":[{"href":"https:\/\/www.ubcmillwrights.ca\/fr\/wp-json\/wp\/v2\/pages"}],"about":[{"href":"https:\/\/www.ubcmillwrights.ca\/fr\/wp-json\/wp\/v2\/types\/page"}],"author":[{"embeddable":true,"href":"https:\/\/www.ubcmillwrights.ca\/fr\/wp-json\/wp\/v2\/users\/2"}],"replies":[{"embeddable":true,"href":"https:\/\/www.ubcmillwrights.ca\/fr\/wp-json\/wp\/v2\/comments?post=474"}],"version-history":[{"count":45,"href":"https:\/\/www.ubcmillwrights.ca\/fr\/wp-json\/wp\/v2\/pages\/474\/revisions"}],"predecessor-version":[{"id":5820,"href":"https:\/\/www.ubcmillwrights.ca\/fr\/wp-json\/wp\/v2\/pages\/474\/revisions\/5820"}],"wp:attachment":[{"href":"https:\/\/www.ubcmillwrights.ca\/fr\/wp-json\/wp\/v2\/media?parent=474"}],"curies":[{"name":"wp","href":"https:\/\/api.w.org\/{rel}","templated":true}]}}