{"id":456,"date":"2022-10-19T13:50:16","date_gmt":"2022-10-19T13:50:16","guid":{"rendered":"http:\/\/ubcmillwrights.ca\/hire-a-millwright-fre\/industry-partners\/"},"modified":"2023-06-29T15:57:55","modified_gmt":"2023-06-29T15:57:55","slug":"partenaire-avec-les-mecaniciens-industriels-de-l-ubc","status":"publish","type":"page","link":"https:\/\/www.ubcmillwrights.ca\/fr\/partenaire-avec-les-mecaniciens-industriels-de-l-ubc\/","title":{"rendered":"Partenaire avec les mecaniciens industriels de l&rsquo;UBC"},"content":{"rendered":"<p><div class=\"fusion-fullwidth fullwidth-box fusion-builder-row-1 fusion-flex-container has-pattern-background has-mask-background nonhundred-percent-fullwidth non-hundred-percent-height-scrolling\" style=\"--awb-border-radius-top-left:0px;--awb-border-radius-top-right:0px;--awb-border-radius-bottom-right:0px;--awb-border-radius-bottom-left:0px;--awb-padding-top:60px;--awb-padding-bottom:60px;--awb-padding-top-medium:30px;--awb-padding-bottom-medium:30px;\" ><div class=\"fusion-builder-row fusion-row fusion-flex-align-items-flex-start\" style=\"max-width:1248px;margin-left: calc(-4% \/ 2 );margin-right: calc(-4% \/ 2 );\"><div class=\"fusion-layout-column fusion_builder_column fusion-builder-column-0 fusion_builder_column_1_1 1_1 fusion-flex-column\" style=\"--awb-bg-size:cover;--awb-width-large:100%;--awb-margin-top-large:0px;--awb-spacing-right-large:1.92%;--awb-margin-bottom-large:0px;--awb-spacing-left-large:1.92%;--awb-width-medium:100%;--awb-order-medium:0;--awb-spacing-right-medium:1.92%;--awb-spacing-left-medium:1.92%;--awb-width-small:100%;--awb-order-small:0;--awb-spacing-right-small:1.92%;--awb-margin-bottom-small:15px;--awb-spacing-left-small:1.92%;\"><div class=\"fusion-column-wrapper fusion-column-has-shadow fusion-flex-justify-content-flex-start fusion-content-layout-column\"><div class=\"fusion-text fusion-text-1\"><h1>PARTENAIRE AVEC LES M\u00c9CANICIENS INDUSTRIELS DE L\u2019UBC<\/h1>\n<p>Assurez le plus haut niveau de service et d\u2019expertise, le moins de temps d\u2019arr\u00eat de production et les pratiques de chantier les plus s\u00e9curitaires en dotant votre projet de m\u00e9caniciens industriels UBC. Nous avons la formation, les comp\u00e9tences et l\u2019exp\u00e9rience n\u00e9cessaires pour effectuer les travaux en toute s\u00e9curit\u00e9, rapidement et correctement.<\/p>\n<\/div><div ><a class=\"fusion-button button-flat fusion-button-default-size button-custom fusion-button-default button-1 fusion-button-default-span fusion-button-default-type\" style=\"--button_accent_color:var(--awb-color4);--button_border_color:var(--awb-color5);--button_accent_hover_color:var(--awb-color4);--button_border_hover_color:var(--awb-color1);--button-border-radius-top-left:0px;--button-border-radius-top-right:0px;--button-border-radius-bottom-right:0px;--button-border-radius-bottom-left:0px;--button_gradient_top_color:var(--awb-color5);--button_gradient_bottom_color:var(--awb-color5);--button_gradient_top_color_hover:var(--awb-color1);--button_gradient_bottom_color_hover:var(--awb-color1);--button_text_transform:uppercase;--button_font_size:14px;--button_line_height:1.1em;--button_typography-letter-spacing:0em;--button_typography-font-family:&quot;Montserrat&quot;;--button_typography-font-style:normal;--button_typography-font-weight:500;\" target=\"_self\" data-hover=\"icon_slide\" href=\"https:\/\/www.ubcmillwrights.ca\/fr\/coordonnees\/engagez-un-mecanicien-industriel\/\"><span class=\"fusion-button-text\">ENGAGEZ UN M\u00c9CANICIEN<\/span><i class=\"fa-arrow-right fas button-icon-right\" aria-hidden=\"true\"><\/i><\/a><\/div><\/div><\/div><\/div><\/div><div class=\"fusion-fullwidth fullwidth-box fusion-builder-row-2 fusion-flex-container has-pattern-background has-mask-background -white hundred-percent-fullwidth non-hundred-percent-height-scrolling\" style=\"--awb-border-radius-top-left:0px;--awb-border-radius-top-right:0px;--awb-border-radius-bottom-right:0px;--awb-border-radius-bottom-left:0px;--awb-padding-right:0px;--awb-padding-left:0px;--awb-padding-right-medium:0px;--awb-padding-left-medium:0px;--awb-background-color:var(--awb-color2);\" ><div class=\"fusion-builder-row fusion-row fusion-flex-align-items-flex-start\" style=\"width:104% !important;max-width:104% !important;margin-left: calc(-4% \/ 2 );margin-right: calc(-4% \/ 2 );\"><div class=\"fusion-layout-column fusion_builder_column fusion-builder-column-1 fusion_builder_column_1_2 1_2 fusion-flex-column fusion-flex-align-self-stretch -max-height\" style=\"--awb-bg-image:url(&#039;http:\/\/ubcmillwrights.ca\/wp-content\/uploads\/2023\/01\/focus-on-safety.jpg&#039;);--awb-bg-position:center center;--awb-bg-size:cover;--awb-width-large:50%;--awb-margin-top-large:0px;--awb-spacing-right-large:0px;--awb-margin-bottom-large:0px;--awb-spacing-left-large:0px;--awb-width-medium:50%;--awb-order-medium:0;--awb-spacing-right-medium:0px;--awb-spacing-left-medium:0px;--awb-width-small:100%;--awb-order-small:1;--awb-spacing-right-small:1.92%;--awb-spacing-left-small:1.92%;\"><div class=\"fusion-column-wrapper fusion-column-has-shadow fusion-flex-justify-content-flex-start fusion-content-layout-column fusion-empty-column-bg-image\" data-bg-url=\"http:\/\/ubcmillwrights.ca\/wp-content\/uploads\/2023\/01\/focus-on-safety.jpg\"><img decoding=\"async\" class=\"fusion-empty-dims-img-placeholder fusion-no-large-visibility\" src=\"data:image\/gif;base64,R0lGODlhAQABAAAAACH5BAEKAAEALAAAAAABAAEAAAICTAEAOw==\"><\/div><\/div><div class=\"fusion-layout-column fusion_builder_column fusion-builder-column-2 fusion_builder_column_1_2 1_2 fusion-flex-column hexagon-bgnd-1\" style=\"--awb-padding-top:90px;--awb-padding-right:60px;--awb-padding-bottom:90px;--awb-padding-left:30px;--awb-padding-top-small:60px;--awb-padding-right-small:30px;--awb-padding-bottom-small:60px;--awb-padding-left-small:30px;--awb-bg-size:cover;--awb-width-large:50%;--awb-margin-top-large:0px;--awb-spacing-right-large:3.84%;--awb-margin-bottom-large:0px;--awb-spacing-left-large:3.84%;--awb-width-medium:50%;--awb-order-medium:0;--awb-spacing-right-medium:3.84%;--awb-spacing-left-medium:3.84%;--awb-width-small:100%;--awb-order-small:2;--awb-spacing-right-small:1.92%;--awb-spacing-left-small:1.92%;\"><div class=\"fusion-column-wrapper fusion-column-has-shadow fusion-flex-justify-content-flex-start fusion-content-layout-column\"><div class=\"fusion-text fusion-text-2\"><h2>Partout dans chaque industrie<\/h2>\n<p>De l\u2019infrastructure \u00e0 la fabrication automobile, les m\u00e9caniciens industriels de l\u2019UBC effectuent le genre de travail essentiel \u00e0 la mission qui fait bouger le monde. Les m\u00e9caniciens industriels de l\u2019UBC re\u00e7oivent une formation approfondie pour acqu\u00e9rir une expertise dans des secteurs tels que la manutention, la m\u00e9catronique, le p\u00e9trole et le gaz, la production d\u2019\u00e9lectricit\u00e9 et les \u00e9nergies renouvelables.<\/p>\n<\/div><div ><a class=\"fusion-button button-flat fusion-button-default-size button-custom fusion-button-default button-2 fusion-button-default-span fusion-button-default-type -underline\" style=\"--button_accent_color:var(--awb-color4);--button_accent_hover_color:var(--awb-color4);--button_border_hover_color:var(--awb-color1);--button_gradient_top_color:rgba(255,255,255,0);--button_gradient_bottom_color:rgba(255,255,255,0);--button_gradient_top_color_hover:rgba(255,255,255,0);--button_gradient_bottom_color_hover:rgba(255,255,255,0);--button_text_transform:uppercase;--button_font_size:16px;--button_line_height:1.1;--button_padding-top:0px;--button_padding-right:0px;--button_padding-bottom:0px;--button_padding-left:0px;--button_typography-letter-spacing:0.0em;--button_typography-font-family:&quot;Montserrat&quot;;--button_typography-font-style:normal;--button_typography-font-weight:600;\" target=\"_self\" data-hover=\"icon_slide\" href=\"https:\/\/www.ubcmillwrights.ca\/fr\/specialisation-de-l-industrie\/\"><span class=\"fusion-button-text\">VOIR TOUTES LES INDUSTRIES DESSERVIES<\/span><i class=\"fa-arrow-right fas button-icon-right\" aria-hidden=\"true\"><\/i><\/a><\/div><\/div><\/div><div class=\"fusion-layout-column fusion_builder_column fusion-builder-column-3 fusion_builder_column_1_2 1_2 fusion-flex-column fusion-flex-align-self-center hexagon-bgnd-2\" style=\"--awb-padding-top:90px;--awb-padding-right:30px;--awb-padding-bottom:90px;--awb-padding-left:60px;--awb-padding-top-small:60px;--awb-padding-right-small:30px;--awb-padding-bottom-small:60px;--awb-padding-left-small:30px;--awb-bg-size:cover;--awb-width-large:50%;--awb-margin-top-large:0px;--awb-spacing-right-large:3.84%;--awb-margin-bottom-large:0px;--awb-spacing-left-large:3.84%;--awb-width-medium:50%;--awb-order-medium:0;--awb-spacing-right-medium:3.84%;--awb-spacing-left-medium:3.84%;--awb-width-small:100%;--awb-order-small:4;--awb-spacing-right-small:1.92%;--awb-spacing-left-small:1.92%;\"><div class=\"fusion-column-wrapper fusion-column-has-shadow fusion-flex-justify-content-flex-start fusion-content-layout-column\"><div class=\"fusion-text fusion-text-3\"><h2>Un accent particulier sur la s\u00e9curit\u00e9<\/h2>\n<p>Rien ne remplace une attention particuli\u00e8re \u00e0 la s\u00e9curit\u00e9, et l\u2019UBC croit qu\u2019un chantier s\u00e9curitaire n\u2019est atteint que par une formation compl\u00e8te pour chaque m\u00e9canicien industriel sur chaque projet. Nos membres doivent suivre et ma\u00eetriser une vari\u00e9t\u00e9 de programmes de formation en sant\u00e9 et s\u00e9curit\u00e9.<\/p>\n<\/div><div ><a class=\"fusion-button button-flat fusion-button-default-size button-custom fusion-button-default button-3 fusion-button-default-span fusion-button-default-type -underline\" style=\"--button_accent_color:var(--awb-color4);--button_accent_hover_color:var(--awb-color4);--button_border_hover_color:var(--awb-color1);--button_gradient_top_color:rgba(255,255,255,0);--button_gradient_bottom_color:rgba(255,255,255,0);--button_gradient_top_color_hover:rgba(255,255,255,0);--button_gradient_bottom_color_hover:rgba(255,255,255,0);--button_text_transform:uppercase;--button_font_size:16px;--button_line_height:1.1;--button_padding-top:0px;--button_padding-right:0px;--button_padding-bottom:0px;--button_padding-left:0px;--button_typography-letter-spacing:0.0em;--button_typography-font-family:&quot;Montserrat&quot;;--button_typography-font-style:normal;--button_typography-font-weight:600;\" target=\"_self\" data-hover=\"icon_slide\" href=\"https:\/\/www.ubcmillwrights.ca\/fr\/formation-sur-les-normes-de-securite-des-mecaniciens-industriels\/\"><span class=\"fusion-button-text\">NOS NORMES DE S\u00c9CURIT\u00c9<\/span><i class=\"fa-arrow-right fas button-icon-right\" aria-hidden=\"true\"><\/i><\/a><\/div><\/div><\/div><div class=\"fusion-layout-column fusion_builder_column fusion-builder-column-4 fusion_builder_column_1_2 1_2 fusion-flex-column fusion-flex-align-self-stretch -max-height\" style=\"--awb-bg-image:url(&#039;http:\/\/www.ubcmillwrights.ca\/wp-content\/uploads\/2023\/05\/special-focus-on-safety.jpg&#039;);--awb-bg-position:center center;--awb-bg-size:cover;--awb-width-large:50%;--awb-margin-top-large:0px;--awb-spacing-right-large:0px;--awb-margin-bottom-large:0px;--awb-spacing-left-large:0px;--awb-width-medium:50%;--awb-order-medium:0;--awb-spacing-right-medium:0px;--awb-spacing-left-medium:0px;--awb-width-small:100%;--awb-order-small:3;--awb-spacing-right-small:1.92%;--awb-spacing-left-small:1.92%;\"><div class=\"fusion-column-wrapper fusion-column-has-shadow fusion-flex-justify-content-flex-start fusion-content-layout-column fusion-empty-column-bg-image\" data-bg-url=\"http:\/\/www.ubcmillwrights.ca\/wp-content\/uploads\/2023\/05\/special-focus-on-safety.jpg\"><img decoding=\"async\" class=\"fusion-empty-dims-img-placeholder fusion-no-large-visibility\" src=\"data:image\/gif;base64,R0lGODlhAQABAAAAACH5BAEKAAEALAAAAAABAAEAAAICTAEAOw==\"><\/div><\/div><\/div><\/div><div class=\"fusion-fullwidth fullwidth-box fusion-builder-row-3 fusion-flex-container has-pattern-background has-mask-background nonhundred-percent-fullwidth non-hundred-percent-height-scrolling\" style=\"--awb-border-radius-top-left:0px;--awb-border-radius-top-right:0px;--awb-border-radius-bottom-right:0px;--awb-border-radius-bottom-left:0px;--awb-padding-top:60px;--awb-padding-bottom:60px;--awb-padding-top-medium:30px;--awb-padding-bottom-medium:30px;\" ><div class=\"fusion-builder-row fusion-row fusion-flex-align-items-flex-start\" style=\"max-width:1248px;margin-left: calc(-4% \/ 2 );margin-right: calc(-4% \/ 2 );\"><div class=\"fusion-layout-column fusion_builder_column fusion-builder-column-5 fusion_builder_column_1_2 1_2 fusion-flex-column\" style=\"--awb-bg-size:cover;--awb-width-large:50%;--awb-margin-top-large:0px;--awb-spacing-right-large:3.84%;--awb-margin-bottom-large:0px;--awb-spacing-left-large:3.84%;--awb-width-medium:50%;--awb-order-medium:0;--awb-spacing-right-medium:3.84%;--awb-spacing-left-medium:3.84%;--awb-width-small:100%;--awb-order-small:0;--awb-spacing-right-small:1.92%;--awb-spacing-left-small:1.92%;\"><div class=\"fusion-column-wrapper fusion-column-has-shadow fusion-flex-justify-content-flex-start fusion-content-layout-column\"><div class=\"fusion-image-element \" style=\"--awb-caption-title-size:var(--h2_typography-font-size);--awb-caption-title-transform:var(--h2_typography-text-transform);--awb-caption-title-line-height:var(--h2_typography-line-height);--awb-caption-title-letter-spacing:var(--h2_typography-letter-spacing);\"><span class=\" fusion-imageframe imageframe-none imageframe-1 hover-type-none\"><img decoding=\"async\" width=\"924\" height=\"966\" alt=\"Being A Millwright\" title=\"being-a-millwright\" src=\"http:\/\/www.ubcmillwrights.ca\/wp-content\/uploads\/2023\/01\/being-a-millwright.jpg\" class=\"img-responsive wp-image-1835\" srcset=\"https:\/\/www.ubcmillwrights.ca\/wp-content\/uploads\/2023\/01\/being-a-millwright-200x209.jpg 200w, https:\/\/www.ubcmillwrights.ca\/wp-content\/uploads\/2023\/01\/being-a-millwright-400x418.jpg 400w, https:\/\/www.ubcmillwrights.ca\/wp-content\/uploads\/2023\/01\/being-a-millwright-600x627.jpg 600w, https:\/\/www.ubcmillwrights.ca\/wp-content\/uploads\/2023\/01\/being-a-millwright-800x836.jpg 800w, https:\/\/www.ubcmillwrights.ca\/wp-content\/uploads\/2023\/01\/being-a-millwright.jpg 924w\" sizes=\"(max-width: 991px) 100vw, 600px\" \/><\/span><\/div><\/div><\/div><div class=\"fusion-layout-column fusion_builder_column fusion-builder-column-6 fusion_builder_column_1_2 1_2 fusion-flex-column\" style=\"--awb-bg-size:cover;--awb-width-large:50%;--awb-margin-top-large:0px;--awb-spacing-right-large:3.84%;--awb-margin-bottom-large:0px;--awb-spacing-left-large:3.84%;--awb-width-medium:50%;--awb-order-medium:0;--awb-spacing-right-medium:3.84%;--awb-spacing-left-medium:3.84%;--awb-width-small:100%;--awb-order-small:0;--awb-spacing-right-small:1.92%;--awb-spacing-left-small:1.92%;\"><div class=\"fusion-column-wrapper fusion-column-has-shadow fusion-flex-justify-content-flex-start fusion-content-layout-column\"><div class=\"fusion-text fusion-text-4\"><h2>Embaucher un entrepreneur qui emploie des m\u00e9caniciens industriels de l\u2019UBC signifie :<\/h2>\n<\/div><ul style=\"--awb-textcolor:var(--awb-color1);--awb-line-height:27.2px;--awb-icon-width:27.2px;--awb-icon-height:27.2px;--awb-icon-margin:11.2px;--awb-content-margin:38.4px;--awb-circlecolor:var(--awb-color6);--awb-circle-yes-font-size:14.08px;\" class=\"fusion-checklist fusion-checklist-1 fusion-checklist-default fusion-checklist-divider type-numbered\"><li class=\"fusion-li-item\" style=\"\"><span class=\"icon-wrapper circle-yes\">1<\/span><div class=\"fusion-li-item-content\">\n<p><strong>Productivit\u00e9<\/strong><br \/>\nNos comp\u00e9tences et notre exp\u00e9rience vous permettent de respecter les d\u00e9lais et le budget de votre projet.<\/p>\n<\/div><\/li><li class=\"fusion-li-item\" style=\"\"><span class=\"icon-wrapper circle-yes\">2<\/span><div class=\"fusion-li-item-content\">\n<p><strong>Comp\u00e9titivit\u00e9<\/strong><br \/>\nDes solutions et des horaires de travail flexibles pour r\u00e9pondre aux sp\u00e9cifications de votre projet.<\/p>\n<\/div><\/li><li class=\"fusion-li-item\" style=\"\"><span class=\"icon-wrapper circle-yes\">3<\/span><div class=\"fusion-li-item-content\"><strong>Fiabilit\u00e9<\/strong><br \/>\nDes \u00e9quipes disciplin\u00e9es arrivent o\u00f9, quand et aussi longtemps que n\u00e9cessaire.<\/div><\/li><li class=\"fusion-li-item\" style=\"\"><span class=\"icon-wrapper circle-yes\">4<\/span><div class=\"fusion-li-item-content\"><strong>Exactitude<\/strong><br \/>\nDes sp\u00e9cialistes certifi\u00e9s sont form\u00e9s aux derniers produits et techniques.<\/div><\/li><li class=\"fusion-li-item\" style=\"\"><span class=\"icon-wrapper circle-yes\">5<\/span><div class=\"fusion-li-item-content\"><strong>S\u00e9curit\u00e9<\/strong><br \/>\nUne formation intensive en s\u00e9curit\u00e9 aide \u00e0 cr\u00e9er le chantier le plus s\u00e9curitaire possible.<\/div><\/li><li class=\"fusion-li-item\" style=\"\"><span class=\"icon-wrapper circle-yes\">6<\/span><div class=\"fusion-li-item-content\">\n<p><strong>Direction<\/strong><br \/>\nLa formation des contrema\u00eetres et des chefs de chantier est disponible pour une direction solide sur le chantier.<\/p>\n<\/div><\/li><li class=\"fusion-li-item\" style=\"\"><span class=\"icon-wrapper circle-yes\">7<\/span><div class=\"fusion-li-item-content\"><strong>Professionnalisme<\/strong><br \/>\nLes membres du personnel syndical sont d\u00e9termin\u00e9s \u00e0 faire de ce projet un succ\u00e8s.<\/div><\/li><li class=\"fusion-li-item\" style=\"\"><span class=\"icon-wrapper circle-yes\">8<\/span><div class=\"fusion-li-item-content\"><strong>Partenaire<\/strong><br \/>\nEmployez aujourd\u2019hui la main-d\u2019\u0153uvre de m\u00e9caniciens industriels la plus s\u00e9curitaire et la plus qualifi\u00e9e sur le plan technique.<\/div><\/li><\/ul><\/div><\/div><\/div><\/div><div class=\"fusion-fullwidth fullwidth-box fusion-builder-row-4 fusion-flex-container has-pattern-background has-mask-background nonhundred-percent-fullwidth non-hundred-percent-height-scrolling\" style=\"--awb-border-radius-top-left:0px;--awb-border-radius-top-right:0px;--awb-border-radius-bottom-right:0px;--awb-border-radius-bottom-left:0px;--awb-padding-top:45px;--awb-padding-bottom:45px;--awb-padding-top-medium:45px;--awb-padding-right-medium:30px;--awb-padding-bottom-medium:45px;--awb-padding-left-medium:30px;--awb-background-color:var(--awb-color3);\" ><div class=\"fusion-builder-row fusion-row fusion-flex-align-items-flex-start\" style=\"max-width:1248px;margin-left: calc(-4% \/ 2 );margin-right: calc(-4% \/ 2 );\"><div class=\"fusion-layout-column fusion_builder_column fusion-builder-column-7 fusion_builder_column_4_5 4_5 fusion-flex-column fusion-flex-align-self-center\" style=\"--awb-bg-size:cover;--awb-width-large:80%;--awb-margin-top-large:0px;--awb-spacing-right-large:2.4%;--awb-margin-bottom-large:0px;--awb-spacing-left-large:2.4%;--awb-width-medium:80%;--awb-order-medium:0;--awb-spacing-right-medium:2.4%;--awb-spacing-left-medium:2.4%;--awb-width-small:100%;--awb-order-small:2;--awb-margin-top-small:30px;--awb-spacing-right-small:1.92%;--awb-spacing-left-small:1.92%;\"><div class=\"fusion-column-wrapper fusion-column-has-shadow fusion-flex-justify-content-flex-start fusion-content-layout-column\"><div class=\"fusion-text fusion-text-5 md-text-align-center sm-text-align-center fusion-text-no-margin\" style=\"--awb-margin-bottom:15px;\"><h3 class=\"-capitalize\">Employez aujourd\u2019hui la main-d\u2019\u0153uvre de chantier la plus s\u00e9curitaire et la plus qualifi\u00e9e. Faites le bon choix!<\/h3>\n<\/div><div class=\"md-text-align-center sm-text-align-center\"><a class=\"fusion-button button-flat fusion-button-default-size button-custom fusion-button-default button-4 fusion-button-default-span fusion-button-default-type\" style=\"--button_accent_color:var(--awb-color4);--button_border_color:var(--awb-color5);--button_accent_hover_color:var(--awb-color4);--button_border_hover_color:var(--awb-color1);--button-border-radius-top-left:0px;--button-border-radius-top-right:0px;--button-border-radius-bottom-right:0px;--button-border-radius-bottom-left:0px;--button_gradient_top_color:var(--awb-color5);--button_gradient_bottom_color:var(--awb-color5);--button_gradient_top_color_hover:var(--awb-color1);--button_gradient_bottom_color_hover:var(--awb-color1);--button_text_transform:uppercase;--button_font_size:14px;--button_line_height:1.1em;--button_typography-letter-spacing:0em;--button_typography-font-family:&quot;Montserrat&quot;;--button_typography-font-style:normal;--button_typography-font-weight:500;\" target=\"_self\" data-hover=\"icon_slide\" href=\"https:\/\/www.ubcmillwrights.ca\/fr\/coordonnees\/engagez-un-mecanicien-industriel\/\"><span class=\"fusion-button-text\">ENGAGEZ UN M\u00c9CANICIEN<\/span><i class=\"fa-arrow-right fas button-icon-right\" aria-hidden=\"true\"><\/i><\/a><\/div><\/div><\/div><div class=\"fusion-layout-column fusion_builder_column fusion-builder-column-8 fusion_builder_column_1_5 1_5 fusion-flex-column fusion-flex-align-self-center\" style=\"--awb-padding-right-medium:30px;--awb-padding-left-medium:30px;--awb-bg-size:cover;--awb-width-large:20%;--awb-margin-top-large:0px;--awb-spacing-right-large:9.6%;--awb-margin-bottom-large:0px;--awb-spacing-left-large:9.6%;--awb-width-medium:20%;--awb-order-medium:0;--awb-spacing-right-medium:9.6%;--awb-spacing-left-medium:9.6%;--awb-width-small:100%;--awb-order-small:1;--awb-spacing-right-small:1.92%;--awb-spacing-left-small:1.92%;\"><div class=\"fusion-column-wrapper fusion-column-has-shadow fusion-flex-justify-content-flex-start fusion-content-layout-column\"><div class=\"fusion-image-element \" style=\"text-align:center;--awb-max-width:250px;--awb-caption-title-size:var(--h2_typography-font-size);--awb-caption-title-transform:var(--h2_typography-text-transform);--awb-caption-title-line-height:var(--h2_typography-line-height);--awb-caption-title-letter-spacing:var(--h2_typography-letter-spacing);\"><span class=\" fusion-imageframe imageframe-none imageframe-2 hover-type-none\"><img decoding=\"async\" width=\"500\" height=\"500\" alt=\"UBC Millwrights - On Time Every Time\" title=\"UBC-logo\" src=\"https:\/\/www.ubcmillwrights.ca\/wp-content\/uploads\/2023\/06\/UBC-Millwright-Logo-New.png\" class=\"img-responsive wp-image-757\"\/><\/span><\/div><\/div><\/div><\/div><\/div><\/p>\n","protected":false},"excerpt":{"rendered":"","protected":false},"author":2,"featured_media":0,"parent":0,"menu_order":15,"comment_status":"closed","ping_status":"closed","template":"100-width.php","meta":{"_acf_changed":false,"content-type":"","footnotes":"","_links_to":"","_links_to_target":""},"class_list":["post-456","page","type-page","status-publish","hentry"],"acf":[],"_links":{"self":[{"href":"https:\/\/www.ubcmillwrights.ca\/fr\/wp-json\/wp\/v2\/pages\/456","targetHints":{"allow":["GET"]}}],"collection":[{"href":"https:\/\/www.ubcmillwrights.ca\/fr\/wp-json\/wp\/v2\/pages"}],"about":[{"href":"https:\/\/www.ubcmillwrights.ca\/fr\/wp-json\/wp\/v2\/types\/page"}],"author":[{"embeddable":true,"href":"https:\/\/www.ubcmillwrights.ca\/fr\/wp-json\/wp\/v2\/users\/2"}],"replies":[{"embeddable":true,"href":"https:\/\/www.ubcmillwrights.ca\/fr\/wp-json\/wp\/v2\/comments?post=456"}],"version-history":[{"count":42,"href":"https:\/\/www.ubcmillwrights.ca\/fr\/wp-json\/wp\/v2\/pages\/456\/revisions"}],"predecessor-version":[{"id":5187,"href":"https:\/\/www.ubcmillwrights.ca\/fr\/wp-json\/wp\/v2\/pages\/456\/revisions\/5187"}],"wp:attachment":[{"href":"https:\/\/www.ubcmillwrights.ca\/fr\/wp-json\/wp\/v2\/media?parent=456"}],"curies":[{"name":"wp","href":"https:\/\/api.w.org\/{rel}","templated":true}]}}