{"id":450,"date":"2022-10-19T13:49:34","date_gmt":"2022-10-19T13:49:34","guid":{"rendered":"http:\/\/ubcmillwrights.ca\/hire-a-millwright-fre\/commitment-to-excellence\/"},"modified":"2023-06-29T15:57:32","modified_gmt":"2023-06-29T15:57:32","slug":"engagement-envers-l-excellence","status":"publish","type":"page","link":"https:\/\/www.ubcmillwrights.ca\/fr\/engagement-envers-l-excellence\/","title":{"rendered":"Engagement envers l\u2019excellence"},"content":{"rendered":"<p><div class=\"fusion-fullwidth fullwidth-box fusion-builder-row-1 fusion-flex-container has-pattern-background has-mask-background nonhundred-percent-fullwidth non-hundred-percent-height-scrolling\" style=\"--awb-border-radius-top-left:0px;--awb-border-radius-top-right:0px;--awb-border-radius-bottom-right:0px;--awb-border-radius-bottom-left:0px;--awb-padding-top:60px;--awb-padding-bottom:60px;--awb-padding-top-medium:30px;--awb-padding-bottom-medium:30px;\" ><div class=\"fusion-builder-row fusion-row fusion-flex-align-items-flex-start\" style=\"max-width:1248px;margin-left: calc(-4% \/ 2 );margin-right: calc(-4% \/ 2 );\"><div class=\"fusion-layout-column fusion_builder_column fusion-builder-column-0 fusion_builder_column_1_1 1_1 fusion-flex-column\" style=\"--awb-bg-size:cover;--awb-width-large:100%;--awb-margin-top-large:0px;--awb-spacing-right-large:1.92%;--awb-margin-bottom-large:0px;--awb-spacing-left-large:1.92%;--awb-width-medium:100%;--awb-order-medium:0;--awb-spacing-right-medium:1.92%;--awb-spacing-left-medium:1.92%;--awb-width-small:100%;--awb-order-small:0;--awb-spacing-right-small:1.92%;--awb-spacing-left-small:1.92%;\"><div class=\"fusion-column-wrapper fusion-column-has-shadow fusion-flex-justify-content-flex-start fusion-content-layout-column\"><div class=\"fusion-text fusion-text-1\"><h1>L\u2019engagement des membres envers l\u2019excellence<\/h1>\n<p>Une main-d\u2019\u0153uvre d\u00e9di\u00e9e \u00e0 vos besoins<\/p>\n<\/div><\/div><\/div><div class=\"fusion-layout-column fusion_builder_column fusion-builder-column-1 fusion_builder_column_1_3 1_3 fusion-flex-column\" style=\"--awb-bg-size:cover;--awb-width-large:33.333333333333%;--awb-margin-top-large:15px;--awb-spacing-right-large:5.76%;--awb-margin-bottom-large:0px;--awb-spacing-left-large:5.76%;--awb-width-medium:33.333333333333%;--awb-order-medium:0;--awb-spacing-right-medium:5.76%;--awb-spacing-left-medium:5.76%;--awb-width-small:100%;--awb-order-small:0;--awb-spacing-right-small:1.92%;--awb-spacing-left-small:1.92%;\"><div class=\"fusion-column-wrapper fusion-column-has-shadow fusion-flex-justify-content-flex-start fusion-content-layout-column\"><div class=\"fusion-image-element \" style=\"--awb-caption-title-size:var(--h2_typography-font-size);--awb-caption-title-transform:var(--h2_typography-text-transform);--awb-caption-title-line-height:var(--h2_typography-line-height);--awb-caption-title-letter-spacing:var(--h2_typography-letter-spacing);\"><span class=\" fusion-imageframe imageframe-none imageframe-1 hover-type-none\"><img decoding=\"async\" width=\"767\" height=\"477\" alt=\"Commitment to Excellence\" title=\"commitment-to-excellence1\" src=\"http:\/\/www.ubcmillwrights.ca\/wp-content\/uploads\/2023\/05\/commitment-to-excellence1.jpg\" class=\"img-responsive wp-image-4180\" srcset=\"https:\/\/www.ubcmillwrights.ca\/wp-content\/uploads\/2023\/05\/commitment-to-excellence1-200x124.jpg 200w, https:\/\/www.ubcmillwrights.ca\/wp-content\/uploads\/2023\/05\/commitment-to-excellence1-400x249.jpg 400w, https:\/\/www.ubcmillwrights.ca\/wp-content\/uploads\/2023\/05\/commitment-to-excellence1-600x373.jpg 600w, https:\/\/www.ubcmillwrights.ca\/wp-content\/uploads\/2023\/05\/commitment-to-excellence1.jpg 767w\" sizes=\"(max-width: 991px) 100vw, 400px\" \/><\/span><\/div><\/div><\/div><div class=\"fusion-layout-column fusion_builder_column fusion-builder-column-2 fusion_builder_column_1_3 1_3 fusion-flex-column\" style=\"--awb-bg-size:cover;--awb-width-large:33.333333333333%;--awb-margin-top-large:15px;--awb-spacing-right-large:5.76%;--awb-margin-bottom-large:0px;--awb-spacing-left-large:5.76%;--awb-width-medium:33.333333333333%;--awb-order-medium:0;--awb-spacing-right-medium:5.76%;--awb-spacing-left-medium:5.76%;--awb-width-small:100%;--awb-order-small:0;--awb-spacing-right-small:1.92%;--awb-spacing-left-small:1.92%;\"><div class=\"fusion-column-wrapper fusion-column-has-shadow fusion-flex-justify-content-flex-start fusion-content-layout-column\"><div class=\"fusion-image-element \" style=\"--awb-caption-title-size:var(--h2_typography-font-size);--awb-caption-title-transform:var(--h2_typography-text-transform);--awb-caption-title-line-height:var(--h2_typography-line-height);--awb-caption-title-letter-spacing:var(--h2_typography-letter-spacing);\"><span class=\" fusion-imageframe imageframe-none imageframe-2 hover-type-none\"><img decoding=\"async\" width=\"767\" height=\"477\" alt=\"Laser shaft alignment\" title=\"commitment-to-excellence2\" src=\"http:\/\/www.ubcmillwrights.ca\/wp-content\/uploads\/2023\/01\/commitment-to-excellence2.jpg\" class=\"img-responsive wp-image-1752\" srcset=\"https:\/\/www.ubcmillwrights.ca\/wp-content\/uploads\/2023\/01\/commitment-to-excellence2-200x124.jpg 200w, https:\/\/www.ubcmillwrights.ca\/wp-content\/uploads\/2023\/01\/commitment-to-excellence2-400x249.jpg 400w, https:\/\/www.ubcmillwrights.ca\/wp-content\/uploads\/2023\/01\/commitment-to-excellence2-600x373.jpg 600w, https:\/\/www.ubcmillwrights.ca\/wp-content\/uploads\/2023\/01\/commitment-to-excellence2.jpg 767w\" sizes=\"(max-width: 991px) 100vw, 400px\" \/><\/span><\/div><\/div><\/div><div class=\"fusion-layout-column fusion_builder_column fusion-builder-column-3 fusion_builder_column_1_3 1_3 fusion-flex-column\" style=\"--awb-bg-size:cover;--awb-width-large:33.333333333333%;--awb-margin-top-large:15px;--awb-spacing-right-large:5.76%;--awb-margin-bottom-large:0px;--awb-spacing-left-large:5.76%;--awb-width-medium:33.333333333333%;--awb-order-medium:0;--awb-spacing-right-medium:5.76%;--awb-spacing-left-medium:5.76%;--awb-width-small:100%;--awb-order-small:0;--awb-spacing-right-small:1.92%;--awb-spacing-left-small:1.92%;\"><div class=\"fusion-column-wrapper fusion-column-has-shadow fusion-flex-justify-content-flex-start fusion-content-layout-column\"><div class=\"fusion-image-element \" style=\"--awb-caption-title-size:var(--h2_typography-font-size);--awb-caption-title-transform:var(--h2_typography-text-transform);--awb-caption-title-line-height:var(--h2_typography-line-height);--awb-caption-title-letter-spacing:var(--h2_typography-letter-spacing);\"><span class=\" fusion-imageframe imageframe-none imageframe-3 hover-type-none\"><img decoding=\"async\" width=\"767\" height=\"477\" alt=\"Classroom Training\" title=\"commitment-to-excellence3\" src=\"http:\/\/www.ubcmillwrights.ca\/wp-content\/uploads\/2023\/01\/commitment-to-excellence3.jpg\" class=\"img-responsive wp-image-1748\" srcset=\"https:\/\/www.ubcmillwrights.ca\/wp-content\/uploads\/2023\/01\/commitment-to-excellence3-200x124.jpg 200w, https:\/\/www.ubcmillwrights.ca\/wp-content\/uploads\/2023\/01\/commitment-to-excellence3-400x249.jpg 400w, https:\/\/www.ubcmillwrights.ca\/wp-content\/uploads\/2023\/01\/commitment-to-excellence3-600x373.jpg 600w, https:\/\/www.ubcmillwrights.ca\/wp-content\/uploads\/2023\/01\/commitment-to-excellence3.jpg 767w\" sizes=\"(max-width: 991px) 100vw, 400px\" \/><\/span><\/div><\/div><\/div><div class=\"fusion-layout-column fusion_builder_column fusion-builder-column-4 fusion_builder_column_1_1 1_1 fusion-flex-column\" style=\"--awb-bg-size:cover;--awb-width-large:100%;--awb-margin-top-large:30px;--awb-spacing-right-large:1.92%;--awb-margin-bottom-large:0px;--awb-spacing-left-large:1.92%;--awb-width-medium:100%;--awb-order-medium:0;--awb-spacing-right-medium:1.92%;--awb-spacing-left-medium:1.92%;--awb-width-small:100%;--awb-order-small:0;--awb-spacing-right-small:1.92%;--awb-spacing-left-small:1.92%;\"><div class=\"fusion-column-wrapper fusion-column-has-shadow fusion-flex-justify-content-flex-start fusion-content-layout-column\"><div class=\"fusion-text fusion-text-2\"><h2>Travail en toute s\u00e9curit\u00e9 et sans perturbation<\/h2>\n<p>La protection de nos emplois n\u00e9cessite un avantage concurrentiel pour nos sous-traitants afin qu\u2019ils puissent envoyer un message clair aux entreprises : le travail sera effectu\u00e9 dans les d\u00e9lais, dans les limites du budget, avec un travail de haute qualit\u00e9, s\u00e9curitaire et sans perturbation. Notre syndicat ne peut tenir ses promesses que si chacun de ses membres s\u2019engage chaque jour \u00e0 atteindre l\u2019excellence au travail.<\/p>\n<\/div><\/div><\/div><\/div><\/div><div class=\"fusion-fullwidth fullwidth-box fusion-builder-row-2 fusion-flex-container has-pattern-background has-mask-background hexagon-bgnd nonhundred-percent-fullwidth non-hundred-percent-height-scrolling\" style=\"--awb-border-radius-top-left:0px;--awb-border-radius-top-right:0px;--awb-border-radius-bottom-right:0px;--awb-border-radius-bottom-left:0px;--awb-padding-top:60px;--awb-padding-bottom:60px;--awb-padding-top-medium:30px;--awb-padding-bottom-medium:30px;--awb-background-color:var(--awb-color2);\" ><div class=\"fusion-builder-row fusion-row fusion-flex-align-items-flex-start\" style=\"max-width:1248px;margin-left: calc(-4% \/ 2 );margin-right: calc(-4% \/ 2 );\"><div class=\"fusion-layout-column fusion_builder_column fusion-builder-column-5 fusion_builder_column_1_1 1_1 fusion-flex-column\" style=\"--awb-bg-size:cover;--awb-width-large:100%;--awb-margin-top-large:0px;--awb-spacing-right-large:1.92%;--awb-margin-bottom-large:0px;--awb-spacing-left-large:1.92%;--awb-width-medium:100%;--awb-order-medium:0;--awb-spacing-right-medium:1.92%;--awb-spacing-left-medium:1.92%;--awb-width-small:100%;--awb-order-small:0;--awb-spacing-right-small:1.92%;--awb-spacing-left-small:1.92%;\"><div class=\"fusion-column-wrapper fusion-column-has-shadow fusion-flex-justify-content-flex-start fusion-content-layout-column\"><div class=\"fusion-text fusion-text-3\"><h2 class=\"-white\">Quel est notre engagement envers l\u2019excellence?<\/h2>\n<p class=\"-white\"><strong>Notre engagement envers l\u2019excellence signifie :<\/strong><\/p>\n<ul class=\"-white\">\n<li>Pas d\u2019absent\u00e9isme<\/li>\n<li>Ponctualit\u00e9 \u2013 arriver au travail \u00e0 l\u2019heure, \u00eatre apte au travail avec les outils et les v\u00eatements appropri\u00e9s, travailler une journ\u00e9e compl\u00e8te et maintenir les pauses dans la limite prescrite<\/li>\n<li>Productivit\u00e9, s\u00e9curit\u00e9 et coop\u00e9ration sup\u00e9rieures<\/li>\n<li>Respect strict de la tol\u00e9rance z\u00e9ro \u00e0 l\u2019abus de substances<\/li>\n<li>Aucune entreprise personnelle men\u00e9e pendant les heures de travail (c.-\u00e0-d. dispositifs de communication \u00e9lectronique)<\/li>\n<li>Respecter les biens de l\u2019entreprise, les outils de notre employeur et les outils de nos collaborateurs<\/li>\n<li>Respecter les r\u00e8gles du site de l\u2019employeur, les proc\u00e9dures de travail, les politiques, les directives et les conventions collectives<\/li>\n<\/ul>\n<\/div><div class=\"fusion-text fusion-text-4\" style=\"--awb-margin-top:30px;\"><h2 class=\"-white\">Quel est notre engagement envers l\u2019excellence?<\/h2>\n<p class=\"-white\"><strong>Notre engagement envers l\u2019excellence signifie :<\/strong><\/p>\n<ul class=\"-white\">\n<li>Pas d\u2019absent\u00e9isme<\/li>\n<li>Ponctualit\u00e9 \u2013 arriver au travail \u00e0 l\u2019heure, \u00eatre apte au travail avec les outils et les v\u00eatements appropri\u00e9s, travailler une journ\u00e9e compl\u00e8te et maintenir les pauses dans la limite prescrite<\/li>\n<li>Productivit\u00e9, s\u00e9curit\u00e9 et coop\u00e9ration sup\u00e9rieures<\/li>\n<li>Respect strict de la tol\u00e9rance z\u00e9ro \u00e0 l\u2019abus de substances<\/li>\n<li>Aucune entreprise personnelle men\u00e9e pendant les heures de travail (c.-\u00e0-d. dispositifs de communication \u00e9lectronique)<\/li>\n<li>Respecter les biens de l\u2019entreprise, les outils de notre employeur et les outils de nos collaborateurs<\/li>\n<li>Respecter les r\u00e8gles du site de l\u2019employeur, les proc\u00e9dures de travail, les politiques, les directives et les conventions collectives<\/li>\n<\/ul>\n<\/div><div class=\"fusion-text fusion-text-5\" style=\"--awb-margin-top:30px;\"><h2 class=\"-white\">Que se passe-t-il si un membre ne respecte pas notre engagement envers l\u2019excellence?<\/h2>\n<p class=\"-white\">Si les membres ne veulent pas se conformer \u00e0 leurs responsabilit\u00e9s en vertu de notre engagement envers l\u2019excellence, ils seront amen\u00e9s devant l\u2019ex\u00e9cutif de la section locale pour expliquer leurs actions et s\u2019ils ne sont pas r\u00e9solus \u00e0 ce niveau, ils peuvent \u00eatre amen\u00e9s devant le comit\u00e9 de discipline du conseil r\u00e9gional. Le comit\u00e9 de discipline prendra les mesures correctives appropri\u00e9es qui peuvent inclure l\u2019imposition de proc\u00e9dures disciplinaires internes, pouvant aller jusqu\u2019\u00e0 des accusations en vertu de la constitution des charpentiers.<\/p>\n<\/div><\/div><\/div><\/div><\/div><div class=\"fusion-fullwidth fullwidth-box fusion-builder-row-3 fusion-flex-container has-pattern-background has-mask-background nonhundred-percent-fullwidth non-hundred-percent-height-scrolling\" style=\"--awb-border-radius-top-left:0px;--awb-border-radius-top-right:0px;--awb-border-radius-bottom-right:0px;--awb-border-radius-bottom-left:0px;--awb-padding-top:45px;--awb-padding-bottom:45px;--awb-padding-top-medium:45px;--awb-padding-right-medium:30px;--awb-padding-bottom-medium:45px;--awb-padding-left-medium:30px;--awb-background-color:var(--awb-color3);\" ><div class=\"fusion-builder-row fusion-row fusion-flex-align-items-flex-start\" style=\"max-width:1248px;margin-left: calc(-4% \/ 2 );margin-right: calc(-4% \/ 2 );\"><div class=\"fusion-layout-column fusion_builder_column fusion-builder-column-6 fusion_builder_column_4_5 4_5 fusion-flex-column fusion-flex-align-self-center\" style=\"--awb-bg-size:cover;--awb-width-large:80%;--awb-margin-top-large:0px;--awb-spacing-right-large:2.4%;--awb-margin-bottom-large:0px;--awb-spacing-left-large:2.4%;--awb-width-medium:80%;--awb-order-medium:0;--awb-spacing-right-medium:2.4%;--awb-spacing-left-medium:2.4%;--awb-width-small:100%;--awb-order-small:2;--awb-margin-top-small:30px;--awb-spacing-right-small:1.92%;--awb-spacing-left-small:1.92%;\"><div class=\"fusion-column-wrapper fusion-column-has-shadow fusion-flex-justify-content-flex-start fusion-content-layout-column\"><div class=\"fusion-text fusion-text-6 md-text-align-center sm-text-align-center fusion-text-no-margin\" style=\"--awb-margin-bottom:15px;\"><h3 class=\"-capitalize\">Employez aujourd\u2019hui la main-d\u2019\u0153uvre de chantier la plus s\u00e9curitaire et la plus qualifi\u00e9e. Faites le bon choix!<\/h3>\n<\/div><div class=\"md-text-align-center sm-text-align-center\"><a class=\"fusion-button button-flat fusion-button-default-size button-custom fusion-button-default button-1 fusion-button-default-span fusion-button-default-type\" style=\"--button_accent_color:var(--awb-color4);--button_border_color:var(--awb-color5);--button_accent_hover_color:var(--awb-color4);--button_border_hover_color:var(--awb-color1);--button-border-radius-top-left:0px;--button-border-radius-top-right:0px;--button-border-radius-bottom-right:0px;--button-border-radius-bottom-left:0px;--button_gradient_top_color:var(--awb-color5);--button_gradient_bottom_color:var(--awb-color5);--button_gradient_top_color_hover:var(--awb-color1);--button_gradient_bottom_color_hover:var(--awb-color1);--button_text_transform:uppercase;--button_font_size:14px;--button_line_height:1.1em;--button_typography-letter-spacing:0em;--button_typography-font-family:&quot;Montserrat&quot;;--button_typography-font-style:normal;--button_typography-font-weight:500;\" target=\"_self\" data-hover=\"icon_slide\" href=\"https:\/\/www.ubcmillwrights.ca\/fr\/coordonnees\/engagez-un-mecanicien-industriel\/\"><span class=\"fusion-button-text\">ENGAGEZ UN M\u00c9CANICIEN<\/span><i class=\"fa-arrow-right fas button-icon-right\" aria-hidden=\"true\"><\/i><\/a><\/div><\/div><\/div><div class=\"fusion-layout-column fusion_builder_column fusion-builder-column-7 fusion_builder_column_1_5 1_5 fusion-flex-column fusion-flex-align-self-center\" style=\"--awb-padding-right-medium:30px;--awb-padding-left-medium:30px;--awb-bg-size:cover;--awb-width-large:20%;--awb-margin-top-large:0px;--awb-spacing-right-large:9.6%;--awb-margin-bottom-large:0px;--awb-spacing-left-large:9.6%;--awb-width-medium:20%;--awb-order-medium:0;--awb-spacing-right-medium:9.6%;--awb-spacing-left-medium:9.6%;--awb-width-small:100%;--awb-order-small:1;--awb-spacing-right-small:1.92%;--awb-spacing-left-small:1.92%;\"><div class=\"fusion-column-wrapper fusion-column-has-shadow fusion-flex-justify-content-flex-start fusion-content-layout-column\"><div class=\"fusion-image-element \" style=\"text-align:center;--awb-max-width:250px;--awb-caption-title-size:var(--h2_typography-font-size);--awb-caption-title-transform:var(--h2_typography-text-transform);--awb-caption-title-line-height:var(--h2_typography-line-height);--awb-caption-title-letter-spacing:var(--h2_typography-letter-spacing);\"><span class=\" fusion-imageframe imageframe-none imageframe-4 hover-type-none\"><img decoding=\"async\" width=\"500\" height=\"500\" alt=\"UBC Millwrights - On Time Every Time\" title=\"UBC-logo\" src=\"https:\/\/www.ubcmillwrights.ca\/wp-content\/uploads\/2023\/06\/UBC-Millwright-Logo-New.png\" class=\"img-responsive wp-image-757\"\/><\/span><\/div><\/div><\/div><\/div><\/div><\/p>\n","protected":false},"excerpt":{"rendered":"","protected":false},"author":2,"featured_media":0,"parent":0,"menu_order":13,"comment_status":"closed","ping_status":"closed","template":"100-width.php","meta":{"_acf_changed":false,"content-type":"","footnotes":"","_links_to":"","_links_to_target":""},"class_list":["post-450","page","type-page","status-publish","hentry"],"acf":[],"_links":{"self":[{"href":"https:\/\/www.ubcmillwrights.ca\/fr\/wp-json\/wp\/v2\/pages\/450","targetHints":{"allow":["GET"]}}],"collection":[{"href":"https:\/\/www.ubcmillwrights.ca\/fr\/wp-json\/wp\/v2\/pages"}],"about":[{"href":"https:\/\/www.ubcmillwrights.ca\/fr\/wp-json\/wp\/v2\/types\/page"}],"author":[{"embeddable":true,"href":"https:\/\/www.ubcmillwrights.ca\/fr\/wp-json\/wp\/v2\/users\/2"}],"replies":[{"embeddable":true,"href":"https:\/\/www.ubcmillwrights.ca\/fr\/wp-json\/wp\/v2\/comments?post=450"}],"version-history":[{"count":27,"href":"https:\/\/www.ubcmillwrights.ca\/fr\/wp-json\/wp\/v2\/pages\/450\/revisions"}],"predecessor-version":[{"id":5183,"href":"https:\/\/www.ubcmillwrights.ca\/fr\/wp-json\/wp\/v2\/pages\/450\/revisions\/5183"}],"wp:attachment":[{"href":"https:\/\/www.ubcmillwrights.ca\/fr\/wp-json\/wp\/v2\/media?parent=450"}],"curies":[{"name":"wp","href":"https:\/\/api.w.org\/{rel}","templated":true}]}}