{"id":410,"date":"2022-10-19T19:07:02","date_gmt":"2022-10-19T19:07:02","guid":{"rendered":"http:\/\/ubcmillwrights.ca\/contact\/"},"modified":"2024-07-31T03:52:49","modified_gmt":"2024-07-31T03:52:49","slug":"coordonnees","status":"publish","type":"page","link":"https:\/\/www.ubcmillwrights.ca\/fr\/coordonnees\/","title":{"rendered":"Coordonn\u00e9es"},"content":{"rendered":"<p><div class=\"fusion-fullwidth fullwidth-box fusion-builder-row-1 fusion-flex-container has-pattern-background has-mask-background nonhundred-percent-fullwidth non-hundred-percent-height-scrolling\" style=\"--awb-border-radius-top-left:0px;--awb-border-radius-top-right:0px;--awb-border-radius-bottom-right:0px;--awb-border-radius-bottom-left:0px;--awb-padding-top:60px;--awb-padding-bottom:60px;--awb-padding-top-medium:30px;--awb-padding-bottom-medium:30px;\" ><div class=\"fusion-builder-row fusion-row fusion-flex-align-items-flex-start\" style=\"max-width:1248px;margin-left: calc(-4% \/ 2 );margin-right: calc(-4% \/ 2 );\"><div class=\"fusion-layout-column fusion_builder_column fusion-builder-column-0 fusion_builder_column_1_2 1_2 fusion-flex-column\" style=\"--awb-bg-size:cover;--awb-width-large:50%;--awb-margin-top-large:0px;--awb-spacing-right-large:3.84%;--awb-margin-bottom-large:0px;--awb-spacing-left-large:3.84%;--awb-width-medium:50%;--awb-order-medium:0;--awb-spacing-right-medium:3.84%;--awb-spacing-left-medium:3.84%;--awb-width-small:100%;--awb-order-small:0;--awb-spacing-right-small:1.92%;--awb-margin-bottom-small:15px;--awb-spacing-left-small:1.92%;\"><div class=\"fusion-column-wrapper fusion-column-has-shadow fusion-flex-justify-content-flex-start fusion-content-layout-column\"><div class=\"fusion-text fusion-text-1\"><h1>POUR NOUS JOINDRE<\/h1>\n<p>Millwright Regional Council \u2013 Canada (MRC)<br \/>\n79 Sunrise Avenue<br \/>\nToronto, Ontario<br \/>\n\u200bM4A 1A9<\/p>\n<p><strong>T\u00e9l:<\/strong> <a class=\"-black-link\" href=\"tel:4167575161\">416-757-5161<\/a><br \/>\n<strong> Courriel:<\/strong> <a class=\"-black-link\" href=\"mailto:info@ubcmillwrights.ca\">info@ubcmillwrights.ca<\/a><\/p>\n<\/div><\/div><\/div><div class=\"fusion-layout-column fusion_builder_column fusion-builder-column-1 fusion_builder_column_1_2 1_2 fusion-flex-column\" style=\"--awb-bg-color:var(--awb-color3);--awb-bg-size:cover;--awb-width-large:50%;--awb-margin-top-large:0px;--awb-spacing-right-large:3.84%;--awb-margin-bottom-large:0px;--awb-spacing-left-large:3.84%;--awb-width-medium:50%;--awb-order-medium:0;--awb-spacing-right-medium:3.84%;--awb-spacing-left-medium:3.84%;--awb-width-small:100%;--awb-order-small:0;--awb-spacing-right-small:1.92%;--awb-spacing-left-small:1.92%;\"><div class=\"fusion-column-wrapper fusion-column-has-shadow fusion-flex-justify-content-flex-start fusion-content-layout-column\"><div class=\"fusion-text fusion-text-2 fusion-text-no-margin\" style=\"--awb-margin-top:20px;--awb-margin-right:30px;--awb-margin-bottom:0px;--awb-margin-left:30px;\"><h4><strong>COMMENT POUVONS-NOUS VOUS AIDER?<\/strong><\/h4>\n<\/div><div class=\"fusion-form fusion-form-builder fusion-form-form-wrapper fusion-form-4596\" style=\"--awb-margin-bottom:30px;--awb-tooltip-text-color:#ffffff;--awb-tooltip-background-color:#333333;\" data-form-id=\"4596\" data-config=\"{&quot;form_id&quot;:4596,&quot;form_post_id&quot;:4596,&quot;post_id&quot;:410,&quot;form_type&quot;:&quot;ajax&quot;,&quot;confirmation_type&quot;:&quot;redirect&quot;,&quot;redirect_url&quot;:&quot;\\\/fr\\\/merci\\\/&quot;,&quot;field_labels&quot;:{&quot;name&quot;:&quot;Nom&quot;,&quot;company&quot;:&quot;Entreprise&quot;,&quot;email&quot;:&quot;Courriel&quot;,&quot;phone&quot;:&quot;T\\u00e9l\\u00e9phone&quot;,&quot;questions&quot;:&quot;Question \\\/ Commentaire&quot;},&quot;field_logics&quot;:{&quot;name&quot;:&quot;&quot;,&quot;company&quot;:&quot;&quot;,&quot;email&quot;:&quot;&quot;,&quot;phone&quot;:&quot;&quot;,&quot;questions&quot;:&quot;&quot;},&quot;field_types&quot;:{&quot;name&quot;:&quot;text&quot;,&quot;company&quot;:&quot;text&quot;,&quot;email&quot;:&quot;email&quot;,&quot;phone&quot;:&quot;phone_number&quot;,&quot;questions&quot;:&quot;textarea&quot;,&quot;recaptcha_1&quot;:&quot;recaptcha&quot;,&quot;submit_1&quot;:&quot;submit&quot;},&quot;nonce_method&quot;:&quot;ajax&quot;}\"><form action=\"https:\/\/www.ubcmillwrights.ca\/fr\/coordonnees\/\" method=\"post\" class=\"fusion-form fusion-form-4596\"><div class=\"fusion-fullwidth fullwidth-box fusion-builder-row-1-1 fusion-flex-container has-pattern-background has-mask-background nonhundred-percent-fullwidth non-hundred-percent-height-scrolling\" style=\"--awb-border-radius-top-left:0px;--awb-border-radius-top-right:0px;--awb-border-radius-bottom-right:0px;--awb-border-radius-bottom-left:0px;\" ><div class=\"fusion-builder-row fusion-row fusion-flex-align-items-flex-start\" style=\"width:104% !important;max-width:104% !important;margin-left: calc(-4% \/ 2 );margin-right: calc(-4% \/ 2 );\"><div class=\"fusion-layout-column fusion_builder_column fusion-builder-column-2 fusion_builder_column_1_2 1_2 fusion-flex-column\" style=\"--awb-bg-size:cover;--awb-width-large:50%;--awb-margin-top-large:0px;--awb-spacing-right-large:3.84%;--awb-margin-bottom-large:0px;--awb-spacing-left-large:3.84%;--awb-width-medium:50%;--awb-order-medium:0;--awb-spacing-right-medium:3.84%;--awb-spacing-left-medium:3.84%;--awb-width-small:100%;--awb-order-small:0;--awb-spacing-right-small:1.92%;--awb-spacing-left-small:1.92%;\"><div class=\"fusion-column-wrapper fusion-column-has-shadow fusion-flex-justify-content-flex-start fusion-content-layout-column\"><div class=\"fusion-form-field fusion-form-text-field fusion-form-label-above\" style=\"\" data-form-id=\"4596\"><div class=\"fusion-form-label-wrapper\"><label for=\"name\">Nom <abbr class=\"fusion-form-element-required\" title=\"required\">*<\/abbr><\/label><\/div><input type=\"text\" name=\"name\" id=\"name\" value=\"\"  class=\"fusion-form-input\" required=\"true\" aria-required=\"true\" placeholder=\"Name*\" data-holds-private-data=\"false\" minlength=\"0\"\/><\/div><\/div><\/div><div class=\"fusion-layout-column fusion_builder_column fusion-builder-column-3 fusion_builder_column_1_2 1_2 fusion-flex-column\" style=\"--awb-bg-size:cover;--awb-width-large:50%;--awb-margin-top-large:0px;--awb-spacing-right-large:3.84%;--awb-margin-bottom-large:0px;--awb-spacing-left-large:3.84%;--awb-width-medium:50%;--awb-order-medium:0;--awb-spacing-right-medium:3.84%;--awb-spacing-left-medium:3.84%;--awb-width-small:100%;--awb-order-small:0;--awb-spacing-right-small:1.92%;--awb-spacing-left-small:1.92%;\"><div class=\"fusion-column-wrapper fusion-column-has-shadow fusion-flex-justify-content-flex-start fusion-content-layout-column\"><div class=\"fusion-form-field fusion-form-text-field fusion-form-label-above\" style=\"\" data-form-id=\"4596\"><div class=\"fusion-form-label-wrapper\"><label for=\"company\">Entreprise<\/label><\/div><input type=\"text\" name=\"company\" id=\"company\" value=\"\"  class=\"fusion-form-input\" placeholder=\"Company\" data-holds-private-data=\"false\" minlength=\"0\"\/><\/div><\/div><\/div><div class=\"fusion-layout-column fusion_builder_column fusion-builder-column-4 fusion_builder_column_1_2 1_2 fusion-flex-column\" style=\"--awb-bg-size:cover;--awb-width-large:50%;--awb-margin-top-large:0px;--awb-spacing-right-large:3.84%;--awb-margin-bottom-large:0px;--awb-spacing-left-large:3.84%;--awb-width-medium:50%;--awb-order-medium:0;--awb-spacing-right-medium:3.84%;--awb-spacing-left-medium:3.84%;--awb-width-small:100%;--awb-order-small:0;--awb-spacing-right-small:1.92%;--awb-spacing-left-small:1.92%;\"><div class=\"fusion-column-wrapper fusion-column-has-shadow fusion-flex-justify-content-flex-start fusion-content-layout-column\"><div class=\"fusion-form-field fusion-form-email-field fusion-form-label-above\" style=\"\" data-form-id=\"4596\"><div class=\"fusion-form-label-wrapper\"><label for=\"email\">Courriel <abbr class=\"fusion-form-element-required\" title=\"required\">*<\/abbr><\/label><\/div><input type=\"email\" name=\"email\" id=\"email\" value=\"\"  class=\"fusion-form-input\" required=\"true\" aria-required=\"true\" placeholder=\"Email*\" data-holds-private-data=\"false\"\/><\/div><\/div><\/div><div class=\"fusion-layout-column fusion_builder_column fusion-builder-column-5 fusion_builder_column_1_2 1_2 fusion-flex-column\" style=\"--awb-bg-size:cover;--awb-width-large:50%;--awb-margin-top-large:0px;--awb-spacing-right-large:3.84%;--awb-margin-bottom-large:0px;--awb-spacing-left-large:3.84%;--awb-width-medium:50%;--awb-order-medium:0;--awb-spacing-right-medium:3.84%;--awb-spacing-left-medium:3.84%;--awb-width-small:100%;--awb-order-small:0;--awb-spacing-right-small:1.92%;--awb-spacing-left-small:1.92%;\"><div class=\"fusion-column-wrapper fusion-column-has-shadow fusion-flex-justify-content-flex-start fusion-content-layout-column\"><div class=\"fusion-form-field fusion-form-phone-number-field fusion-form-label-above\" style=\"\" data-form-id=\"4596\"><div class=\"fusion-form-label-wrapper\"><label for=\"phone\">T\u00e9l\u00e9phone <abbr class=\"fusion-form-element-required\" title=\"required\">*<\/abbr><\/label><\/div><div class=\"fusion-form-input-with-icon\"><i class=\"awb-form-icon fa-phone-square-alt fas\"><\/i><input type=\"tel\" name=\"phone\" id=\"phone\" value=\"\"  class=\"fusion-form-input\" required=\"true\" aria-required=\"true\" placeholder=\"Phone*\" data-holds-private-data=\"false\"\/><\/div><\/div><\/div><\/div><div class=\"fusion-layout-column fusion_builder_column fusion-builder-column-6 fusion_builder_column_1_1 1_1 fusion-flex-column\" style=\"--awb-bg-size:cover;--awb-width-large:100%;--awb-margin-top-large:0px;--awb-spacing-right-large:1.92%;--awb-margin-bottom-large:0px;--awb-spacing-left-large:1.92%;--awb-width-medium:100%;--awb-order-medium:0;--awb-spacing-right-medium:1.92%;--awb-spacing-left-medium:1.92%;--awb-width-small:100%;--awb-order-small:0;--awb-spacing-right-small:1.92%;--awb-spacing-left-small:1.92%;\"><div class=\"fusion-column-wrapper fusion-column-has-shadow fusion-flex-justify-content-flex-start fusion-content-layout-column\"><div class=\"fusion-form-field fusion-form-textarea-field fusion-form-label-above\" style=\"\" data-form-id=\"4596\"><label for=\"questions\">Question \/ Commentaire<\/label><textarea cols=\"40\"  minlength=\"0\"  rows=\"4\" tabindex=\"\" id=\"questions\" name=\"questions\" class=\"fusion-form-input\" placeholder=\"Question \/ Commentaire\" data-holds-private-data=\"false\"><\/textarea><\/div><div class=\"fusion-form-field fusion-form-recaptcha-field fusion-form-label-above\" style=\"\" data-form-id=\"4596\">\t\t\t\t\t\t\t\t\t<div class=\"form-creator-recaptcha\" >\n\t\t\t\t\t\t\t\t\t\t\t\t\t<div\n\t\t\t\t\t\t\t\tid=\"g-recaptcha-4596-1\"\n\t\t\t\t\t\t\t\tclass=\"fusion-form-recaptcha-v2\"\n\t\t\t\t\t\t\t\tdata-theme=\"light\"\n\t\t\t\t\t\t\t\tdata-sitekey=\"6Lcp4fkkAAAAAGyfusdaYvig6iSu_AyvKeADydBZ\"\n\t\t\t\t\t\t\t\tdata-tabindex=\"\">\n\t\t\t\t\t\t\t<\/div>\n\t\t\t\t\t\t\t\t\t\t\t<\/div>\n\t\t\t\t\t\t\t\t<\/div><div class=\"fusion-form-field fusion-form-submit-field fusion-form-label-above\" style=\"\" data-form-id=\"4596\"><div ><button type=\"submit\" class=\"fusion-button button-flat fusion-button-default-size button-custom fusion-button-default button-1 fusion-button-default-span  form-form-submit button-default\" style=\"--button_bevel_color:var(--awb-color5);--button_accent_color:var(--awb-color4);--button_accent_hover_color:var(--awb-color4);--button_border_hover_color:var(--awb-color1);--button-border-radius-top-left:0px;--button-border-radius-top-right:0px;--button-border-radius-bottom-right:0px;--button-border-radius-bottom-left:0px;--button_gradient_top_color:var(--awb-color5);--button_gradient_bottom_color:var(--awb-color5);--button_gradient_top_color_hover:var(--awb-color1);--button_gradient_bottom_color_hover:var(--awb-color1);--button_text_transform:uppercase;--button_font_size:14px;--button_line_height:1.1em;--button_typography-letter-spacing:0em;--button_typography-font-family:&quot;Montserrat&quot;;--button_typography-font-style:normal;--button_typography-font-weight:500;\" data-form-number=\"4596\" tabindex=\"\"><span class=\"fusion-button-text\">Soumettre<\/span><\/button><\/div><\/div><\/div><\/div><\/div><\/div><input type=\"hidden\" name=\"fusion_privacy_store_ip_ua\" value=\"false\"><input type=\"hidden\" name=\"fusion_privacy_expiration_interval\" value=\"48\"><input type=\"hidden\" name=\"privacy_expiration_action\" value=\"anonymize\"><\/form><\/div><\/div><\/div><\/div><\/div><div class=\"fusion-fullwidth fullwidth-box fusion-builder-row-2 fusion-flex-container has-pattern-background has-mask-background hexagon-bgnd -white nonhundred-percent-fullwidth non-hundred-percent-height-scrolling\" style=\"--awb-border-radius-top-left:0px;--awb-border-radius-top-right:0px;--awb-border-radius-bottom-right:0px;--awb-border-radius-bottom-left:0px;--awb-padding-top:60px;--awb-padding-bottom:60px;--awb-padding-top-medium:30px;--awb-padding-bottom-medium:30px;--awb-background-color:var(--awb-color2);\" ><div class=\"fusion-builder-row fusion-row fusion-flex-align-items-flex-start\" style=\"max-width:1248px;margin-left: calc(-4% \/ 2 );margin-right: calc(-4% \/ 2 );\"><div class=\"fusion-layout-column fusion_builder_column fusion-builder-column-7 fusion_builder_column_1_4 1_4 fusion-flex-column\" style=\"--awb-padding-top-small:60px;--awb-padding-right-small:60px;--awb-padding-bottom-small:60px;--awb-padding-left-small:60px;--awb-bg-size:cover;--awb-width-large:25%;--awb-margin-top-large:0px;--awb-spacing-right-large:7.68%;--awb-margin-bottom-large:0px;--awb-spacing-left-large:7.68%;--awb-width-medium:25%;--awb-order-medium:0;--awb-spacing-right-medium:7.68%;--awb-spacing-left-medium:7.68%;--awb-width-small:100%;--awb-order-small:0;--awb-spacing-right-small:1.92%;--awb-spacing-left-small:1.92%;\"><div class=\"fusion-column-wrapper fusion-column-has-shadow fusion-flex-justify-content-flex-start fusion-content-layout-column\"><div class=\"fusion-image-element \" style=\"--awb-caption-title-size:var(--h2_typography-font-size);--awb-caption-title-transform:var(--h2_typography-text-transform);--awb-caption-title-line-height:var(--h2_typography-line-height);--awb-caption-title-letter-spacing:var(--h2_typography-letter-spacing);\"><span class=\" fusion-imageframe imageframe-none imageframe-1 hover-type-none\"><img decoding=\"async\" width=\"471\" height=\"471\" alt=\"UBC Millwrights - En Temps. Toujours.\" title=\"UBC-logo-400&#215;400-fre\" src=\"http:\/\/www.ubcmillwrights.ca\/wp-content\/uploads\/2023\/06\/UBC-Millwright-Logo-New.png\" class=\"img-responsive wp-image-5127\"\/><\/span><\/div><\/div><\/div><div class=\"fusion-layout-column fusion_builder_column fusion-builder-column-8 fusion_builder_column_3_4 3_4 fusion-flex-column fusion-flex-align-self-center\" style=\"--awb-bg-size:cover;--awb-width-large:75%;--awb-margin-top-large:0px;--awb-spacing-right-large:2.56%;--awb-margin-bottom-large:0px;--awb-spacing-left-large:2.56%;--awb-width-medium:75%;--awb-order-medium:0;--awb-spacing-right-medium:2.56%;--awb-spacing-left-medium:2.56%;--awb-width-small:100%;--awb-order-small:0;--awb-spacing-right-small:1.92%;--awb-spacing-left-small:1.92%;\"><div class=\"fusion-column-wrapper fusion-column-has-shadow fusion-flex-justify-content-flex-start fusion-content-layout-column\"><div class=\"fusion-text fusion-text-3 sm-text-align-center\"><p>Le Millwright Regional Council (MRC) est une organisation professionnelle qui fournit des m\u00e9caniciens industriels en approvisionnement, en construction, en entretien et en gestion de projet \u00e0 des clients de diverses industries partout au Canada.<\/p>\n<p>Nous offrons des avantages nets importants qui vous permettent d\u2019\u00e9conomiser de l\u2019argent, tels que l\u2019acc\u00e8s aux meilleurs talents du Canada, des possibilit\u00e9s de candidature \u00e9largies et une plus grande flexibilit\u00e9 d\u2019embauche tout en r\u00e9duisant les co\u00fbts des ressources humaines.<\/p>\n<p>Vous pouvez assurer un haut niveau de production en dotant votre chantier de m\u00e9caniciens industriels professionnels qui ont les comp\u00e9tences et l\u2019exp\u00e9rience n\u00e9cessaires pour effectuer le travail en toute s\u00e9curit\u00e9, rapidement et correctement.<\/p>\n<p>Contactez votre bureau local d\u00e8s aujourd\u2019hui pour discuter des besoins de votre entreprise.<\/p>\n<\/div><\/div><\/div><\/div><\/div><\/p>\n","protected":false},"excerpt":{"rendered":"","protected":false},"author":2,"featured_media":0,"parent":0,"menu_order":50,"comment_status":"closed","ping_status":"closed","template":"100-width.php","meta":{"_acf_changed":false,"content-type":"","footnotes":"","_links_to":"","_links_to_target":""},"class_list":["post-410","page","type-page","status-publish","hentry"],"acf":[],"_links":{"self":[{"href":"https:\/\/www.ubcmillwrights.ca\/fr\/wp-json\/wp\/v2\/pages\/410","targetHints":{"allow":["GET"]}}],"collection":[{"href":"https:\/\/www.ubcmillwrights.ca\/fr\/wp-json\/wp\/v2\/pages"}],"about":[{"href":"https:\/\/www.ubcmillwrights.ca\/fr\/wp-json\/wp\/v2\/types\/page"}],"author":[{"embeddable":true,"href":"https:\/\/www.ubcmillwrights.ca\/fr\/wp-json\/wp\/v2\/users\/2"}],"replies":[{"embeddable":true,"href":"https:\/\/www.ubcmillwrights.ca\/fr\/wp-json\/wp\/v2\/comments?post=410"}],"version-history":[{"count":48,"href":"https:\/\/www.ubcmillwrights.ca\/fr\/wp-json\/wp\/v2\/pages\/410\/revisions"}],"predecessor-version":[{"id":6424,"href":"https:\/\/www.ubcmillwrights.ca\/fr\/wp-json\/wp\/v2\/pages\/410\/revisions\/6424"}],"wp:attachment":[{"href":"https:\/\/www.ubcmillwrights.ca\/fr\/wp-json\/wp\/v2\/media?parent=410"}],"curies":[{"name":"wp","href":"https:\/\/api.w.org\/{rel}","templated":true}]}}