{"id":407,"date":"2022-10-19T19:06:33","date_gmt":"2022-10-20T00:06:33","guid":{"rendered":"http:\/\/ubcmillwrights.ca\/locals\/"},"modified":"2025-09-11T14:01:37","modified_gmt":"2025-09-11T19:01:37","slug":"locaux","status":"publish","type":"page","link":"https:\/\/www.ubcmillwrights.ca\/fr\/locaux\/","title":{"rendered":"Locaux"},"content":{"rendered":"<div class=\"fusion-fullwidth fullwidth-box fusion-builder-row-1 fusion-flex-container has-pattern-background has-mask-background nonhundred-percent-fullwidth non-hundred-percent-height-scrolling\" style=\"--awb-border-radius-top-left:0px;--awb-border-radius-top-right:0px;--awb-border-radius-bottom-right:0px;--awb-border-radius-bottom-left:0px;--awb-padding-top:60px;--awb-padding-bottom:60px;--awb-padding-top-medium:30px;--awb-padding-bottom-medium:30px;\" ><div class=\"fusion-builder-row fusion-row fusion-flex-align-items-flex-start\" style=\"max-width:1248px;margin-left: calc(-4% \/ 2 );margin-right: calc(-4% \/ 2 );\"><div class=\"fusion-layout-column fusion_builder_column fusion-builder-column-0 fusion_builder_column_1_1 1_1 fusion-flex-column\" style=\"--awb-bg-size:cover;--awb-width-large:100%;--awb-margin-top-large:0px;--awb-spacing-right-large:1.92%;--awb-margin-bottom-large:0px;--awb-spacing-left-large:1.92%;--awb-width-medium:100%;--awb-order-medium:0;--awb-spacing-right-medium:1.92%;--awb-spacing-left-medium:1.92%;--awb-width-small:100%;--awb-order-small:0;--awb-spacing-right-small:1.92%;--awb-spacing-left-small:1.92%;\"><div class=\"fusion-column-wrapper fusion-column-has-shadow fusion-flex-justify-content-flex-start fusion-content-layout-column\"><div class=\"fusion-text fusion-text-1\"><h1>Locaux<\/h1>\n<\/div><\/div><\/div><div class=\"fusion-layout-column fusion_builder_column fusion-builder-column-1 fusion_builder_column_1_4 1_4 fusion-flex-column\" style=\"--awb-padding-top:15px;--awb-padding-bottom:15px;--awb-padding-top-small:5px;--awb-padding-bottom-small:5px;--awb-bg-size:cover;--awb-width-large:25%;--awb-margin-top-large:0px;--awb-spacing-right-large:7.68%;--awb-margin-bottom-large:0px;--awb-spacing-left-large:7.68%;--awb-width-medium:25%;--awb-order-medium:0;--awb-spacing-right-medium:7.68%;--awb-spacing-left-medium:7.68%;--awb-width-small:100%;--awb-order-small:0;--awb-spacing-right-small:1.92%;--awb-spacing-left-small:1.92%;\"><div class=\"fusion-column-wrapper fusion-column-has-shadow fusion-flex-justify-content-flex-start fusion-content-layout-column\"><div class=\"fusion-text fusion-text-2\"><h4>Colombie-Britannique<\/h4>\n<p><strong class=\"-red\">LOCAL 2736<\/strong><br \/>\n<a class=\"-black-link\" href=\"tel:6045252736\">(604) 525-2736<\/a><br \/>\n<a class=\"-black-link\" href=\"http:\/\/ubcmillwrightslocal2736.ca\" target=\"_blank\" rel=\"noopener\">www.ubcmillwrightslocal2736.ca<\/a><\/p>\n<p>N\u00b0 102, 580 Ebury Place,<br \/>\nDelta, C.-B.,<br \/>\nV3M 6M8<\/p>\n<\/div><\/div><\/div><div class=\"fusion-layout-column fusion_builder_column fusion-builder-column-2 fusion_builder_column_1_4 1_4 fusion-flex-column\" style=\"--awb-padding-top:15px;--awb-padding-bottom:15px;--awb-padding-top-small:5px;--awb-padding-bottom-small:5px;--awb-bg-size:cover;--awb-width-large:25%;--awb-margin-top-large:0px;--awb-spacing-right-large:7.68%;--awb-margin-bottom-large:0px;--awb-spacing-left-large:7.68%;--awb-width-medium:25%;--awb-order-medium:0;--awb-spacing-right-medium:7.68%;--awb-spacing-left-medium:7.68%;--awb-width-small:100%;--awb-order-small:0;--awb-spacing-right-small:1.92%;--awb-spacing-left-small:1.92%;\"><div class=\"fusion-column-wrapper fusion-column-has-shadow fusion-flex-justify-content-flex-start fusion-content-layout-column\"><div class=\"fusion-text fusion-text-3\"><h4>Alberta<\/h4>\n<p><strong class=\"-red\">LOCAL 1460<\/strong><br \/>\n<a class=\"-black-link\" href=\"tel:7804301460\">(780) 430-1460<\/a><br \/>\n<a href=\"https:\/\/www.ubcmillwrightslocal1460.ca\/\">www.ubcmillwrightslocal1460.ca<\/a><\/p>\n<p>15210 123 Ave NW,<br \/>\nEdmonton AB,<br \/>\nT5V 0A3<\/p>\n<\/div><\/div><\/div><div class=\"fusion-layout-column fusion_builder_column fusion-builder-column-3 fusion_builder_column_1_4 1_4 fusion-flex-column\" style=\"--awb-padding-top:15px;--awb-padding-bottom:15px;--awb-padding-top-small:5px;--awb-padding-bottom-small:5px;--awb-bg-size:cover;--awb-width-large:25%;--awb-margin-top-large:0px;--awb-spacing-right-large:7.68%;--awb-margin-bottom-large:0px;--awb-spacing-left-large:7.68%;--awb-width-medium:25%;--awb-order-medium:0;--awb-spacing-right-medium:7.68%;--awb-spacing-left-medium:7.68%;--awb-width-small:100%;--awb-order-small:0;--awb-spacing-right-small:1.92%;--awb-spacing-left-small:1.92%;\"><div class=\"fusion-column-wrapper fusion-column-has-shadow fusion-flex-justify-content-flex-start fusion-content-layout-column\"><div class=\"fusion-text fusion-text-4\"><h4>Saskatchewan<\/h4>\n<p><strong class=\"-red\">LOCAL 1021 <\/strong><br \/>\n<a class=\"-black-link\" href=\"tel:3063824355\">(306) 382-4355<\/a><br \/>\n<a class=\"-black-link\" href=\"http:\/\/www.ubcmillwrightslocal1021.ca\" target=\"_blank\" rel=\"noopener\">www.ubcmillwrightslocal1021.ca<\/a><\/p>\n<p>3730 Kinnear Place,<br \/>\nSaskatoon SK,<br \/>\nS7P 0A6<\/p>\n<\/div><\/div><\/div><div class=\"fusion-layout-column fusion_builder_column fusion-builder-column-4 fusion_builder_column_1_4 1_4 fusion-flex-column\" style=\"--awb-padding-top:15px;--awb-padding-bottom:15px;--awb-padding-top-small:5px;--awb-padding-bottom-small:5px;--awb-bg-size:cover;--awb-width-large:25%;--awb-margin-top-large:0px;--awb-spacing-right-large:7.68%;--awb-margin-bottom-large:0px;--awb-spacing-left-large:7.68%;--awb-width-medium:25%;--awb-order-medium:0;--awb-spacing-right-medium:7.68%;--awb-spacing-left-medium:7.68%;--awb-width-small:100%;--awb-order-small:0;--awb-spacing-right-small:1.92%;--awb-spacing-left-small:1.92%;\"><div class=\"fusion-column-wrapper fusion-column-has-shadow fusion-flex-justify-content-flex-start fusion-content-layout-column\"><div class=\"fusion-text fusion-text-5\"><h4>Manitoba<\/h4>\n<p><strong class=\"-red\">LOCAL 1443<\/strong><br \/>\n<a class=\"-black-link\" href=\"tel:2042211443\">(204) 221-1443<\/a><br \/>\n<a class=\"-black-link\" href=\"http:\/\/www.ubcmillwrightslocal1443.ca\" target=\"_blank\" rel=\"noopener\">www.ubcmillwrightslocal1443.ca<\/a><\/p>\n<p>95 Cole Avenue,<br \/>\nWinnipeg MB,<br \/>\nR2L 1J3<\/p>\n<\/div><\/div><\/div><div class=\"fusion-layout-column fusion_builder_column fusion-builder-column-5 fusion_builder_column_1_4 1_4 fusion-flex-column\" style=\"--awb-padding-top:15px;--awb-padding-bottom:15px;--awb-padding-top-small:5px;--awb-padding-bottom-small:5px;--awb-bg-size:cover;--awb-width-large:25%;--awb-margin-top-large:0px;--awb-spacing-right-large:7.68%;--awb-margin-bottom-large:0px;--awb-spacing-left-large:7.68%;--awb-width-medium:25%;--awb-order-medium:0;--awb-spacing-right-medium:7.68%;--awb-spacing-left-medium:7.68%;--awb-width-small:100%;--awb-order-small:0;--awb-spacing-right-small:1.92%;--awb-spacing-left-small:1.92%;\"><div class=\"fusion-column-wrapper fusion-column-has-shadow fusion-flex-justify-content-flex-start fusion-content-layout-column\"><div class=\"fusion-text fusion-text-6\"><h4>Ontario<\/h4>\n<p><strong class=\"-red\">LOCAL 1151<\/strong><br \/>\n<a class=\"-black-link\" href=\"tel:8073444441\">(807) 344-4441<\/a><br \/>\n<a class=\"-black-link\" href=\"http:\/\/www.ubcmillwrightslocal1151.ca\" target=\"_blank\" rel=\"noopener\">www.ubcmillwrightslocal1151.ca<\/a><\/p>\n<p>180 Clarke Street,<br \/>\nThunder Bay, ON<br \/>\nP7A 2L9<\/p>\n<\/div><\/div><\/div><div class=\"fusion-layout-column fusion_builder_column fusion-builder-column-6 fusion_builder_column_1_4 1_4 fusion-flex-column\" style=\"--awb-padding-top:15px;--awb-padding-bottom:15px;--awb-padding-top-small:5px;--awb-padding-bottom-small:5px;--awb-bg-size:cover;--awb-width-large:25%;--awb-margin-top-large:0px;--awb-spacing-right-large:7.68%;--awb-margin-bottom-large:0px;--awb-spacing-left-large:7.68%;--awb-width-medium:25%;--awb-order-medium:0;--awb-spacing-right-medium:7.68%;--awb-spacing-left-medium:7.68%;--awb-width-small:100%;--awb-order-small:0;--awb-spacing-right-small:1.92%;--awb-spacing-left-small:1.92%;\"><div class=\"fusion-column-wrapper fusion-column-has-shadow fusion-flex-justify-content-flex-start fusion-content-layout-column\"><div class=\"fusion-text fusion-text-7\"><h4>Ontario<\/h4>\n<p><strong class=\"-red\">LOCAL 1244<\/strong><br \/>\n<a class=\"-black-link\" href=\"tel:5199445588\">(519) 944-5588<\/a><br \/>\n<a class=\"-black-link\" href=\"http:\/\/www.ubcmillwrightslocal1244.ca\" target=\"_blank\" rel=\"noopener\">www.ubcmillwrightslocal1244.ca<\/a><\/p>\n<p>3161 Lloyd George Blvd,<br \/>\nWindsor ON,<br \/>\nN8T 2V5<\/p>\n<\/div><\/div><\/div><div class=\"fusion-layout-column fusion_builder_column fusion-builder-column-7 fusion_builder_column_1_4 1_4 fusion-flex-column\" style=\"--awb-padding-top:15px;--awb-padding-bottom:15px;--awb-padding-top-small:5px;--awb-padding-bottom-small:5px;--awb-bg-size:cover;--awb-width-large:25%;--awb-margin-top-large:0px;--awb-spacing-right-large:7.68%;--awb-margin-bottom-large:0px;--awb-spacing-left-large:7.68%;--awb-width-medium:25%;--awb-order-medium:0;--awb-spacing-right-medium:7.68%;--awb-spacing-left-medium:7.68%;--awb-width-small:100%;--awb-order-small:0;--awb-spacing-right-small:1.92%;--awb-spacing-left-small:1.92%;\"><div class=\"fusion-column-wrapper fusion-column-has-shadow fusion-flex-justify-content-flex-start fusion-content-layout-column\"><div class=\"fusion-text fusion-text-8\"><h4>Ontario<\/h4>\n<p><strong class=\"-red\">LOCAL 1410<\/strong><br \/>\n<a class=\"-black-link\" href=\"tel:6133844883\">(613) 384-4883<\/a><br \/>\n<a class=\"-black-link\" href=\"http:\/\/www.ubcmillwrightslocal1410.ca\" target=\"_blank\" rel=\"noopener\">www.ubcmillwrightslocal1410.ca<\/a><\/p>\n<p>695 Innovation Drive, Unit #7,<br \/>\nKingston ON,<br \/>\nK7K 7E6<\/p>\n<\/div><\/div><\/div><div class=\"fusion-layout-column fusion_builder_column fusion-builder-column-8 fusion_builder_column_1_4 1_4 fusion-flex-column\" style=\"--awb-padding-top:15px;--awb-padding-bottom:15px;--awb-padding-top-small:5px;--awb-padding-bottom-small:5px;--awb-bg-size:cover;--awb-width-large:25%;--awb-margin-top-large:0px;--awb-spacing-right-large:7.68%;--awb-margin-bottom-large:0px;--awb-spacing-left-large:7.68%;--awb-width-medium:25%;--awb-order-medium:0;--awb-spacing-right-medium:7.68%;--awb-spacing-left-medium:7.68%;--awb-width-small:100%;--awb-order-small:0;--awb-spacing-right-small:1.92%;--awb-spacing-left-small:1.92%;\"><div class=\"fusion-column-wrapper fusion-column-has-shadow fusion-flex-justify-content-flex-start fusion-content-layout-column\"><div class=\"fusion-text fusion-text-9\"><h4>Ontario<\/h4>\n<p><strong class=\"-red\">LOCAL 1425<\/strong><br \/>\n<a class=\"-black-link\" href=\"tel:7055247434\">(705) 524-7434<\/a><br \/>\n<a class=\"-black-link\" href=\"http:\/\/www.ubcmillwrightslocal1425.ca\" target=\"_blank\" rel=\"noopener\">www.ubcmillwrightslocal1425.ca<\/a><\/p>\n<p>1191 Lansing Ave, Unit #6,<br \/>\nSudbury ON,<br \/>\nP3A 4C4<\/p>\n<\/div><\/div><\/div><div class=\"fusion-layout-column fusion_builder_column fusion-builder-column-9 fusion_builder_column_1_4 1_4 fusion-flex-column\" style=\"--awb-padding-top:15px;--awb-padding-bottom:15px;--awb-padding-top-small:5px;--awb-padding-bottom-small:5px;--awb-bg-size:cover;--awb-width-large:25%;--awb-margin-top-large:0px;--awb-spacing-right-large:7.68%;--awb-margin-bottom-large:0px;--awb-spacing-left-large:7.68%;--awb-width-medium:25%;--awb-order-medium:0;--awb-spacing-right-medium:7.68%;--awb-spacing-left-medium:7.68%;--awb-width-small:100%;--awb-order-small:0;--awb-spacing-right-small:1.92%;--awb-spacing-left-small:1.92%;\"><div class=\"fusion-column-wrapper fusion-column-has-shadow fusion-flex-justify-content-flex-start fusion-content-layout-column\"><div class=\"fusion-text fusion-text-10\"><h4>Ontario<\/h4>\n<p><strong class=\"-red\">LOCAL 1592<\/strong><br \/>\n<a class=\"-black-link\" href=\"tel:5193377021\">(519) 337-7021<\/a><br \/>\n<a class=\"-black-link\" href=\"http:\/\/www.ubcmillwrightslocal1592.ca\" target=\"_blank\" rel=\"noopener\">www.ubcmillwrightslocal1592.ca<\/a><\/p>\n<p>780 Phillip Street East,<br \/>\nSarnia ON,<br \/>\nN7T 1Z6<\/p>\n<\/div><\/div><\/div><div class=\"fusion-layout-column fusion_builder_column fusion-builder-column-10 fusion_builder_column_1_4 1_4 fusion-flex-column\" style=\"--awb-padding-top:15px;--awb-padding-bottom:15px;--awb-padding-top-small:5px;--awb-padding-bottom-small:5px;--awb-bg-size:cover;--awb-width-large:25%;--awb-margin-top-large:0px;--awb-spacing-right-large:7.68%;--awb-margin-bottom-large:0px;--awb-spacing-left-large:7.68%;--awb-width-medium:25%;--awb-order-medium:0;--awb-spacing-right-medium:7.68%;--awb-spacing-left-medium:7.68%;--awb-width-small:100%;--awb-order-small:0;--awb-spacing-right-small:1.92%;--awb-spacing-left-small:1.92%;\"><div class=\"fusion-column-wrapper fusion-column-has-shadow fusion-flex-justify-content-flex-start fusion-content-layout-column\"><div class=\"fusion-text fusion-text-11\"><h4>Ontario<\/h4>\n<p><strong class=\"-red\">LOCAL 1916<\/strong><br \/>\n<a class=\"-black-link\" href=\"tel:9053852462\">(905) 385-2462<\/a><br \/>\n<a class=\"-black-link\" href=\"http:\/\/www.ubcmillwrightslocal1916.ca\" target=\"_blank\" rel=\"noopener\">www.ubcmillwrightslocal1916.ca<\/a><\/p>\n<p>63 Ditton Drive,<br \/>\nHamilton ON,<br \/>\nL8W 2E5<\/p>\n<\/div><\/div><\/div><div class=\"fusion-layout-column fusion_builder_column fusion-builder-column-11 fusion_builder_column_1_4 1_4 fusion-flex-column\" style=\"--awb-padding-top:15px;--awb-padding-bottom:15px;--awb-padding-top-small:5px;--awb-padding-bottom-small:5px;--awb-bg-size:cover;--awb-width-large:25%;--awb-margin-top-large:0px;--awb-spacing-right-large:7.68%;--awb-margin-bottom-large:0px;--awb-spacing-left-large:7.68%;--awb-width-medium:25%;--awb-order-medium:0;--awb-spacing-right-medium:7.68%;--awb-spacing-left-medium:7.68%;--awb-width-small:100%;--awb-order-small:0;--awb-spacing-right-small:1.92%;--awb-spacing-left-small:1.92%;\"><div class=\"fusion-column-wrapper fusion-column-has-shadow fusion-flex-justify-content-flex-start fusion-content-layout-column\"><div class=\"fusion-text fusion-text-12\"><h4>Ontario<\/h4>\n<p><strong class=\"-red\">LOCAL 2309<\/strong><br \/>\n<a class=\"-black-link\" href=\"tel:4167578754\">(416) 757-8754<\/a><br \/>\n<a class=\"-black-link\" href=\"http:\/\/www.ubcmillwrightslocal2309.ca\" target=\"_blank\" rel=\"noopener\">www.ubcmillwrightslocal2309.ca<\/a><\/p>\n<p>79 Sunrise Avenue,<br \/>\nToronto ON,<br \/>\nM4A 1A9<\/p>\n<\/div><\/div><\/div><div class=\"fusion-layout-column fusion_builder_column fusion-builder-column-12 fusion_builder_column_1_4 1_4 fusion-flex-column\" style=\"--awb-padding-top:15px;--awb-padding-bottom:15px;--awb-padding-top-small:5px;--awb-padding-bottom-small:5px;--awb-bg-size:cover;--awb-width-large:25%;--awb-margin-top-large:0px;--awb-spacing-right-large:7.68%;--awb-margin-bottom-large:0px;--awb-spacing-left-large:7.68%;--awb-width-medium:25%;--awb-order-medium:0;--awb-spacing-right-medium:7.68%;--awb-spacing-left-medium:7.68%;--awb-width-small:100%;--awb-order-small:0;--awb-spacing-right-small:1.92%;--awb-spacing-left-small:1.92%;\"><div class=\"fusion-column-wrapper fusion-column-has-shadow fusion-flex-justify-content-flex-start fusion-content-layout-column\"><div class=\"fusion-text fusion-text-13\"><h4>QU\u00c9BEC<\/h4>\n<p><strong class=\"-red\">LOCAL 2182<\/strong><br \/>\n<a class=\"-black-link\" href=\"tel:5143222182\">(514) 322-2182<\/a><br \/>\n<a class=\"-black-link\" href=\"http:\/\/www.ubcmillwrightslocal2182.ca\" target=\"_blank\" rel=\"noopener\">www.ubcmillwrightslocal2182.ca<\/a><\/p>\n<p>100-522 Rue Notre-Dame<br \/>\nRepentigny, Qc<br \/>\nJ6A 2TA8<\/p>\n<\/div><\/div><\/div><div class=\"fusion-layout-column fusion_builder_column fusion-builder-column-13 fusion_builder_column_1_4 1_4 fusion-flex-column\" style=\"--awb-padding-top:15px;--awb-padding-bottom:15px;--awb-padding-top-small:5px;--awb-padding-bottom-small:5px;--awb-bg-size:cover;--awb-width-large:25%;--awb-margin-top-large:0px;--awb-spacing-right-large:7.68%;--awb-margin-bottom-large:0px;--awb-spacing-left-large:7.68%;--awb-width-medium:25%;--awb-order-medium:0;--awb-spacing-right-medium:7.68%;--awb-spacing-left-medium:7.68%;--awb-width-small:100%;--awb-order-small:0;--awb-spacing-right-small:1.92%;--awb-spacing-left-small:1.92%;\"><div class=\"fusion-column-wrapper fusion-column-has-shadow fusion-flex-justify-content-flex-start fusion-content-layout-column\"><div class=\"fusion-text fusion-text-14\"><h4>NOUVEAU-BRUNSWICK<\/h4>\n<p><strong class=\"-red\">LOCAL 2262<\/strong><br \/>\n<a class=\"-black-link\" href=\"tel:5066328840\">(506) 632-8840<\/a><br \/>\n<a class=\"-black-link\" href=\"http:\/\/www.ubcmillwrightslocal2262.ca\" target=\"_blank\" rel=\"noopener\">www.ubcmillwrightslocal2262.ca<\/a><\/p>\n<p>300 Grandview Avenue<br \/>\nSaint John, NB<br \/>\nE2J 4N1<\/p>\n<\/div><\/div><\/div><div class=\"fusion-layout-column fusion_builder_column fusion-builder-column-14 fusion_builder_column_1_4 1_4 fusion-flex-column\" style=\"--awb-padding-top:15px;--awb-padding-bottom:15px;--awb-padding-top-small:5px;--awb-padding-bottom-small:5px;--awb-bg-size:cover;--awb-width-large:25%;--awb-margin-top-large:0px;--awb-spacing-right-large:7.68%;--awb-margin-bottom-large:0px;--awb-spacing-left-large:7.68%;--awb-width-medium:25%;--awb-order-medium:0;--awb-spacing-right-medium:7.68%;--awb-spacing-left-medium:7.68%;--awb-width-small:100%;--awb-order-small:0;--awb-spacing-right-small:1.92%;--awb-spacing-left-small:1.92%;\"><div class=\"fusion-column-wrapper fusion-column-has-shadow fusion-flex-justify-content-flex-start fusion-content-layout-column\"><div class=\"fusion-text fusion-text-15\"><h4>NOUVELLE-\u00c9COSSE ET \u00ce.-P.-\u00c9.<\/h4>\n<p><strong class=\"-red\">LOCAL 1178 <\/strong><br \/>\n<a class=\"-black-link\" href=\"tel:9027523176\">(902) 752-3176<\/a><br \/>\n<a class=\"-black-link\" href=\"http:\/\/www.ubcmillwrightslocal1178.ca\" target=\"_blank\" rel=\"noopener\">www.ubcmillwrightslocal1178.ca<\/a><\/p>\n<p>1000 Sackville Drive<br \/>\nLower Sackville, NS<br \/>\nB4E 0C2<\/p>\n<\/div><\/div><\/div><div class=\"fusion-layout-column fusion_builder_column fusion-builder-column-15 fusion_builder_column_1_4 1_4 fusion-flex-column\" style=\"--awb-padding-top:15px;--awb-padding-bottom:15px;--awb-padding-top-small:5px;--awb-padding-bottom-small:5px;--awb-bg-size:cover;--awb-width-large:25%;--awb-margin-top-large:0px;--awb-spacing-right-large:7.68%;--awb-margin-bottom-large:0px;--awb-spacing-left-large:7.68%;--awb-width-medium:25%;--awb-order-medium:0;--awb-spacing-right-medium:7.68%;--awb-spacing-left-medium:7.68%;--awb-width-small:100%;--awb-order-small:0;--awb-spacing-right-small:1.92%;--awb-spacing-left-small:1.92%;\"><div class=\"fusion-column-wrapper fusion-column-has-shadow fusion-flex-justify-content-flex-start fusion-content-layout-column\"><div class=\"fusion-text fusion-text-16\"><h4>TERRE-NEUVE-ET-LABRADOR<\/h4>\n<p><strong class=\"-red\">LOCAL 1009<\/strong><br \/>\n<a class=\"-black-link\" href=\"tel:7093645430\">(709) 364-5430<\/a><br \/>\n<a class=\"-black-link\" href=\"http:\/\/www.ubcmillwrightslocal1009.ca\" target=\"_blank\" rel=\"noopener\">www.ubcmillwrightslocal1009.ca<\/a><\/p>\n<p>89 McNamara Drive<br \/>\nPO Box 3040<br \/>\nParadise, NL<br \/>\nA1L 3W2<\/p>\n<\/div><\/div><\/div><\/div><\/div>\n","protected":false},"excerpt":{"rendered":"","protected":false},"author":2,"featured_media":0,"parent":0,"menu_order":40,"comment_status":"closed","ping_status":"closed","template":"100-width.php","meta":{"_acf_changed":false,"content-type":"","footnotes":"","_links_to":"","_links_to_target":""},"class_list":["post-407","page","type-page","status-publish","hentry"],"acf":[],"_links":{"self":[{"href":"https:\/\/www.ubcmillwrights.ca\/fr\/wp-json\/wp\/v2\/pages\/407","targetHints":{"allow":["GET"]}}],"collection":[{"href":"https:\/\/www.ubcmillwrights.ca\/fr\/wp-json\/wp\/v2\/pages"}],"about":[{"href":"https:\/\/www.ubcmillwrights.ca\/fr\/wp-json\/wp\/v2\/types\/page"}],"author":[{"embeddable":true,"href":"https:\/\/www.ubcmillwrights.ca\/fr\/wp-json\/wp\/v2\/users\/2"}],"replies":[{"embeddable":true,"href":"https:\/\/www.ubcmillwrights.ca\/fr\/wp-json\/wp\/v2\/comments?post=407"}],"version-history":[{"count":20,"href":"https:\/\/www.ubcmillwrights.ca\/fr\/wp-json\/wp\/v2\/pages\/407\/revisions"}],"predecessor-version":[{"id":7341,"href":"https:\/\/www.ubcmillwrights.ca\/fr\/wp-json\/wp\/v2\/pages\/407\/revisions\/7341"}],"wp:attachment":[{"href":"https:\/\/www.ubcmillwrights.ca\/fr\/wp-json\/wp\/v2\/media?parent=407"}],"curies":[{"name":"wp","href":"https:\/\/api.w.org\/{rel}","templated":true}]}}