{"id":384,"date":"2022-10-20T13:57:13","date_gmt":"2022-10-20T18:57:13","guid":{"rendered":"http:\/\/ubcmillwrights.ca\/about-millwrights-fre\/about\/about-the-mrco\/"},"modified":"2026-02-20T13:44:43","modified_gmt":"2026-02-20T18:44:43","slug":"a-propos-des-mecanicien-industriel","status":"publish","type":"page","link":"https:\/\/www.ubcmillwrights.ca\/fr\/a-propos-des-mecanicien-industriel\/","title":{"rendered":"\u00c0 propos des m\u00e9canicien industriel"},"content":{"rendered":"<p><div class=\"fusion-fullwidth fullwidth-box fusion-builder-row-1 fusion-flex-container has-pattern-background has-mask-background nonhundred-percent-fullwidth non-hundred-percent-height-scrolling\" style=\"--awb-border-radius-top-left:0px;--awb-border-radius-top-right:0px;--awb-border-radius-bottom-right:0px;--awb-border-radius-bottom-left:0px;--awb-padding-top:60px;--awb-padding-bottom:60px;--awb-padding-top-medium:30px;--awb-padding-bottom-medium:30px;\" ><div class=\"fusion-builder-row fusion-row fusion-flex-align-items-flex-start\" style=\"max-width:1248px;margin-left: calc(-4% \/ 2 );margin-right: calc(-4% \/ 2 );\"><div class=\"fusion-layout-column fusion_builder_column fusion-builder-column-0 fusion_builder_column_1_1 1_1 fusion-flex-column\" style=\"--awb-padding-bottom:30px;--awb-bg-size:cover;--awb-width-large:100%;--awb-margin-top-large:0px;--awb-spacing-right-large:1.92%;--awb-margin-bottom-large:0px;--awb-spacing-left-large:1.92%;--awb-width-medium:100%;--awb-order-medium:0;--awb-spacing-right-medium:1.92%;--awb-spacing-left-medium:1.92%;--awb-width-small:100%;--awb-order-small:0;--awb-spacing-right-small:1.92%;--awb-spacing-left-small:1.92%;\"><div class=\"fusion-column-wrapper fusion-column-has-shadow fusion-flex-justify-content-flex-start fusion-content-layout-column\"><div class=\"fusion-text fusion-text-1\"><h1>\u00c0 propos du CRMI<\/h1>\n<\/div><\/div><\/div><div class=\"fusion-layout-column fusion_builder_column fusion-builder-column-1 fusion_builder_column_1_3 1_3 fusion-flex-column\" style=\"--awb-bg-size:cover;--awb-width-large:33.333333333333%;--awb-margin-top-large:0px;--awb-spacing-right-large:5.76%;--awb-margin-bottom-large:30px;--awb-spacing-left-large:5.76%;--awb-width-medium:33.333333333333%;--awb-order-medium:0;--awb-spacing-right-medium:5.76%;--awb-spacing-left-medium:5.76%;--awb-width-small:100%;--awb-order-small:0;--awb-margin-top-small:15px;--awb-spacing-right-small:1.92%;--awb-spacing-left-small:1.92%;\"><div class=\"fusion-column-wrapper fusion-column-has-shadow fusion-flex-justify-content-flex-start fusion-content-layout-column\"><div class=\"fusion-image-element \" style=\"--awb-caption-title-size:var(--h2_typography-font-size);--awb-caption-title-transform:var(--h2_typography-text-transform);--awb-caption-title-line-height:var(--h2_typography-line-height);--awb-caption-title-letter-spacing:var(--h2_typography-letter-spacing);\"><span class=\" fusion-imageframe imageframe-none imageframe-1 hover-type-none\"><img decoding=\"async\" width=\"1024\" height=\"1024\" title=\"Mark Beardsworth 2025\" src=\"http:\/\/www.ubcmillwrights.ca\/wp-content\/uploads\/2025\/12\/Mark-Beardsworth-2025.png\" alt class=\"img-responsive wp-image-7485\" srcset=\"https:\/\/www.ubcmillwrights.ca\/wp-content\/uploads\/2025\/12\/Mark-Beardsworth-2025-200x200.png 200w, https:\/\/www.ubcmillwrights.ca\/wp-content\/uploads\/2025\/12\/Mark-Beardsworth-2025-400x400.png 400w, https:\/\/www.ubcmillwrights.ca\/wp-content\/uploads\/2025\/12\/Mark-Beardsworth-2025-600x600.png 600w, https:\/\/www.ubcmillwrights.ca\/wp-content\/uploads\/2025\/12\/Mark-Beardsworth-2025-800x800.png 800w, https:\/\/www.ubcmillwrights.ca\/wp-content\/uploads\/2025\/12\/Mark-Beardsworth-2025.png 1024w\" sizes=\"(max-width: 991px) 100vw, 400px\" \/><\/span><\/div><div class=\"fusion-text fusion-text-2\" style=\"--awb-margin-top:10px;\"><p><strong>Mark Beardsworth<\/strong><br \/>\nSecr\u00e9taire-tr\u00e9sorier ex\u00e9cutif<br \/>\nChef de la direction<br \/>\nMillwright Regional Council (MRC)<\/p>\n<\/div><\/div><\/div><div class=\"fusion-layout-column fusion_builder_column fusion-builder-column-2 fusion_builder_column_2_3 2_3 fusion-flex-column fusion-flex-align-self-center\" style=\"--awb-bg-size:cover;--awb-width-large:66.666666666667%;--awb-margin-top-large:0px;--awb-spacing-right-large:2.88%;--awb-margin-bottom-large:0px;--awb-spacing-left-large:2.88%;--awb-width-medium:66.666666666667%;--awb-order-medium:0;--awb-spacing-right-medium:2.88%;--awb-spacing-left-medium:2.88%;--awb-width-small:100%;--awb-order-small:0;--awb-spacing-right-small:1.92%;--awb-spacing-left-small:1.92%;\"><div class=\"fusion-column-wrapper fusion-column-has-shadow fusion-flex-justify-content-flex-start fusion-content-layout-column\"><div class=\"fusion-text fusion-text-3\"><h3 class=\"-capitalize\">Nous faisons tourner le monde<\/h3>\n<p>Au Millwright Regional Council, nous offrons \u00e0 l&rsquo;industrie la certitude de l&rsquo;ex\u00e9cution. Notre r\u00f4le est de veiller \u00e0 ce que les travaux essentiels soient effectu\u00e9s de mani\u00e8re s\u00fbre, fiable et sans interruption. La s\u00e9curit\u00e9 n&rsquo;est pas une initiative pour nous, c&rsquo;est la norme op\u00e9rationnelle qui prot\u00e8ge les personnes, les biens et les calendriers.<\/p>\n<p>Nous travaillons en partenariat avec les propri\u00e9taires et les entrepreneurs afin de r\u00e9duire les risques li\u00e9s aux projets de construction et de maintenance complexes. Gr\u00e2ce \u00e0 des syst\u00e8mes de s\u00e9curit\u00e9 rigoureux, \u00e0 une formation rigoureuse et \u00e0 un leadership responsable, les UBC Millwrights obtiennent des r\u00e9sultats pr\u00e9visibles qui prot\u00e8gent les \u00e9quipements, les investissements en capital et les d\u00e9lais des projets.<\/p>\n<p>Ce qui nous distingue, c&rsquo;est notre expertise professionnelle et notre continuit\u00e9. Nos UBC Millwrights ne sont pas simplement des artisans qualifi\u00e9s, ce sont des professionnels de la maintenance et de la construction polyvalents, capables de r\u00e9soudre des probl\u00e8mes en temps r\u00e9el. Lorsque les conditions changent ou que des d\u00e9fis se pr\u00e9sentent, nos \u00e9quipes r\u00e9agissent avec exp\u00e9rience, jugement et leadership pour faire avancer les projets.<\/p>\n<p>Nous fournissons une main-d&rsquo;\u0153uvre capable d&rsquo;installer, d&rsquo;entretenir, de diagnostiquer et de r\u00e9parer des machines de pr\u00e9cision dans des secteurs critiques, notamment l&rsquo;automobile, l&rsquo;a\u00e9rospatiale, l&rsquo;agroalimentaire, l&rsquo;industrie pharmaceutique, le p\u00e9trole et le gaz, le nucl\u00e9aire, la production d&rsquo;\u00e9lectricit\u00e9 et les \u00e9nergies alternatives. Nos normes de formation, notre culture de la s\u00e9curit\u00e9 et la disponibilit\u00e9 de notre main-d&rsquo;\u0153uvre permettent aux propri\u00e9taires et aux entrepreneurs de se d\u00e9velopper en toute confiance sans compromettre les performances.<\/p>\n<p>Une grande partie de notre travail se fait en coulisses, mais son impact est essentiel. En r\u00e9duisant les risques, en pr\u00e9venant les temps d&rsquo;arr\u00eat et en offrant des performances constantes, les UBC Millwrights aident les propri\u00e9taires et les entrepreneurs \u00e0 prot\u00e9ger leurs investissements en capital et \u00e0 maintenir des op\u00e9rations ininterrompues, la norme requise pour faire avancer l&rsquo;industrie.<\/p>\n<\/div><\/div><\/div><\/div><\/div><div class=\"fusion-fullwidth fullwidth-box fusion-builder-row-2 fusion-flex-container has-pattern-background has-mask-background hexagon-bgnd nonhundred-percent-fullwidth non-hundred-percent-height-scrolling\" style=\"--awb-border-radius-top-left:0px;--awb-border-radius-top-right:0px;--awb-border-radius-bottom-right:0px;--awb-border-radius-bottom-left:0px;--awb-padding-top:60px;--awb-padding-bottom:60px;--awb-padding-top-medium:30px;--awb-padding-bottom-medium:30px;--awb-background-color:var(--awb-color5);\" ><div class=\"fusion-builder-row fusion-row fusion-flex-align-items-flex-start\" style=\"max-width:1248px;margin-left: calc(-4% \/ 2 );margin-right: calc(-4% \/ 2 );\"><div class=\"fusion-layout-column fusion_builder_column fusion-builder-column-3 fusion_builder_column_1_2 1_2 fusion-flex-column\" style=\"--awb-bg-size:cover;--awb-width-large:50%;--awb-margin-top-large:0px;--awb-spacing-right-large:3.84%;--awb-margin-bottom-large:0px;--awb-spacing-left-large:3.84%;--awb-width-medium:50%;--awb-order-medium:0;--awb-spacing-right-medium:3.84%;--awb-spacing-left-medium:3.84%;--awb-width-small:100%;--awb-order-small:0;--awb-spacing-right-small:1.92%;--awb-spacing-left-small:1.92%;\"><div class=\"fusion-column-wrapper fusion-column-has-shadow fusion-flex-justify-content-flex-start fusion-content-layout-column\"><div class=\"fusion-text fusion-text-4\"><h3 class=\"-capitalize -white\">Expertise ax\u00e9e sur la s\u00e9curit\u00e9 et ax\u00e9e sur la qualit\u00e9<\/h3>\n<p class=\"-white\">Le Millwright Regional Council (MRC) est compos\u00e9 de sections locales partout au Canada affili\u00e9es \u00e0 la Fraternit\u00e9 unie des charpentiers et menuisiers (plus commun\u00e9ment appel\u00e9 par son acronyme anglais UBC).<\/p>\n<p class=\"-white\">Nous repr\u00e9sentons des milliers de femmes et d\u2019hommes qui travaillent en tant que professionnels de la construction et de la maintenance ayant re\u00e7u une formation polyvalente progressive et poss\u00e9dant des comp\u00e9tences exceptionnelles pour installer, entretenir, diagnostiquer et r\u00e9parer des machines de pr\u00e9cision.<\/p>\n<p class=\"-white\">Les m\u00e9caniciens industriels de l\u2019UBC sont des partenaires essentiels dans des secteurs aussi divers que l\u2019\u00e9nergie, l\u2019automobile, l\u2019a\u00e9rospatiale, l\u2019agroalimentaire, l\u2019industrie pharmaceutique et plus encore.<\/p>\n<\/div><\/div><\/div><div class=\"fusion-layout-column fusion_builder_column fusion-builder-column-4 fusion_builder_column_1_2 1_2 fusion-flex-column\" style=\"--awb-bg-size:cover;--awb-width-large:50%;--awb-margin-top-large:0px;--awb-spacing-right-large:3.84%;--awb-margin-bottom-large:0px;--awb-spacing-left-large:3.84%;--awb-width-medium:50%;--awb-order-medium:0;--awb-spacing-right-medium:3.84%;--awb-spacing-left-medium:3.84%;--awb-width-small:100%;--awb-order-small:0;--awb-spacing-right-small:1.92%;--awb-spacing-left-small:1.92%;\"><div class=\"fusion-column-wrapper fusion-column-has-shadow fusion-flex-justify-content-flex-start fusion-content-layout-column\"><div class=\"fusion-image-element \" style=\"--awb-caption-title-size:var(--h2_typography-font-size);--awb-caption-title-transform:var(--h2_typography-text-transform);--awb-caption-title-line-height:var(--h2_typography-line-height);--awb-caption-title-letter-spacing:var(--h2_typography-letter-spacing);\"><span class=\" fusion-imageframe imageframe-none imageframe-2 hover-type-none\"><img decoding=\"async\" width=\"767\" height=\"477\" alt=\"Future Generations In Class\" title=\"future-generations-class\" src=\"http:\/\/www.ubcmillwrights.ca\/wp-content\/uploads\/2023\/01\/future-generations-class.jpg\" class=\"img-responsive wp-image-1550\" srcset=\"https:\/\/www.ubcmillwrights.ca\/wp-content\/uploads\/2023\/01\/future-generations-class-200x124.jpg 200w, https:\/\/www.ubcmillwrights.ca\/wp-content\/uploads\/2023\/01\/future-generations-class-400x249.jpg 400w, https:\/\/www.ubcmillwrights.ca\/wp-content\/uploads\/2023\/01\/future-generations-class-600x373.jpg 600w, https:\/\/www.ubcmillwrights.ca\/wp-content\/uploads\/2023\/01\/future-generations-class.jpg 767w\" sizes=\"(max-width: 991px) 100vw, 600px\" \/><\/span><\/div><\/div><\/div><\/div><\/div><div class=\"fusion-fullwidth fullwidth-box fusion-builder-row-3 fusion-flex-container has-pattern-background has-mask-background hexagon-bgnd nonhundred-percent-fullwidth non-hundred-percent-height-scrolling\" style=\"--awb-border-radius-top-left:0px;--awb-border-radius-top-right:0px;--awb-border-radius-bottom-right:0px;--awb-border-radius-bottom-left:0px;--awb-padding-top:60px;--awb-padding-bottom:60px;--awb-padding-top-medium:30px;--awb-padding-bottom-medium:30px;--awb-background-color:var(--awb-color2);\" ><div class=\"fusion-builder-row fusion-row fusion-flex-align-items-flex-start\" style=\"max-width:1248px;margin-left: calc(-4% \/ 2 );margin-right: calc(-4% \/ 2 );\"><div class=\"fusion-layout-column fusion_builder_column fusion-builder-column-5 fusion_builder_column_1_2 1_2 fusion-flex-column\" style=\"--awb-bg-size:cover;--awb-width-large:50%;--awb-margin-top-large:0px;--awb-spacing-right-large:3.84%;--awb-margin-bottom-large:0px;--awb-spacing-left-large:3.84%;--awb-width-medium:50%;--awb-order-medium:0;--awb-spacing-right-medium:3.84%;--awb-spacing-left-medium:3.84%;--awb-width-small:100%;--awb-order-small:0;--awb-spacing-right-small:1.92%;--awb-spacing-left-small:1.92%;\"><div class=\"fusion-column-wrapper fusion-column-has-shadow fusion-flex-justify-content-flex-start fusion-content-layout-column\"><div class=\"fusion-image-element \" style=\"--awb-caption-title-size:var(--h2_typography-font-size);--awb-caption-title-transform:var(--h2_typography-text-transform);--awb-caption-title-line-height:var(--h2_typography-line-height);--awb-caption-title-letter-spacing:var(--h2_typography-letter-spacing);\"><span class=\" fusion-imageframe imageframe-none imageframe-3 hover-type-none\"><img decoding=\"async\" width=\"1071\" height=\"713\" title=\"UBC-Millwrights\" src=\"http:\/\/www.ubcmillwrights.ca\/wp-content\/uploads\/2022\/10\/UBC-Millwrights.jpg\" alt class=\"img-responsive wp-image-316\" srcset=\"https:\/\/www.ubcmillwrights.ca\/wp-content\/uploads\/2022\/10\/UBC-Millwrights-200x133.jpg 200w, https:\/\/www.ubcmillwrights.ca\/wp-content\/uploads\/2022\/10\/UBC-Millwrights-400x266.jpg 400w, https:\/\/www.ubcmillwrights.ca\/wp-content\/uploads\/2022\/10\/UBC-Millwrights-600x399.jpg 600w, https:\/\/www.ubcmillwrights.ca\/wp-content\/uploads\/2022\/10\/UBC-Millwrights-800x533.jpg 800w, https:\/\/www.ubcmillwrights.ca\/wp-content\/uploads\/2022\/10\/UBC-Millwrights.jpg 1071w\" sizes=\"(max-width: 991px) 100vw, 600px\" \/><\/span><\/div><\/div><\/div><div class=\"fusion-layout-column fusion_builder_column fusion-builder-column-6 fusion_builder_column_1_2 1_2 fusion-flex-column\" style=\"--awb-bg-size:cover;--awb-width-large:50%;--awb-margin-top-large:0px;--awb-spacing-right-large:3.84%;--awb-margin-bottom-large:0px;--awb-spacing-left-large:3.84%;--awb-width-medium:50%;--awb-order-medium:0;--awb-spacing-right-medium:3.84%;--awb-spacing-left-medium:3.84%;--awb-width-small:100%;--awb-order-small:0;--awb-spacing-right-small:1.92%;--awb-spacing-left-small:1.92%;\"><div class=\"fusion-column-wrapper fusion-column-has-shadow fusion-flex-justify-content-flex-start fusion-content-layout-column\"><div class=\"fusion-text fusion-text-5\"><h3 class=\"-capitalize -white\">Mission du Millwright Regional Council (MRC)<\/h3>\n<p class=\"-white\">Avec fiert\u00e9 dans notre histoire de plus de 72 ans, nous \u0153uvrons pour l&rsquo;\u00e9quit\u00e9 professionnelle et des salaires et avantages sociaux qui soutiennent la famille.<\/p>\n<p class=\"-white\">Nous ouvrons la voie en mati\u00e8re de formation, d&rsquo;\u00e9ducation et de repr\u00e9sentation de la prochaine g\u00e9n\u00e9ration de m\u00e9caniciens de industriels qualifi\u00e9s \u00e0 travers le Canada. Le Millwright Regional Council (MRC) fait de la formation d&rsquo;un professionnel complet sa priorit\u00e9 absolue : des m\u00e9caniciens qui ne sont pas seulement des experts techniques dans leur m\u00e9tier, mais qui font \u00e9galement preuve de qualit\u00e9s de communication et de leadership efficaces.<\/p>\n<p class=\"-white\">Notre mission est de rester forts avec nos membres et partenaires d&rsquo;affaires pour les aider \u00e0 atteindre le succ\u00e8s. L&rsquo;\u00e9ducation et la formation CRMI promeuvent le leadership, la comp\u00e9tence, la qualit\u00e9, la productivit\u00e9, la s\u00e9curit\u00e9 et l&rsquo;attitude dans le but de cr\u00e9er une culture constructive au sein de l&rsquo;industrie de la construction et de fournir une main-d&rsquo;\u0153uvre comp\u00e9titive pour nos entrepreneurs et propri\u00e9taires.<\/p>\n<\/div><\/div><\/div><\/div><\/div><div class=\"fusion-fullwidth fullwidth-box fusion-builder-row-4 fusion-flex-container has-pattern-background has-mask-background nonhundred-percent-fullwidth non-hundred-percent-height-scrolling\" style=\"--awb-border-radius-top-left:0px;--awb-border-radius-top-right:0px;--awb-border-radius-bottom-right:0px;--awb-border-radius-bottom-left:0px;--awb-padding-right-medium:0px;--awb-padding-left-medium:0px;--awb-background-color:var(--awb-color4);\" ><div class=\"fusion-builder-row fusion-row fusion-flex-align-items-flex-start\" style=\"max-width:1248px;margin-left: calc(-4% \/ 2 );margin-right: calc(-4% \/ 2 );\"><div class=\"fusion-layout-column fusion_builder_column fusion-builder-column-7 fusion_builder_column_1_1 1_1 fusion-flex-column\" style=\"--awb-padding-top:75px;--awb-padding-right:100px;--awb-padding-bottom:75px;--awb-padding-left:100px;--awb-padding-top-medium:45px;--awb-padding-right-medium:0px;--awb-padding-bottom-medium:45px;--awb-padding-left-medium:0px;--awb-bg-size:cover;--awb-width-large:100%;--awb-margin-top-large:0px;--awb-spacing-right-large:1.92%;--awb-margin-bottom-large:0px;--awb-spacing-left-large:1.92%;--awb-width-medium:100%;--awb-order-medium:0;--awb-spacing-right-medium:1.92%;--awb-spacing-left-medium:1.92%;--awb-width-small:100%;--awb-order-small:0;--awb-spacing-right-small:1.92%;--awb-spacing-left-small:1.92%;\"><div class=\"fusion-column-wrapper fusion-column-has-shadow fusion-flex-justify-content-flex-start fusion-content-layout-column\"><div class=\"fusion-testimonials clean fusion-testimonials-1\" style=\"--awb-textcolor:var(--awb-color1);--awb-backgroundcolor:var(--awb-color4);--awb-margin-right:0px;--awb-margin-left:0px;\" data-random=\"0\" data-speed=\"4000\" id=\"TestimonialSlide\"><div class=\"reviews\"><div class=\"review active-testimonial avatar-image\"><div class=\"testimonial-thumbnail\"><img decoding=\"async\" class=\"testimonial-image\" src=\"http:\/\/ubcmillwrights.ca\/wp-content\/uploads\/2023\/01\/ontario-power-generation.jpg\" width=\"360\" height=\"125\" alt=\"Ontario Power Generation\" \/><\/div><blockquote class=\"testimonials-shortcode-blockquote\"><q class=\"fusion-clearfix\">\n<h5 style=\"text-align: left;\">\u00ab Chez OPG, nous sommes impressionn\u00e9s par le professionnalisme que nous constatons chez les m\u00e9caniciens industriels qui sont d\u00e9ploy\u00e9s pour travailler dans nos installations. Cela t\u00e9moigne du temps n\u00e9cessaire pour les former afin qu\u2019ils deviennent des travailleurs qualifi\u00e9s qui sont fiers de leur travail. \u00bb<\/h5>\n<h6 style=\"text-align: left;\">Bill Owens<br \/>\nVPS, Remise en \u00e9tat | Remise en \u00e9tat de l\u2019\u00e9nergie nucl\u00e9aire, Ontario Power Generation<\/h6>\n<\/q><\/blockquote><div class=\"author\"><span class=\"company-name\"><\/span><\/div><\/div><div class=\"review avatar-image\"><div class=\"testimonial-thumbnail\"><img decoding=\"async\" class=\"testimonial-image\" src=\"http:\/\/ubcmillwrights.ca\/wp-content\/uploads\/2023\/01\/atlantic-power-maintenance.jpg\" width=\"360\" height=\"125\" alt=\"APM - Atlantic Power Maintenance\" \/><\/div><blockquote class=\"testimonials-shortcode-blockquote\"><q class=\"fusion-clearfix\">\n<h5 style=\"text-align: left;\">\u00ab Dans l\u2019environnement d\u2019aujourd\u2019hui, vous devez continuellement vous am\u00e9liorer. Les m\u00e9caniciens industriels de l\u2019UBC sont les personnes les plus qualifi\u00e9es qui peuvent se trouver sur un chantier. \u00bb<\/h5>\n<h6 style=\"text-align: left;\">Rick Rives<br \/>\nPr\u00e9sident, Atlantic Plant Maintenance<\/h6>\n<\/q><\/blockquote><div class=\"author\"><span class=\"company-name\"><\/span><\/div><\/div><div class=\"review avatar-image\"><div class=\"testimonial-thumbnail\"><img decoding=\"async\" class=\"testimonial-image\" src=\"http:\/\/ubcmillwrights.ca\/wp-content\/uploads\/2023\/01\/siemens-westinghouse-logos.jpg\" width=\"360\" height=\"125\" alt=\"Siemens Westinghouse\" \/><\/div><blockquote class=\"testimonials-shortcode-blockquote\"><q class=\"fusion-clearfix\">\n<h5 style=\"text-align: left;\">\u00ab Les \u00e9quipes de m\u00e9caniciens industriels de l\u2019UBC sont tr\u00e8s productives, avec peu de blessures non enregistrables et aucune blessure enregistrable. Pour l\u2019enregistrement de plus de 100 000 heures travaill\u00e9es sur le travail jusqu\u2019\u00e0 pr\u00e9sent, ce n\u2019est pas trop mal. \u00bb<\/h5>\n<h6 style=\"text-align: left;\">Michael F. McCormick<br \/>\nPr\u00e9sident, Siemens Westinghouse Generation Services<\/h6>\n<\/q><\/blockquote><div class=\"author\"><span class=\"company-name\"><\/span><\/div><\/div><div class=\"review avatar-image\"><div class=\"testimonial-thumbnail\"><img decoding=\"async\" class=\"testimonial-image\" src=\"http:\/\/ubcmillwrights.ca\/wp-content\/uploads\/2023\/01\/black-mcdonald-logo.jpg\" width=\"360\" height=\"125\" alt=\"Black &amp; McDonald\" \/><\/div><blockquote class=\"testimonials-shortcode-blockquote\"><q class=\"fusion-clearfix\">\n<h5 style=\"text-align: left;\">\u00ab Les \u00e9quipes de m\u00e9caniciens industriels de l\u2019UBC apportent une richesse de connaissances, de comp\u00e9tences et de professionnalisme au travail sur notre site, deux \u00e9l\u00e9ments tr\u00e8s appr\u00e9ci\u00e9s dans notre environnement nucl\u00e9aire o\u00f9 la s\u00e9curit\u00e9 et la qualit\u00e9 sont nos priorit\u00e9s absolues. \u00bb<\/h5>\n<h6 style=\"text-align: left;\">Murray Hoggart<br \/>\nDirecteur du site Darlington, Black &amp; McDonald<\/h6>\n<\/q><\/blockquote><div class=\"author\"><span class=\"company-name\"><\/span><\/div><\/div><div class=\"review avatar-image\"><div class=\"testimonial-thumbnail\"><img decoding=\"async\" class=\"testimonial-image\" src=\"http:\/\/ubcmillwrights.ca\/wp-content\/uploads\/2023\/01\/conveyor-specialities-logo.jpg\" width=\"360\" height=\"125\" alt=\"Conveyor Specialities\" \/><\/div><blockquote class=\"testimonials-shortcode-blockquote\"><q class=\"fusion-clearfix\">\n<h5 style=\"text-align: left;\">\u00ab La performance et les attitudes des m\u00e9caniciens industriels de l\u2019UBC que nous avons vues dans tout le pays ont \u00e9t\u00e9 excellentes. Ils travaillent dur et ils travaillent en toute s\u00e9curit\u00e9. \u00bb<\/h5>\n<h6 style=\"text-align: left;\">Chris Stevens<br \/>\nPropri\u00e9taire, Conveyor Specialties<\/h6>\n<\/q><\/blockquote><div class=\"author\"><span class=\"company-name\"><\/span><\/div><\/div><div class=\"review avatar-image\"><div class=\"testimonial-thumbnail\"><img decoding=\"async\" class=\"testimonial-image\" src=\"http:\/\/ubcmillwrights.ca\/wp-content\/uploads\/2023\/01\/newell-machinery-company.jpg\" width=\"360\" height=\"125\" alt=\"Newell Machinery Company\" \/><\/div><blockquote class=\"testimonials-shortcode-blockquote\"><q class=\"fusion-clearfix\">\n<h5 style=\"text-align: left;\">\u00ab Les m\u00e9caniciens industriels de l\u2019UBC nous ont fourni une ressource fantastique pour la main-d\u2019\u0153uvre et nous ont ouvert toutes sortes de possibilit\u00e9s auxquelles nous n\u2019avions pas acc\u00e8s auparavant. \u00bb<\/h5>\n<h6 style=\"text-align: left;\">Greg Moharin<br \/>\nVice-pr\u00e9sident, Newell Machinery<\/h6>\n<\/q><\/blockquote><div class=\"author\"><span class=\"company-name\"><\/span><\/div><\/div><div class=\"review avatar-image\"><div class=\"testimonial-thumbnail\"><img decoding=\"async\" class=\"testimonial-image\" src=\"http:\/\/ubcmillwrights.ca\/wp-content\/uploads\/2023\/01\/arnoff-logo.jpg\" width=\"360\" height=\"125\" alt=\"Arnoff\" \/><\/div><blockquote class=\"testimonials-shortcode-blockquote\"><q class=\"fusion-clearfix\">\n<h5 style=\"text-align: left;\">\u00ab Les \u00e9quipes de m\u00e9caniciens industriels de l\u2019UBC se sont tr\u00e8s bien comport\u00e9es et elles ont \u00e9t\u00e9 tr\u00e8s professionnelles. L\u2019UBC nous a fourni un niveau d\u2019expertise qui d\u00e9passe nos attentes. L\u2019atout le plus important est leur ensemble de comp\u00e9tences. La formation que l\u2019UBC offre aux m\u00e9caniciens industriels est digne d\u2019\u00e9loges. \u00bb<\/h5>\n<h6 style=\"text-align: left;\">Mike Arnoff<br \/>\nPropri\u00e9taire, Arnoff (Mechanical Equipment) Moving<\/h6>\n<\/q><\/blockquote><div class=\"author\"><span class=\"company-name\"><\/span><\/div><\/div><\/div><div class=\"testimonial-pagination\" id=\"fusion-testimonials-1\"><a href=\"#\" aria-label=\"Testimonial Pagination\"  class=\"activeSlide\"><\/a><a href=\"#\" aria-label=\"Testimonial Pagination\" ><\/a><a href=\"#\" aria-label=\"Testimonial Pagination\" ><\/a><a href=\"#\" aria-label=\"Testimonial Pagination\" ><\/a><a href=\"#\" aria-label=\"Testimonial Pagination\" ><\/a><a href=\"#\" aria-label=\"Testimonial Pagination\" ><\/a><a href=\"#\" aria-label=\"Testimonial Pagination\" ><\/a><\/div><\/div><\/div><\/div><\/div><\/div><\/p>\n","protected":false},"excerpt":{"rendered":"","protected":false},"author":2,"featured_media":0,"parent":0,"menu_order":1,"comment_status":"closed","ping_status":"closed","template":"100-width.php","meta":{"_acf_changed":false,"content-type":"","footnotes":"","_links_to":"","_links_to_target":""},"class_list":["post-384","page","type-page","status-publish","hentry"],"acf":[],"_links":{"self":[{"href":"https:\/\/www.ubcmillwrights.ca\/fr\/wp-json\/wp\/v2\/pages\/384","targetHints":{"allow":["GET"]}}],"collection":[{"href":"https:\/\/www.ubcmillwrights.ca\/fr\/wp-json\/wp\/v2\/pages"}],"about":[{"href":"https:\/\/www.ubcmillwrights.ca\/fr\/wp-json\/wp\/v2\/types\/page"}],"author":[{"embeddable":true,"href":"https:\/\/www.ubcmillwrights.ca\/fr\/wp-json\/wp\/v2\/users\/2"}],"replies":[{"embeddable":true,"href":"https:\/\/www.ubcmillwrights.ca\/fr\/wp-json\/wp\/v2\/comments?post=384"}],"version-history":[{"count":109,"href":"https:\/\/www.ubcmillwrights.ca\/fr\/wp-json\/wp\/v2\/pages\/384\/revisions"}],"predecessor-version":[{"id":7656,"href":"https:\/\/www.ubcmillwrights.ca\/fr\/wp-json\/wp\/v2\/pages\/384\/revisions\/7656"}],"wp:attachment":[{"href":"https:\/\/www.ubcmillwrights.ca\/fr\/wp-json\/wp\/v2\/media?parent=384"}],"curies":[{"name":"wp","href":"https:\/\/api.w.org\/{rel}","templated":true}]}}